{"id":3152,"date":"2021-03-09T11:46:31","date_gmt":"2021-03-09T11:46:31","guid":{"rendered":"https:\/\/distribuidorcintastesa.es\/?post_type=product&#038;p=3152"},"modified":"2021-12-03T14:09:42","modified_gmt":"2021-12-03T14:09:42","slug":"tesa-53799-gaffer-special-tissu-pe-solutions-reparation-et-disolation","status":"publish","type":"product","link":"https:\/\/distribuidorcintastesa.es\/fr\/producto\/tesa-53799-gaffer-special-tissu-pe-solutions-reparation-et-disolation\/","title":{"rendered":"Tesa\u00ae 53799 Gaffer sp\u00e9cial"},"content":{"rendered":"<h3>Tesa\u00ae 53799 Gaffer Sp\u00e9cial<\/h3>\n<p>Tesa 53799 Gaffer Sp\u00e9cial est un ruban textile enduit de poly\u00e9thyl\u00e8ne de haute qualit\u00e9. Il se compose d&rsquo;un support en tissu et d&rsquo;un treillis PET tiss\u00e9 \u00e0 80 fils enduits de PE avec un adh\u00e9sif en caoutchouc naturel sensible \u00e0 la pression.<br \/>\ntesa\u00ae 53799 est un ruban tiss\u00e9 tr\u00e8s r\u00e9sistant pour une grande vari\u00e9t\u00e9 d&rsquo;applications, principalement utilis\u00e9 dans l&rsquo;arm\u00e9e.<\/p>\n<p><strong>Caract\u00e9ristiques<\/strong>:<br \/>\n&#8211; Excellente adh\u00e9rence, m\u00eame sur des surfaces rugueuses<br \/>\n&#8211; Grande r\u00e9sistance \u00e0 la traction.<br \/>\n&#8211; Hydrofuge<br \/>\n&#8211; Adaptable<br \/>\n&#8211; Convient aux applications de r\u00e9paration et de construction.<br \/>\n&#8211; Existe en vert olive<\/p>\n<p><strong>Principales applications<\/strong><br \/>\nConvient \u00e0 une vari\u00e9t\u00e9 d&rsquo;applications de r\u00e9paration et de construction, y compris dans l&rsquo;arm\u00e9e, telles que :<br \/>\n&#8211; Emballage<br \/>\n&#8211; Attach\u00e9<br \/>\n&#8211; Fermeture, couverture et fixation<br \/>\n&#8211; R\u00e9paration de toiture<br \/>\n&#8211; \u00c9pissure des auvents<br \/>\n&#8211; Applications polyvalentes en agriculture<\/p>\n<p>&nbsp;<\/p>\n<p><img fetchpriority=\"high\" decoding=\"async\" class=\"alignnone wp-image-3160 size-medium\" src=\"https:\/\/distribuidorcintastesa.es\/wp-content\/uploads\/2021\/03\/TESA-53799_2-300x169.jpg\" alt=\"TESA 53799\" width=\"300\" height=\"169\" srcset=\"https:\/\/distribuidorcintastesa.es\/wp-content\/uploads\/2021\/03\/TESA-53799_2-300x169.jpg 300w, https:\/\/distribuidorcintastesa.es\/wp-content\/uploads\/2021\/03\/TESA-53799_2-600x338.jpg 600w, https:\/\/distribuidorcintastesa.es\/wp-content\/uploads\/2021\/03\/TESA-53799_2-64x36.jpg 64w, https:\/\/distribuidorcintastesa.es\/wp-content\/uploads\/2021\/03\/TESA-53799_2.jpg 608w\" sizes=\"(max-width: 300px) 100vw, 300px\" \/><\/p>\n<p><a href=\"https:\/\/www.youtube.com\/watch?v=b2Ue8HlQyZQ\" target=\"_blank\" rel=\"noopener\">Tesa\u00ae 53799 Gaffer sp\u00e9cial<\/a><\/p>\n<p>&nbsp;<\/p>\n<p><strong> Donn\u00e9es techniques Tesa 53799 Gaffer Sp\u00e9cial<\/strong><\/p>\n<table width=\"409\">\n<tbody>\n<tr>\n<td width=\"202\"><strong>Support<\/strong><\/td>\n<td width=\"207\">Tissu PE extrud\u00e9<\/td>\n<\/tr>\n<tr>\n<td><strong>\u00c9paisseur totale [\u00b5m]<\/strong><\/td>\n<td>310<\/td>\n<\/tr>\n<tr>\n<td><strong>Adh\u00e9sion \/ acier [N\/cm]<\/strong><\/td>\n<td>4,8<\/td>\n<\/tr>\n<tr>\n<td><strong>R\u00e9sist. Roture [N\/cm]<\/strong><\/td>\n<td>77<\/td>\n<\/tr>\n<\/tbody>\n<\/table>\n<table width=\"675\">\n<tbody>\n<tr>\n<td width=\"131\"><strong>PRODUIT<\/strong><\/td>\n<td width=\"131\"><strong>UNITE<\/strong><\/td>\n<td width=\"151\"><strong>EMBALLAGE<\/strong><\/td>\n<td width=\"131\"><strong>DIMENSIONS<\/strong><\/td>\n<td width=\"131\"><strong>COULEUR<\/strong><\/td>\n<\/tr>\n<tr>\n<td width=\"131\"><strong>53799<\/strong><\/td>\n<td width=\"131\">Rouleau<\/td>\n<td width=\"151\">18 Rouleaux\/Bo\u00eete<\/td>\n<td width=\"131\">50 mm x 50 mt<\/td>\n<td width=\"131\"><img decoding=\"async\" class=\"alignnone size-full wp-image-2996\" src=\"https:\/\/distribuidorcintastesa.es\/wp-content\/uploads\/2021\/02\/NEGRO_1.jpg\" alt=\"NEGRO_1\" width=\"38\" height=\"19\" \/><img decoding=\"async\" class=\"alignnone size-full wp-image-3164\" src=\"https:\/\/distribuidorcintastesa.es\/wp-content\/uploads\/2021\/03\/VERDE-OLIVA.jpg\" alt=\"VERDE OLIVA\" width=\"38\" height=\"19\" \/><\/td>\n<\/tr>\n<\/tbody>\n<\/table>\n<p><a href=\"https:\/\/distribuidorcintastesa.es\/fr\/catalogues\/\" target=\"_blank\" rel=\"noopener\">Catalogues TESA<\/a><\/p>\n","protected":false},"excerpt":{"rendered":"<p>Tesa\u00ae 53799 Gaffer Sp\u00e9cial Tesa 53799 Gaffer Sp\u00e9cial est un ruban textile enduit de poly\u00e9thyl\u00e8ne de haute qualit\u00e9. Il se compose d&rsquo;un support en tissu et d&rsquo;un treillis PET tiss\u00e9 \u00e0 80 fils enduits de PE avec un adh\u00e9sif en caoutchouc naturel sensible \u00e0 la pression. tesa\u00ae 53799 est un ruban tiss\u00e9 tr\u00e8s r\u00e9sistant pour [&hellip;]<\/p>\n","protected":false},"featured_media":3156,"template":"","meta":{"site-sidebar-layout":"default","site-content-layout":"","ast-site-content-layout":"default","site-content-style":"default","site-sidebar-style":"default","ast-global-header-display":"","ast-banner-title-visibility":"","ast-main-header-display":"","ast-hfb-above-header-display":"","ast-hfb-below-header-display":"","ast-hfb-mobile-header-display":"","site-post-title":"","ast-breadcrumbs-content":"","ast-featured-img":"","footer-sml-layout":"","ast-disable-related-posts":"","theme-transparent-header-meta":"","adv-header-id-meta":"","stick-header-meta":"","header-above-stick-meta":"","header-main-stick-meta":"","header-below-stick-meta":"","astra-migrate-meta-layouts":"default","ast-page-background-enabled":"default","ast-page-background-meta":{"desktop":{"background-color":"","background-image":"","background-repeat":"repeat","background-position":"center center","background-size":"auto","background-attachment":"scroll","background-type":"","background-media":"","overlay-type":"","overlay-color":"","overlay-opacity":"","overlay-gradient":""},"tablet":{"background-color":"","background-image":"","background-repeat":"repeat","background-position":"center center","background-size":"auto","background-attachment":"scroll","background-type":"","background-media":"","overlay-type":"","overlay-color":"","overlay-opacity":"","overlay-gradient":""},"mobile":{"background-color":"","background-image":"","background-repeat":"repeat","background-position":"center center","background-size":"auto","background-attachment":"scroll","background-type":"","background-media":"","overlay-type":"","overlay-color":"","overlay-opacity":"","overlay-gradient":""}},"ast-content-background-meta":{"desktop":{"background-color":"var(--ast-global-color-5)","background-image":"","background-repeat":"repeat","background-position":"center center","background-size":"auto","background-attachment":"scroll","background-type":"","background-media":"","overlay-type":"","overlay-color":"","overlay-opacity":"","overlay-gradient":""},"tablet":{"background-color":"var(--ast-global-color-5)","background-image":"","background-repeat":"repeat","background-position":"center center","background-size":"auto","background-attachment":"scroll","background-type":"","background-media":"","overlay-type":"","overlay-color":"","overlay-opacity":"","overlay-gradient":""},"mobile":{"background-color":"var(--ast-global-color-5)","background-image":"","background-repeat":"repeat","background-position":"center center","background-size":"auto","background-attachment":"scroll","background-type":"","background-media":"","overlay-type":"","overlay-color":"","overlay-opacity":"","overlay-gradient":""}}},"product_brand":[],"product_cat":[183,180],"product_tag":[],"class_list":{"0":"post-3152","1":"product","2":"type-product","3":"status-publish","4":"has-post-thumbnail","6":"product_cat-ruban-tisse-avec-pe-extrude","7":"product_cat-solutions-de-reparation-et-isolation","8":"desktop-align-center","9":"tablet-align-center","10":"mobile-align-center","12":"first","13":"instock","14":"shipping-taxable","15":"product-type-simple"},"yoast_head":"<!-- This site is optimized with the Yoast SEO Premium plugin v27.2 (Yoast SEO v27.2) - https:\/\/yoast.com\/product\/yoast-seo-premium-wordpress\/ -->\n<title>Tesa 53799 Gaffer sp\u00e9cial Tissu PE Solutions r\u00e9paration et d&#039;isolation<\/title>\n<meta name=\"description\" content=\"Tesa 53799 Gaffer sp\u00e9cial Tissu PE extrud\u00e9 Solutions de r\u00e9paration et d&#039;isolation. Disponible dans notre magasin online\" \/>\n<meta name=\"robots\" content=\"index, follow, max-snippet:-1, max-image-preview:large, max-video-preview:-1\" \/>\n<link rel=\"canonical\" href=\"https:\/\/distribuidorcintastesa.es\/fr\/producto\/tesa-53799-gaffer-special-tissu-pe-solutions-reparation-et-disolation\/\" \/>\n<meta property=\"og:locale\" content=\"fr_FR\" \/>\n<meta property=\"og:type\" content=\"article\" \/>\n<meta property=\"og:title\" content=\"Tesa\u00ae 53799 Gaffer sp\u00e9cial\" \/>\n<meta property=\"og:description\" content=\"Tesa 53799 Gaffer sp\u00e9cial Tissu PE extrud\u00e9 Solutions de r\u00e9paration et d&#039;isolation. Disponible dans notre magasin online\" \/>\n<meta property=\"og:url\" content=\"https:\/\/distribuidorcintastesa.es\/fr\/producto\/tesa-53799-gaffer-special-tissu-pe-solutions-reparation-et-disolation\/\" \/>\n<meta property=\"og:site_name\" content=\"Distribuidor de cintas tesa, cintas tesa, tesa cintas, distribuidor tesa, tesa productos, productos tesa, tesa distribuidores, http:\/\/www.http:\/\/distribuidorcintas3m.es, Mejores ofertas en cintas\" \/>\n<meta property=\"article:modified_time\" content=\"2021-12-03T14:09:42+00:00\" \/>\n<meta property=\"og:image\" content=\"https:\/\/distribuidorcintastesa.es\/wp-content\/uploads\/2021\/03\/TESA-53799_3.jpg\" \/>\n\t<meta property=\"og:image:width\" content=\"800\" \/>\n\t<meta property=\"og:image:height\" content=\"800\" \/>\n\t<meta property=\"og:image:type\" content=\"image\/jpeg\" \/>\n<meta name=\"twitter:card\" content=\"summary_large_image\" \/>\n<meta name=\"twitter:label1\" content=\"Dur\u00e9e de lecture estim\u00e9e\" \/>\n\t<meta name=\"twitter:data1\" content=\"1 minute\" \/>\n<script type=\"application\/ld+json\" class=\"yoast-schema-graph\">{\"@context\":\"https:\/\/schema.org\",\"@graph\":[{\"@type\":\"WebPage\",\"@id\":\"https:\/\/distribuidorcintastesa.es\/fr\/producto\/tesa-53799-gaffer-special-tissu-pe-solutions-reparation-et-disolation\/\",\"url\":\"https:\/\/distribuidorcintastesa.es\/fr\/producto\/tesa-53799-gaffer-special-tissu-pe-solutions-reparation-et-disolation\/\",\"name\":\"Tesa 53799 Gaffer sp\u00e9cial Tissu PE Solutions r\u00e9paration et d'isolation\",\"isPartOf\":{\"@id\":\"https:\/\/distribuidorcintastesa.es\/fr\/#website\"},\"primaryImageOfPage\":{\"@id\":\"https:\/\/distribuidorcintastesa.es\/fr\/producto\/tesa-53799-gaffer-special-tissu-pe-solutions-reparation-et-disolation\/#primaryimage\"},\"image\":{\"@id\":\"https:\/\/distribuidorcintastesa.es\/fr\/producto\/tesa-53799-gaffer-special-tissu-pe-solutions-reparation-et-disolation\/#primaryimage\"},\"thumbnailUrl\":\"https:\/\/distribuidorcintastesa.es\/wp-content\/uploads\/2021\/03\/TESA-53799_3.jpg\",\"datePublished\":\"2021-03-09T11:46:31+00:00\",\"dateModified\":\"2021-12-03T14:09:42+00:00\",\"description\":\"Tesa 53799 Gaffer sp\u00e9cial Tissu PE extrud\u00e9 Solutions de r\u00e9paration et d'isolation. Disponible dans notre magasin online\",\"breadcrumb\":{\"@id\":\"https:\/\/distribuidorcintastesa.es\/fr\/producto\/tesa-53799-gaffer-special-tissu-pe-solutions-reparation-et-disolation\/#breadcrumb\"},\"inLanguage\":\"fr-FR\",\"potentialAction\":[{\"@type\":\"ReadAction\",\"target\":[\"https:\/\/distribuidorcintastesa.es\/fr\/producto\/tesa-53799-gaffer-special-tissu-pe-solutions-reparation-et-disolation\/\"]}]},{\"@type\":\"ImageObject\",\"inLanguage\":\"fr-FR\",\"@id\":\"https:\/\/distribuidorcintastesa.es\/fr\/producto\/tesa-53799-gaffer-special-tissu-pe-solutions-reparation-et-disolation\/#primaryimage\",\"url\":\"https:\/\/distribuidorcintastesa.es\/wp-content\/uploads\/2021\/03\/TESA-53799_3.jpg\",\"contentUrl\":\"https:\/\/distribuidorcintastesa.es\/wp-content\/uploads\/2021\/03\/TESA-53799_3.jpg\",\"width\":800,\"height\":800,\"caption\":\"TESA 53799\"},{\"@type\":\"BreadcrumbList\",\"@id\":\"https:\/\/distribuidorcintastesa.es\/fr\/producto\/tesa-53799-gaffer-special-tissu-pe-solutions-reparation-et-disolation\/#breadcrumb\",\"itemListElement\":[{\"@type\":\"ListItem\",\"position\":1,\"name\":\"Portada\",\"item\":\"https:\/\/distribuidorcintastesa.es\/fr\/\"},{\"@type\":\"ListItem\",\"position\":2,\"name\":\"Produits\",\"item\":\"https:\/\/distribuidorcintastesa.es\/fr\/produits\/\"},{\"@type\":\"ListItem\",\"position\":3,\"name\":\"Tesa\u00ae 53799 Gaffer sp\u00e9cial\"}]},{\"@type\":\"WebSite\",\"@id\":\"https:\/\/distribuidorcintastesa.es\/fr\/#website\",\"url\":\"https:\/\/distribuidorcintastesa.es\/fr\/\",\"name\":\"Distribuidor de cintas tesa\",\"description\":\"Distribuidor de cintas tesa, cintas tesa, tesa cintas, distribuidor tesa, tesa productos, productos tesa, tesa distribuidores, cintas y adhesivos, tesa cinta doble cara, cinta tesa doble cara, adhesivos tesa, cinta antideslizante, velcro tesa, cinta reflectante, tesa supergen, softprint, cinta doble cara tesa, selladores y adhesivos, cintas adhesivas de doble cara, cintas de aluminio, cintas de vinilo para se\u00f1alizaci\u00f3n, cintas de tela americanas, cintas de papel para enmascarar, cintas para embalaje\",\"publisher\":{\"@id\":\"https:\/\/distribuidorcintastesa.es\/fr\/#organization\"},\"potentialAction\":[{\"@type\":\"SearchAction\",\"target\":{\"@type\":\"EntryPoint\",\"urlTemplate\":\"https:\/\/distribuidorcintastesa.es\/fr\/?s={search_term_string}\"},\"query-input\":{\"@type\":\"PropertyValueSpecification\",\"valueRequired\":true,\"valueName\":\"search_term_string\"}}],\"inLanguage\":\"fr-FR\"},{\"@type\":\"Organization\",\"@id\":\"https:\/\/distribuidorcintastesa.es\/fr\/#organization\",\"name\":\"Distribuidor de cintas tesa\",\"url\":\"https:\/\/distribuidorcintastesa.es\/fr\/\",\"logo\":{\"@type\":\"ImageObject\",\"inLanguage\":\"fr-FR\",\"@id\":\"https:\/\/distribuidorcintastesa.es\/fr\/#\/schema\/logo\/image\/\",\"url\":\"https:\/\/distribuidorcintastesa.es\/wp-content\/uploads\/2022\/10\/logo-espanol-portugues.png\",\"contentUrl\":\"https:\/\/distribuidorcintastesa.es\/wp-content\/uploads\/2022\/10\/logo-espanol-portugues.png\",\"width\":871,\"height\":142,\"caption\":\"Distribuidor de cintas tesa\"},\"image\":{\"@id\":\"https:\/\/distribuidorcintastesa.es\/fr\/#\/schema\/logo\/image\/\"},\"sameAs\":[\"https:\/\/muralsrd.com\/\",\"https:\/\/solbi-mural.com\/es\/\",\"https:\/\/distribuidor-cintas-adhesivas.es\",\"https:\/\/www.instagram.com\/solbimural\/?igsh=ZnR6ZmkzZm1ubWhl\"]}]}<\/script>\n<!-- \/ Yoast SEO Premium plugin. -->","yoast_head_json":{"title":"Tesa 53799 Gaffer sp\u00e9cial Tissu PE Solutions r\u00e9paration et d'isolation","description":"Tesa 53799 Gaffer sp\u00e9cial Tissu PE extrud\u00e9 Solutions de r\u00e9paration et d'isolation. Disponible dans notre magasin online","robots":{"index":"index","follow":"follow","max-snippet":"max-snippet:-1","max-image-preview":"max-image-preview:large","max-video-preview":"max-video-preview:-1"},"canonical":"https:\/\/distribuidorcintastesa.es\/fr\/producto\/tesa-53799-gaffer-special-tissu-pe-solutions-reparation-et-disolation\/","og_locale":"fr_FR","og_type":"article","og_title":"Tesa\u00ae 53799 Gaffer sp\u00e9cial","og_description":"Tesa 53799 Gaffer sp\u00e9cial Tissu PE extrud\u00e9 Solutions de r\u00e9paration et d'isolation. Disponible dans notre magasin online","og_url":"https:\/\/distribuidorcintastesa.es\/fr\/producto\/tesa-53799-gaffer-special-tissu-pe-solutions-reparation-et-disolation\/","og_site_name":"Distribuidor de cintas tesa, cintas tesa, tesa cintas, distribuidor tesa, tesa productos, productos tesa, tesa distribuidores, http:\/\/www.http:\/\/distribuidorcintas3m.es, Mejores ofertas en cintas","article_modified_time":"2021-12-03T14:09:42+00:00","og_image":[{"width":800,"height":800,"url":"https:\/\/distribuidorcintastesa.es\/wp-content\/uploads\/2021\/03\/TESA-53799_3.jpg","type":"image\/jpeg"}],"twitter_card":"summary_large_image","twitter_misc":{"Dur\u00e9e de lecture estim\u00e9e":"1 minute"},"schema":{"@context":"https:\/\/schema.org","@graph":[{"@type":"WebPage","@id":"https:\/\/distribuidorcintastesa.es\/fr\/producto\/tesa-53799-gaffer-special-tissu-pe-solutions-reparation-et-disolation\/","url":"https:\/\/distribuidorcintastesa.es\/fr\/producto\/tesa-53799-gaffer-special-tissu-pe-solutions-reparation-et-disolation\/","name":"Tesa 53799 Gaffer sp\u00e9cial Tissu PE Solutions r\u00e9paration et d'isolation","isPartOf":{"@id":"https:\/\/distribuidorcintastesa.es\/fr\/#website"},"primaryImageOfPage":{"@id":"https:\/\/distribuidorcintastesa.es\/fr\/producto\/tesa-53799-gaffer-special-tissu-pe-solutions-reparation-et-disolation\/#primaryimage"},"image":{"@id":"https:\/\/distribuidorcintastesa.es\/fr\/producto\/tesa-53799-gaffer-special-tissu-pe-solutions-reparation-et-disolation\/#primaryimage"},"thumbnailUrl":"https:\/\/distribuidorcintastesa.es\/wp-content\/uploads\/2021\/03\/TESA-53799_3.jpg","datePublished":"2021-03-09T11:46:31+00:00","dateModified":"2021-12-03T14:09:42+00:00","description":"Tesa 53799 Gaffer sp\u00e9cial Tissu PE extrud\u00e9 Solutions de r\u00e9paration et d'isolation. Disponible dans notre magasin online","breadcrumb":{"@id":"https:\/\/distribuidorcintastesa.es\/fr\/producto\/tesa-53799-gaffer-special-tissu-pe-solutions-reparation-et-disolation\/#breadcrumb"},"inLanguage":"fr-FR","potentialAction":[{"@type":"ReadAction","target":["https:\/\/distribuidorcintastesa.es\/fr\/producto\/tesa-53799-gaffer-special-tissu-pe-solutions-reparation-et-disolation\/"]}]},{"@type":"ImageObject","inLanguage":"fr-FR","@id":"https:\/\/distribuidorcintastesa.es\/fr\/producto\/tesa-53799-gaffer-special-tissu-pe-solutions-reparation-et-disolation\/#primaryimage","url":"https:\/\/distribuidorcintastesa.es\/wp-content\/uploads\/2021\/03\/TESA-53799_3.jpg","contentUrl":"https:\/\/distribuidorcintastesa.es\/wp-content\/uploads\/2021\/03\/TESA-53799_3.jpg","width":800,"height":800,"caption":"TESA 53799"},{"@type":"BreadcrumbList","@id":"https:\/\/distribuidorcintastesa.es\/fr\/producto\/tesa-53799-gaffer-special-tissu-pe-solutions-reparation-et-disolation\/#breadcrumb","itemListElement":[{"@type":"ListItem","position":1,"name":"Portada","item":"https:\/\/distribuidorcintastesa.es\/fr\/"},{"@type":"ListItem","position":2,"name":"Produits","item":"https:\/\/distribuidorcintastesa.es\/fr\/produits\/"},{"@type":"ListItem","position":3,"name":"Tesa\u00ae 53799 Gaffer sp\u00e9cial"}]},{"@type":"WebSite","@id":"https:\/\/distribuidorcintastesa.es\/fr\/#website","url":"https:\/\/distribuidorcintastesa.es\/fr\/","name":"Distribuidor de cintas tesa","description":"Distribuidor de cintas tesa, cintas tesa, tesa cintas, distribuidor tesa, tesa productos, productos tesa, tesa distribuidores, cintas y adhesivos, tesa cinta doble cara, cinta tesa doble cara, adhesivos tesa, cinta antideslizante, velcro tesa, cinta reflectante, tesa supergen, softprint, cinta doble cara tesa, selladores y adhesivos, cintas adhesivas de doble cara, cintas de aluminio, cintas de vinilo para se\u00f1alizaci\u00f3n, cintas de tela americanas, cintas de papel para enmascarar, cintas para embalaje","publisher":{"@id":"https:\/\/distribuidorcintastesa.es\/fr\/#organization"},"potentialAction":[{"@type":"SearchAction","target":{"@type":"EntryPoint","urlTemplate":"https:\/\/distribuidorcintastesa.es\/fr\/?s={search_term_string}"},"query-input":{"@type":"PropertyValueSpecification","valueRequired":true,"valueName":"search_term_string"}}],"inLanguage":"fr-FR"},{"@type":"Organization","@id":"https:\/\/distribuidorcintastesa.es\/fr\/#organization","name":"Distribuidor de cintas tesa","url":"https:\/\/distribuidorcintastesa.es\/fr\/","logo":{"@type":"ImageObject","inLanguage":"fr-FR","@id":"https:\/\/distribuidorcintastesa.es\/fr\/#\/schema\/logo\/image\/","url":"https:\/\/distribuidorcintastesa.es\/wp-content\/uploads\/2022\/10\/logo-espanol-portugues.png","contentUrl":"https:\/\/distribuidorcintastesa.es\/wp-content\/uploads\/2022\/10\/logo-espanol-portugues.png","width":871,"height":142,"caption":"Distribuidor de cintas tesa"},"image":{"@id":"https:\/\/distribuidorcintastesa.es\/fr\/#\/schema\/logo\/image\/"},"sameAs":["https:\/\/muralsrd.com\/","https:\/\/solbi-mural.com\/es\/","https:\/\/distribuidor-cintas-adhesivas.es","https:\/\/www.instagram.com\/solbimural\/?igsh=ZnR6ZmkzZm1ubWhl"]}]}},"_links":{"self":[{"href":"https:\/\/distribuidorcintastesa.es\/fr\/wp-json\/wp\/v2\/product\/3152","targetHints":{"allow":["GET"]}}],"collection":[{"href":"https:\/\/distribuidorcintastesa.es\/fr\/wp-json\/wp\/v2\/product"}],"about":[{"href":"https:\/\/distribuidorcintastesa.es\/fr\/wp-json\/wp\/v2\/types\/product"}],"wp:featuredmedia":[{"embeddable":true,"href":"https:\/\/distribuidorcintastesa.es\/fr\/wp-json\/wp\/v2\/media\/3156"}],"wp:attachment":[{"href":"https:\/\/distribuidorcintastesa.es\/fr\/wp-json\/wp\/v2\/media?parent=3152"}],"wp:term":[{"taxonomy":"product_brand","embeddable":true,"href":"https:\/\/distribuidorcintastesa.es\/fr\/wp-json\/wp\/v2\/product_brand?post=3152"},{"taxonomy":"product_cat","embeddable":true,"href":"https:\/\/distribuidorcintastesa.es\/fr\/wp-json\/wp\/v2\/product_cat?post=3152"},{"taxonomy":"product_tag","embeddable":true,"href":"https:\/\/distribuidorcintastesa.es\/fr\/wp-json\/wp\/v2\/product_tag?post=3152"}],"curies":[{"name":"wp","href":"https:\/\/api.w.org\/{rel}","templated":true}]}}