{"id":2894,"date":"2021-03-02T11:46:52","date_gmt":"2021-03-02T11:46:53","guid":{"rendered":"https:\/\/distribuidorcintastesa.es\/?post_type=product&#038;p=2894"},"modified":"2021-11-04T15:43:33","modified_gmt":"2021-11-04T15:43:33","slug":"tesa-60040-nettoyant-industriel-en-aerosol","status":"publish","type":"product","link":"https:\/\/distribuidorcintastesa.es\/fr\/producto\/tesa-60040-nettoyant-industriel-en-aerosol\/","title":{"rendered":"Tesa\u00ae 60040 Nettoyant industriel en a\u00e9rosol"},"content":{"rendered":"<h4><strong>Tesa\u00ae 60040 Nettoyant industriel en a\u00e9rosol<\/strong><\/h4>\n<p>Tesa 60040 Nettoyant industriel en a\u00e9rosol est un produit polyvalent pour un nettoyage rapide et facile des machines, des pi\u00e8ces en plastique, du verre et des m\u00e9taux. Des surfaces propres permettent une adh\u00e9rence optimale avec les adh\u00e9sifs en spray tesa\u00ae.<\/p>\n<p>&#8211; Excellents r\u00e9sultats de nettoyage sur les machines et sur de multiples surfaces telles que le plastique et le m\u00e9tal.<br \/>\n&#8211; Nettoie m\u00eame les taches tenaces telles que les r\u00e9sidus de cire, d&rsquo;huile, de graisse, de caoutchouc et de silicone<br \/>\n&#8211; Il s&rsquo;\u00e9vapore sans laisser de r\u00e9sidus et laisse un ar\u00f4me agr\u00e9able<br \/>\n&#8211; Atteindre des endroits profonds et difficiles d&rsquo;acc\u00e8s<br \/>\n&#8211; A base de LIMONENE issu de mati\u00e8re premi\u00e8re naturelle<br \/>\n&#8211; Sans silicone ni solvants chlor\u00e9s<br \/>\n&#8211; Pr\u00e9parer les surfaces pour une parfaite adh\u00e9rence des rubans adh\u00e9sifs.<\/p>\n<p><strong>Applications principales Tesa 60040 Nettoyant industriel en a\u00e9rosol<\/strong><br \/>\n&#8211; Applications industrielles en g\u00e9n\u00e9ral<br \/>\n&#8211; Utilisation dans les usines et les usines de production.<br \/>\n&#8211; Toutes sortes d&rsquo;artisanat<br \/>\n&#8211; L&rsquo;industrie automobile<br \/>\n&#8211; Convient pour le nettoyage des machines dans les ateliers et \u00e0 la maison.<\/p>\n<p><strong>Information additionnelle<\/strong><br \/>\nLisez attentivement les informations de s\u00e9curit\u00e9 sur le flacon.<br \/>\nBien agiter avant de servir<br \/>\nAppliquer une couche g\u00e9n\u00e9reuse sur la surface \u00e0 nettoyer et laisser agir quelques instants<br \/>\nEssuyer avec un chiffon propre<br \/>\nContient &gt; 30% d&rsquo;hydrocarbures aliphatiques et de LIMONENE selon le D\u00e9cret (CE) no. 648\/2004, sur les d\u00e9tergents<\/p>\n<p>&nbsp;<\/p>\n<p><img fetchpriority=\"high\" decoding=\"async\" class=\"alignnone wp-image-2898 size-medium\" src=\"https:\/\/distribuidorcintastesa.es\/wp-content\/uploads\/2021\/03\/tesa-60040_2-300x200.jpg\" alt=\"Tesa 60040 Nettoyant industriel en a\u00e9rosol\" width=\"300\" height=\"200\" srcset=\"https:\/\/distribuidorcintastesa.es\/wp-content\/uploads\/2021\/03\/tesa-60040_2-300x200.jpg 300w, https:\/\/distribuidorcintastesa.es\/wp-content\/uploads\/2021\/03\/tesa-60040_2-64x43.jpg 64w, https:\/\/distribuidorcintastesa.es\/wp-content\/uploads\/2021\/03\/tesa-60040_2.jpg 513w\" sizes=\"(max-width: 300px) 100vw, 300px\" \/><\/p>\n<p><a href=\"https:\/\/www.youtube.com\/watch?v=eYYauSXGs3Q\" target=\"_blank\" rel=\"noopener\">Tesa\u00ae 60040 Nettoyant industriel en a\u00e9rosol<\/a><\/p>\n<p>&nbsp;<\/p>\n<p><strong> Donn\u00e9es techniques<\/strong><\/p>\n<table width=\"400\">\n<tbody>\n<tr>\n<td width=\"202\"><strong>Base<\/strong><\/td>\n<td width=\"198\">Hydrocarbures aliphatiques et citronnier<\/td>\n<\/tr>\n<tr>\n<td><strong>Couleur<\/strong><\/td>\n<td>Transparent<\/td>\n<\/tr>\n<tr>\n<td><strong>Contenu<\/strong><\/td>\n<td>500 ml<\/td>\n<\/tr>\n<\/tbody>\n<\/table>\n<table width=\"544\">\n<tbody>\n<tr>\n<td width=\"131\"><strong>PRODUIT<\/strong><\/td>\n<td width=\"131\"><strong>UNITE<\/strong><\/td>\n<td width=\"151\"><strong>EMBALLAGE<\/strong><\/td>\n<td width=\"131\"><strong>COULEUR<\/strong><\/td>\n<\/tr>\n<tr>\n<td width=\"131\"><strong>60040<\/strong><\/td>\n<td width=\"131\">Pot<\/td>\n<td width=\"151\">12 Pots\/Bo\u00eete<\/td>\n<td width=\"131\"><img decoding=\"async\" class=\"alignnone size-full wp-image-4415\" src=\"https:\/\/distribuidorcintastesa.es\/wp-content\/uploads\/2021\/10\/Transparente.jpg\" alt=\"\" width=\"38\" height=\"19\" \/><\/td>\n<\/tr>\n<\/tbody>\n<\/table>\n","protected":false},"excerpt":{"rendered":"<p>Tesa\u00ae 60040 Nettoyant industriel en a\u00e9rosol Tesa 60040 Nettoyant industriel en a\u00e9rosol est un produit polyvalent pour un nettoyage rapide et facile des machines, des pi\u00e8ces en plastique, du verre et des m\u00e9taux. Des surfaces propres permettent une adh\u00e9rence optimale avec les adh\u00e9sifs en spray tesa\u00ae. &#8211; Excellents r\u00e9sultats de nettoyage sur les machines et [&hellip;]<\/p>\n","protected":false},"featured_media":2902,"template":"","meta":{"site-sidebar-layout":"default","site-content-layout":"","ast-site-content-layout":"default","site-content-style":"default","site-sidebar-style":"default","ast-global-header-display":"","ast-banner-title-visibility":"","ast-main-header-display":"","ast-hfb-above-header-display":"","ast-hfb-below-header-display":"","ast-hfb-mobile-header-display":"","site-post-title":"","ast-breadcrumbs-content":"","ast-featured-img":"","footer-sml-layout":"","ast-disable-related-posts":"","theme-transparent-header-meta":"","adv-header-id-meta":"","stick-header-meta":"","header-above-stick-meta":"","header-main-stick-meta":"","header-below-stick-meta":"","astra-migrate-meta-layouts":"default","ast-page-background-enabled":"default","ast-page-background-meta":{"desktop":{"background-color":"","background-image":"","background-repeat":"repeat","background-position":"center center","background-size":"auto","background-attachment":"scroll","background-type":"","background-media":"","overlay-type":"","overlay-color":"","overlay-opacity":"","overlay-gradient":""},"tablet":{"background-color":"","background-image":"","background-repeat":"repeat","background-position":"center center","background-size":"auto","background-attachment":"scroll","background-type":"","background-media":"","overlay-type":"","overlay-color":"","overlay-opacity":"","overlay-gradient":""},"mobile":{"background-color":"","background-image":"","background-repeat":"repeat","background-position":"center center","background-size":"auto","background-attachment":"scroll","background-type":"","background-media":"","overlay-type":"","overlay-color":"","overlay-opacity":"","overlay-gradient":""}},"ast-content-background-meta":{"desktop":{"background-color":"var(--ast-global-color-5)","background-image":"","background-repeat":"repeat","background-position":"center center","background-size":"auto","background-attachment":"scroll","background-type":"","background-media":"","overlay-type":"","overlay-color":"","overlay-opacity":"","overlay-gradient":""},"tablet":{"background-color":"var(--ast-global-color-5)","background-image":"","background-repeat":"repeat","background-position":"center center","background-size":"auto","background-attachment":"scroll","background-type":"","background-media":"","overlay-type":"","overlay-color":"","overlay-opacity":"","overlay-gradient":""},"mobile":{"background-color":"var(--ast-global-color-5)","background-image":"","background-repeat":"repeat","background-position":"center center","background-size":"auto","background-attachment":"scroll","background-type":"","background-media":"","overlay-type":"","overlay-color":"","overlay-opacity":"","overlay-gradient":""}}},"product_brand":[],"product_cat":[179,172],"product_tag":[],"class_list":{"0":"post-2894","1":"product","2":"type-product","3":"status-publish","4":"has-post-thumbnail","6":"product_cat-adhesifs-et-nettoyants-en-spray","7":"product_cat-solutions-de-fixation","8":"desktop-align-center","9":"tablet-align-center","10":"mobile-align-center","12":"first","13":"instock","14":"shipping-taxable","15":"product-type-simple"},"yoast_head":"<!-- This site is optimized with the Yoast SEO Premium plugin v27.2 (Yoast SEO v27.2) - https:\/\/yoast.com\/product\/yoast-seo-premium-wordpress\/ -->\n<title>Tesa 60040 Nettoyant industriel en a\u00e9rosol - solution de fixation<\/title>\n<meta name=\"description\" content=\"Tesa 60040 Nettoyant industriel en a\u00e9rosol. Excellents r\u00e9sultats de nettoyage. Disponible dans notre magasin online.\" \/>\n<meta name=\"robots\" content=\"index, follow, max-snippet:-1, max-image-preview:large, max-video-preview:-1\" \/>\n<link rel=\"canonical\" href=\"https:\/\/distribuidorcintastesa.es\/fr\/producto\/tesa-60040-nettoyant-industriel-en-aerosol\/\" \/>\n<meta property=\"og:locale\" content=\"fr_FR\" \/>\n<meta property=\"og:type\" content=\"article\" \/>\n<meta property=\"og:title\" content=\"Tesa\u00ae 60040 Nettoyant industriel en a\u00e9rosol\" \/>\n<meta property=\"og:description\" content=\"Tesa 60040 Nettoyant industriel en a\u00e9rosol. Excellents r\u00e9sultats de nettoyage. Disponible dans notre magasin online.\" \/>\n<meta property=\"og:url\" content=\"https:\/\/distribuidorcintastesa.es\/fr\/producto\/tesa-60040-nettoyant-industriel-en-aerosol\/\" \/>\n<meta property=\"og:site_name\" content=\"Distribuidor de cintas tesa, cintas tesa, tesa cintas, distribuidor tesa, tesa productos, productos tesa, tesa distribuidores, http:\/\/www.http:\/\/distribuidorcintas3m.es, Mejores ofertas en cintas\" \/>\n<meta property=\"article:modified_time\" content=\"2021-11-04T15:43:33+00:00\" \/>\n<meta property=\"og:image\" content=\"https:\/\/distribuidorcintastesa.es\/wp-content\/uploads\/2021\/03\/tesa-60040_3.jpg\" \/>\n\t<meta property=\"og:image:width\" content=\"470\" \/>\n\t<meta property=\"og:image:height\" content=\"470\" \/>\n\t<meta property=\"og:image:type\" content=\"image\/jpeg\" \/>\n<meta name=\"twitter:card\" content=\"summary_large_image\" \/>\n<meta name=\"twitter:label1\" content=\"Dur\u00e9e de lecture estim\u00e9e\" \/>\n\t<meta name=\"twitter:data1\" content=\"2 minutes\" \/>\n<script type=\"application\/ld+json\" class=\"yoast-schema-graph\">{\"@context\":\"https:\/\/schema.org\",\"@graph\":[{\"@type\":\"WebPage\",\"@id\":\"https:\/\/distribuidorcintastesa.es\/fr\/producto\/tesa-60040-nettoyant-industriel-en-aerosol\/\",\"url\":\"https:\/\/distribuidorcintastesa.es\/fr\/producto\/tesa-60040-nettoyant-industriel-en-aerosol\/\",\"name\":\"Tesa 60040 Nettoyant industriel en a\u00e9rosol - solution de fixation\",\"isPartOf\":{\"@id\":\"https:\/\/distribuidorcintastesa.es\/fr\/#website\"},\"primaryImageOfPage\":{\"@id\":\"https:\/\/distribuidorcintastesa.es\/fr\/producto\/tesa-60040-nettoyant-industriel-en-aerosol\/#primaryimage\"},\"image\":{\"@id\":\"https:\/\/distribuidorcintastesa.es\/fr\/producto\/tesa-60040-nettoyant-industriel-en-aerosol\/#primaryimage\"},\"thumbnailUrl\":\"https:\/\/distribuidorcintastesa.es\/wp-content\/uploads\/2021\/03\/tesa-60040_3.jpg\",\"datePublished\":\"2021-03-02T11:46:53+00:00\",\"dateModified\":\"2021-11-04T15:43:33+00:00\",\"description\":\"Tesa 60040 Nettoyant industriel en a\u00e9rosol. Excellents r\u00e9sultats de nettoyage. Disponible dans notre magasin online.\",\"breadcrumb\":{\"@id\":\"https:\/\/distribuidorcintastesa.es\/fr\/producto\/tesa-60040-nettoyant-industriel-en-aerosol\/#breadcrumb\"},\"inLanguage\":\"fr-FR\",\"potentialAction\":[{\"@type\":\"ReadAction\",\"target\":[\"https:\/\/distribuidorcintastesa.es\/fr\/producto\/tesa-60040-nettoyant-industriel-en-aerosol\/\"]}]},{\"@type\":\"ImageObject\",\"inLanguage\":\"fr-FR\",\"@id\":\"https:\/\/distribuidorcintastesa.es\/fr\/producto\/tesa-60040-nettoyant-industriel-en-aerosol\/#primaryimage\",\"url\":\"https:\/\/distribuidorcintastesa.es\/wp-content\/uploads\/2021\/03\/tesa-60040_3.jpg\",\"contentUrl\":\"https:\/\/distribuidorcintastesa.es\/wp-content\/uploads\/2021\/03\/tesa-60040_3.jpg\",\"width\":470,\"height\":470,\"caption\":\"Tesa 60040 Nettoyant industriel en a\u00e9rosol\"},{\"@type\":\"BreadcrumbList\",\"@id\":\"https:\/\/distribuidorcintastesa.es\/fr\/producto\/tesa-60040-nettoyant-industriel-en-aerosol\/#breadcrumb\",\"itemListElement\":[{\"@type\":\"ListItem\",\"position\":1,\"name\":\"Portada\",\"item\":\"https:\/\/distribuidorcintastesa.es\/fr\/\"},{\"@type\":\"ListItem\",\"position\":2,\"name\":\"Produits\",\"item\":\"https:\/\/distribuidorcintastesa.es\/fr\/produits\/\"},{\"@type\":\"ListItem\",\"position\":3,\"name\":\"Tesa\u00ae 60040 Nettoyant industriel en a\u00e9rosol\"}]},{\"@type\":\"WebSite\",\"@id\":\"https:\/\/distribuidorcintastesa.es\/fr\/#website\",\"url\":\"https:\/\/distribuidorcintastesa.es\/fr\/\",\"name\":\"Distribuidor de cintas tesa\",\"description\":\"Distribuidor de cintas tesa, cintas tesa, tesa cintas, distribuidor tesa, tesa productos, productos tesa, tesa distribuidores, cintas y adhesivos, tesa cinta doble cara, cinta tesa doble cara, adhesivos tesa, cinta antideslizante, velcro tesa, cinta reflectante, tesa supergen, softprint, cinta doble cara tesa, selladores y adhesivos, cintas adhesivas de doble cara, cintas de aluminio, cintas de vinilo para se\u00f1alizaci\u00f3n, cintas de tela americanas, cintas de papel para enmascarar, cintas para embalaje\",\"publisher\":{\"@id\":\"https:\/\/distribuidorcintastesa.es\/fr\/#organization\"},\"potentialAction\":[{\"@type\":\"SearchAction\",\"target\":{\"@type\":\"EntryPoint\",\"urlTemplate\":\"https:\/\/distribuidorcintastesa.es\/fr\/?s={search_term_string}\"},\"query-input\":{\"@type\":\"PropertyValueSpecification\",\"valueRequired\":true,\"valueName\":\"search_term_string\"}}],\"inLanguage\":\"fr-FR\"},{\"@type\":\"Organization\",\"@id\":\"https:\/\/distribuidorcintastesa.es\/fr\/#organization\",\"name\":\"Distribuidor de cintas tesa\",\"url\":\"https:\/\/distribuidorcintastesa.es\/fr\/\",\"logo\":{\"@type\":\"ImageObject\",\"inLanguage\":\"fr-FR\",\"@id\":\"https:\/\/distribuidorcintastesa.es\/fr\/#\/schema\/logo\/image\/\",\"url\":\"https:\/\/distribuidorcintastesa.es\/wp-content\/uploads\/2022\/10\/logo-espanol-portugues.png\",\"contentUrl\":\"https:\/\/distribuidorcintastesa.es\/wp-content\/uploads\/2022\/10\/logo-espanol-portugues.png\",\"width\":871,\"height\":142,\"caption\":\"Distribuidor de cintas tesa\"},\"image\":{\"@id\":\"https:\/\/distribuidorcintastesa.es\/fr\/#\/schema\/logo\/image\/\"},\"sameAs\":[\"https:\/\/muralsrd.com\/\",\"https:\/\/solbi-mural.com\/es\/\",\"https:\/\/distribuidor-cintas-adhesivas.es\",\"https:\/\/www.instagram.com\/solbimural\/?igsh=ZnR6ZmkzZm1ubWhl\"]}]}<\/script>\n<!-- \/ Yoast SEO Premium plugin. -->","yoast_head_json":{"title":"Tesa 60040 Nettoyant industriel en a\u00e9rosol - solution de fixation","description":"Tesa 60040 Nettoyant industriel en a\u00e9rosol. Excellents r\u00e9sultats de nettoyage. Disponible dans notre magasin online.","robots":{"index":"index","follow":"follow","max-snippet":"max-snippet:-1","max-image-preview":"max-image-preview:large","max-video-preview":"max-video-preview:-1"},"canonical":"https:\/\/distribuidorcintastesa.es\/fr\/producto\/tesa-60040-nettoyant-industriel-en-aerosol\/","og_locale":"fr_FR","og_type":"article","og_title":"Tesa\u00ae 60040 Nettoyant industriel en a\u00e9rosol","og_description":"Tesa 60040 Nettoyant industriel en a\u00e9rosol. Excellents r\u00e9sultats de nettoyage. Disponible dans notre magasin online.","og_url":"https:\/\/distribuidorcintastesa.es\/fr\/producto\/tesa-60040-nettoyant-industriel-en-aerosol\/","og_site_name":"Distribuidor de cintas tesa, cintas tesa, tesa cintas, distribuidor tesa, tesa productos, productos tesa, tesa distribuidores, http:\/\/www.http:\/\/distribuidorcintas3m.es, Mejores ofertas en cintas","article_modified_time":"2021-11-04T15:43:33+00:00","og_image":[{"width":470,"height":470,"url":"https:\/\/distribuidorcintastesa.es\/wp-content\/uploads\/2021\/03\/tesa-60040_3.jpg","type":"image\/jpeg"}],"twitter_card":"summary_large_image","twitter_misc":{"Dur\u00e9e de lecture estim\u00e9e":"2 minutes"},"schema":{"@context":"https:\/\/schema.org","@graph":[{"@type":"WebPage","@id":"https:\/\/distribuidorcintastesa.es\/fr\/producto\/tesa-60040-nettoyant-industriel-en-aerosol\/","url":"https:\/\/distribuidorcintastesa.es\/fr\/producto\/tesa-60040-nettoyant-industriel-en-aerosol\/","name":"Tesa 60040 Nettoyant industriel en a\u00e9rosol - solution de fixation","isPartOf":{"@id":"https:\/\/distribuidorcintastesa.es\/fr\/#website"},"primaryImageOfPage":{"@id":"https:\/\/distribuidorcintastesa.es\/fr\/producto\/tesa-60040-nettoyant-industriel-en-aerosol\/#primaryimage"},"image":{"@id":"https:\/\/distribuidorcintastesa.es\/fr\/producto\/tesa-60040-nettoyant-industriel-en-aerosol\/#primaryimage"},"thumbnailUrl":"https:\/\/distribuidorcintastesa.es\/wp-content\/uploads\/2021\/03\/tesa-60040_3.jpg","datePublished":"2021-03-02T11:46:53+00:00","dateModified":"2021-11-04T15:43:33+00:00","description":"Tesa 60040 Nettoyant industriel en a\u00e9rosol. Excellents r\u00e9sultats de nettoyage. Disponible dans notre magasin online.","breadcrumb":{"@id":"https:\/\/distribuidorcintastesa.es\/fr\/producto\/tesa-60040-nettoyant-industriel-en-aerosol\/#breadcrumb"},"inLanguage":"fr-FR","potentialAction":[{"@type":"ReadAction","target":["https:\/\/distribuidorcintastesa.es\/fr\/producto\/tesa-60040-nettoyant-industriel-en-aerosol\/"]}]},{"@type":"ImageObject","inLanguage":"fr-FR","@id":"https:\/\/distribuidorcintastesa.es\/fr\/producto\/tesa-60040-nettoyant-industriel-en-aerosol\/#primaryimage","url":"https:\/\/distribuidorcintastesa.es\/wp-content\/uploads\/2021\/03\/tesa-60040_3.jpg","contentUrl":"https:\/\/distribuidorcintastesa.es\/wp-content\/uploads\/2021\/03\/tesa-60040_3.jpg","width":470,"height":470,"caption":"Tesa 60040 Nettoyant industriel en a\u00e9rosol"},{"@type":"BreadcrumbList","@id":"https:\/\/distribuidorcintastesa.es\/fr\/producto\/tesa-60040-nettoyant-industriel-en-aerosol\/#breadcrumb","itemListElement":[{"@type":"ListItem","position":1,"name":"Portada","item":"https:\/\/distribuidorcintastesa.es\/fr\/"},{"@type":"ListItem","position":2,"name":"Produits","item":"https:\/\/distribuidorcintastesa.es\/fr\/produits\/"},{"@type":"ListItem","position":3,"name":"Tesa\u00ae 60040 Nettoyant industriel en a\u00e9rosol"}]},{"@type":"WebSite","@id":"https:\/\/distribuidorcintastesa.es\/fr\/#website","url":"https:\/\/distribuidorcintastesa.es\/fr\/","name":"Distribuidor de cintas tesa","description":"Distribuidor de cintas tesa, cintas tesa, tesa cintas, distribuidor tesa, tesa productos, productos tesa, tesa distribuidores, cintas y adhesivos, tesa cinta doble cara, cinta tesa doble cara, adhesivos tesa, cinta antideslizante, velcro tesa, cinta reflectante, tesa supergen, softprint, cinta doble cara tesa, selladores y adhesivos, cintas adhesivas de doble cara, cintas de aluminio, cintas de vinilo para se\u00f1alizaci\u00f3n, cintas de tela americanas, cintas de papel para enmascarar, cintas para embalaje","publisher":{"@id":"https:\/\/distribuidorcintastesa.es\/fr\/#organization"},"potentialAction":[{"@type":"SearchAction","target":{"@type":"EntryPoint","urlTemplate":"https:\/\/distribuidorcintastesa.es\/fr\/?s={search_term_string}"},"query-input":{"@type":"PropertyValueSpecification","valueRequired":true,"valueName":"search_term_string"}}],"inLanguage":"fr-FR"},{"@type":"Organization","@id":"https:\/\/distribuidorcintastesa.es\/fr\/#organization","name":"Distribuidor de cintas tesa","url":"https:\/\/distribuidorcintastesa.es\/fr\/","logo":{"@type":"ImageObject","inLanguage":"fr-FR","@id":"https:\/\/distribuidorcintastesa.es\/fr\/#\/schema\/logo\/image\/","url":"https:\/\/distribuidorcintastesa.es\/wp-content\/uploads\/2022\/10\/logo-espanol-portugues.png","contentUrl":"https:\/\/distribuidorcintastesa.es\/wp-content\/uploads\/2022\/10\/logo-espanol-portugues.png","width":871,"height":142,"caption":"Distribuidor de cintas tesa"},"image":{"@id":"https:\/\/distribuidorcintastesa.es\/fr\/#\/schema\/logo\/image\/"},"sameAs":["https:\/\/muralsrd.com\/","https:\/\/solbi-mural.com\/es\/","https:\/\/distribuidor-cintas-adhesivas.es","https:\/\/www.instagram.com\/solbimural\/?igsh=ZnR6ZmkzZm1ubWhl"]}]}},"_links":{"self":[{"href":"https:\/\/distribuidorcintastesa.es\/fr\/wp-json\/wp\/v2\/product\/2894","targetHints":{"allow":["GET"]}}],"collection":[{"href":"https:\/\/distribuidorcintastesa.es\/fr\/wp-json\/wp\/v2\/product"}],"about":[{"href":"https:\/\/distribuidorcintastesa.es\/fr\/wp-json\/wp\/v2\/types\/product"}],"wp:featuredmedia":[{"embeddable":true,"href":"https:\/\/distribuidorcintastesa.es\/fr\/wp-json\/wp\/v2\/media\/2902"}],"wp:attachment":[{"href":"https:\/\/distribuidorcintastesa.es\/fr\/wp-json\/wp\/v2\/media?parent=2894"}],"wp:term":[{"taxonomy":"product_brand","embeddable":true,"href":"https:\/\/distribuidorcintastesa.es\/fr\/wp-json\/wp\/v2\/product_brand?post=2894"},{"taxonomy":"product_cat","embeddable":true,"href":"https:\/\/distribuidorcintastesa.es\/fr\/wp-json\/wp\/v2\/product_cat?post=2894"},{"taxonomy":"product_tag","embeddable":true,"href":"https:\/\/distribuidorcintastesa.es\/fr\/wp-json\/wp\/v2\/product_tag?post=2894"}],"curies":[{"name":"wp","href":"https:\/\/api.w.org\/{rel}","templated":true}]}}