{"id":2882,"date":"2021-03-02T11:15:18","date_gmt":"2021-03-02T11:15:19","guid":{"rendered":"https:\/\/distribuidorcintastesa.es\/?post_type=product&#038;p=2882"},"modified":"2021-11-04T14:23:23","modified_gmt":"2021-11-04T14:23:23","slug":"tesa-60021-adhesif-extra-fort-en-aerosol","status":"publish","type":"product","link":"https:\/\/distribuidorcintastesa.es\/fr\/producto\/tesa-60021-adhesif-extra-fort-en-aerosol\/","title":{"rendered":"Tesa\u00ae 60022 extra fort"},"content":{"rendered":"<h4><strong>Tesa\u00ae 60021 Adh\u00e9sif extra fort en a\u00e9rosol<\/strong><\/h4>\n<p>Tesa 60021 Adh\u00e9sif extra fort en a\u00e9rosol est un adh\u00e9sif filmog\u00e8ne pour la fixation permanente de mat\u00e9riaux tels que le tissu, le plastique, le carton, le caoutchouc mousse, les mat\u00e9riaux isolants, le vinyle, le cuir, le cuir synth\u00e9tique et le caoutchouc entre eux ou sur du m\u00e9tal ou du bois. &#8211; Gouttelettes de pulv\u00e9risation tr\u00e8s fines, r\u00e9sistantes \u00e0 l&rsquo;humidit\u00e9 et aux temp\u00e9ratures (-30\u00baC \u00e0 +80\u00baC)<\/p>\n<p>&#8211; Bonne adh\u00e9rence sur PE et PP<br \/>\n&#8211; Union d&rsquo;une grande vari\u00e9t\u00e9 de mat\u00e9riaux et de poids<br \/>\n&#8211; Particuli\u00e8rement adapt\u00e9 pour l&rsquo;industrie automobile.<br \/>\n&#8211; Sans silicone ni solvants chlor\u00e9s.<br \/>\n&#8211; Buse de pulv\u00e9risation r\u00e9glable (en quantit\u00e9).<br \/>\n&#8211; Adh\u00e9sif filmog\u00e8ne extra fort pour des mat\u00e9riaux tels que le tissu, le plastique, le carton, le caoutchouc mousse, les mat\u00e9riaux isolants, le vinyle, le cuir, le cuir synth\u00e9tique et le caoutchouc ensemble, sur le m\u00e9tal ou le bois.<\/p>\n<p>&nbsp;<\/p>\n<p><strong>Applications principales Tesa 60021 Adh\u00e9sif extra fort en a\u00e9rosol<\/strong><\/p>\n<p>&#8211; Collage polyvalent de mat\u00e9riaux exigeants tels que la mousse et le tissu<\/p>\n<p>Il est utilis\u00e9 par :<br \/>\nTapissiers<br \/>\nArtisans<br \/>\nL&rsquo;industrie automobile<br \/>\net bien d&rsquo;autres applications professionnelles dans l&rsquo;industrie et l&rsquo;artisanat.<br \/>\nConvient pour un usage domestique g\u00e9n\u00e9ral.<\/p>\n<p>&nbsp;<\/p>\n<p><img fetchpriority=\"high\" decoding=\"async\" class=\"alignnone wp-image-2886 size-medium\" src=\"https:\/\/distribuidorcintastesa.es\/wp-content\/uploads\/2021\/03\/TESA-60022_2-300x169.jpg\" alt=\"Tesa 60021 Adh\u00e9sif extra fort en a\u00e9rosol\" width=\"300\" height=\"169\" srcset=\"https:\/\/distribuidorcintastesa.es\/wp-content\/uploads\/2021\/03\/TESA-60022_2-300x169.jpg 300w, https:\/\/distribuidorcintastesa.es\/wp-content\/uploads\/2021\/03\/TESA-60022_2-600x338.jpg 600w, https:\/\/distribuidorcintastesa.es\/wp-content\/uploads\/2021\/03\/TESA-60022_2-64x36.jpg 64w, https:\/\/distribuidorcintastesa.es\/wp-content\/uploads\/2021\/03\/TESA-60022_2.jpg 607w\" sizes=\"(max-width: 300px) 100vw, 300px\" \/><\/p>\n<p><a href=\"https:\/\/www.youtube.com\/c\/cintaadhesivaSolbi\/videos\" target=\"_blank\" rel=\"noopener\">Tesa\u00ae 60022 extra fort<\/a><\/p>\n<p>&nbsp;<\/p>\n<p><strong> Donn\u00e9es techniques <\/strong><\/p>\n<table width=\"400\">\n<tbody>\n<tr>\n<td width=\"202\"><strong>Base<\/strong><\/td>\n<td width=\"198\">Caoutchouc synth\u00e9tique<\/td>\n<\/tr>\n<tr>\n<td><strong>Couleur<\/strong><\/td>\n<td>Transparent<\/td>\n<\/tr>\n<tr>\n<td><strong>Temps de ventilation<\/strong><\/td>\n<td>10 min.<\/td>\n<\/tr>\n<tr>\n<td><strong>Temps de s\u00e9chage<\/strong><\/td>\n<td>&lt; 20 min.<\/td>\n<\/tr>\n<tr>\n<td><strong>R\u00e9sist. \u00e0 la temp\u00e9rature<\/strong><\/td>\n<td>de -30\u00baC \u00e0 +80\u00baC<\/td>\n<\/tr>\n<tr>\n<td><strong>Contenu<\/strong><\/td>\n<td>500 ml<\/td>\n<\/tr>\n<\/tbody>\n<\/table>\n<table width=\"544\">\n<tbody>\n<tr>\n<td width=\"131\"><strong>PRODUIT<\/strong><\/td>\n<td width=\"131\"><strong>UNITE<\/strong><\/td>\n<td width=\"151\"><strong>EMBALLAGE<\/strong><\/td>\n<td width=\"131\"><strong>COULEUR<\/strong><\/td>\n<\/tr>\n<tr>\n<td width=\"131\"><strong>60022<\/strong><\/td>\n<td width=\"131\">Pot<\/td>\n<td width=\"151\">12 Pots\/Bo\u00eete<\/td>\n<td width=\"131\"><img decoding=\"async\" class=\"alignnone size-full wp-image-4415\" src=\"https:\/\/distribuidorcintastesa.es\/wp-content\/uploads\/2021\/10\/Transparente.jpg\" alt=\"\" width=\"38\" height=\"19\" \/><\/td>\n<\/tr>\n<\/tbody>\n<\/table>\n","protected":false},"excerpt":{"rendered":"<p>Tesa\u00ae 60021 Adh\u00e9sif extra fort en a\u00e9rosol Tesa 60021 Adh\u00e9sif extra fort en a\u00e9rosol est un adh\u00e9sif filmog\u00e8ne pour la fixation permanente de mat\u00e9riaux tels que le tissu, le plastique, le carton, le caoutchouc mousse, les mat\u00e9riaux isolants, le vinyle, le cuir, le cuir synth\u00e9tique et le caoutchouc entre eux ou sur du m\u00e9tal ou [&hellip;]<\/p>\n","protected":false},"featured_media":2890,"template":"","meta":{"site-sidebar-layout":"default","site-content-layout":"","ast-site-content-layout":"default","site-content-style":"default","site-sidebar-style":"default","ast-global-header-display":"","ast-banner-title-visibility":"","ast-main-header-display":"","ast-hfb-above-header-display":"","ast-hfb-below-header-display":"","ast-hfb-mobile-header-display":"","site-post-title":"","ast-breadcrumbs-content":"","ast-featured-img":"","footer-sml-layout":"","ast-disable-related-posts":"","theme-transparent-header-meta":"","adv-header-id-meta":"","stick-header-meta":"","header-above-stick-meta":"","header-main-stick-meta":"","header-below-stick-meta":"","astra-migrate-meta-layouts":"default","ast-page-background-enabled":"default","ast-page-background-meta":{"desktop":{"background-color":"","background-image":"","background-repeat":"repeat","background-position":"center center","background-size":"auto","background-attachment":"scroll","background-type":"","background-media":"","overlay-type":"","overlay-color":"","overlay-opacity":"","overlay-gradient":""},"tablet":{"background-color":"","background-image":"","background-repeat":"repeat","background-position":"center center","background-size":"auto","background-attachment":"scroll","background-type":"","background-media":"","overlay-type":"","overlay-color":"","overlay-opacity":"","overlay-gradient":""},"mobile":{"background-color":"","background-image":"","background-repeat":"repeat","background-position":"center center","background-size":"auto","background-attachment":"scroll","background-type":"","background-media":"","overlay-type":"","overlay-color":"","overlay-opacity":"","overlay-gradient":""}},"ast-content-background-meta":{"desktop":{"background-color":"var(--ast-global-color-5)","background-image":"","background-repeat":"repeat","background-position":"center center","background-size":"auto","background-attachment":"scroll","background-type":"","background-media":"","overlay-type":"","overlay-color":"","overlay-opacity":"","overlay-gradient":""},"tablet":{"background-color":"var(--ast-global-color-5)","background-image":"","background-repeat":"repeat","background-position":"center center","background-size":"auto","background-attachment":"scroll","background-type":"","background-media":"","overlay-type":"","overlay-color":"","overlay-opacity":"","overlay-gradient":""},"mobile":{"background-color":"var(--ast-global-color-5)","background-image":"","background-repeat":"repeat","background-position":"center center","background-size":"auto","background-attachment":"scroll","background-type":"","background-media":"","overlay-type":"","overlay-color":"","overlay-opacity":"","overlay-gradient":""}}},"product_brand":[],"product_cat":[179,172],"product_tag":[],"class_list":{"0":"post-2882","1":"product","2":"type-product","3":"status-publish","4":"has-post-thumbnail","6":"product_cat-adhesifs-et-nettoyants-en-spray","7":"product_cat-solutions-de-fixation","8":"desktop-align-center","9":"tablet-align-center","10":"mobile-align-center","12":"first","13":"instock","14":"shipping-taxable","15":"product-type-simple"},"yoast_head":"<!-- This site is optimized with the Yoast SEO Premium plugin v27.2 (Yoast SEO v27.2) - https:\/\/yoast.com\/product\/yoast-seo-premium-wordpress\/ -->\n<title>Tesa 60021 Adh\u00e9sif extra fort en a\u00e9rosol solution de fixation<\/title>\n<meta name=\"description\" content=\"Tesa 60021 Adh\u00e9sif extra fort en a\u00e9rosol. Buse de pulv\u00e9risation r\u00e9glable. Adh\u00e9sif filmog\u00e8ne extra fort. Disponible dans notre magasin online\" \/>\n<meta name=\"robots\" content=\"index, follow, max-snippet:-1, max-image-preview:large, max-video-preview:-1\" \/>\n<link rel=\"canonical\" href=\"https:\/\/distribuidorcintastesa.es\/fr\/producto\/tesa-60021-adhesif-extra-fort-en-aerosol\/\" \/>\n<meta property=\"og:locale\" content=\"fr_FR\" \/>\n<meta property=\"og:type\" content=\"article\" \/>\n<meta property=\"og:title\" content=\"Tesa\u00ae 60022 extra fort\" \/>\n<meta property=\"og:description\" content=\"Tesa 60021 Adh\u00e9sif extra fort en a\u00e9rosol. Buse de pulv\u00e9risation r\u00e9glable. Adh\u00e9sif filmog\u00e8ne extra fort. Disponible dans notre magasin online\" \/>\n<meta property=\"og:url\" content=\"https:\/\/distribuidorcintastesa.es\/fr\/producto\/tesa-60021-adhesif-extra-fort-en-aerosol\/\" \/>\n<meta property=\"og:site_name\" content=\"Distribuidor de cintas tesa, cintas tesa, tesa cintas, distribuidor tesa, tesa productos, productos tesa, tesa distribuidores, http:\/\/www.http:\/\/distribuidorcintas3m.es, Mejores ofertas en cintas\" \/>\n<meta property=\"article:modified_time\" content=\"2021-11-04T14:23:23+00:00\" \/>\n<meta property=\"og:image\" content=\"https:\/\/distribuidorcintastesa.es\/wp-content\/uploads\/2021\/03\/TESA-60022_3.png\" \/>\n\t<meta property=\"og:image:width\" content=\"800\" \/>\n\t<meta property=\"og:image:height\" content=\"800\" \/>\n\t<meta property=\"og:image:type\" content=\"image\/png\" \/>\n<meta name=\"twitter:card\" content=\"summary_large_image\" \/>\n<meta name=\"twitter:label1\" content=\"Dur\u00e9e de lecture estim\u00e9e\" \/>\n\t<meta name=\"twitter:data1\" content=\"2 minutes\" \/>\n<script type=\"application\/ld+json\" class=\"yoast-schema-graph\">{\"@context\":\"https:\/\/schema.org\",\"@graph\":[{\"@type\":\"WebPage\",\"@id\":\"https:\/\/distribuidorcintastesa.es\/fr\/producto\/tesa-60021-adhesif-extra-fort-en-aerosol\/\",\"url\":\"https:\/\/distribuidorcintastesa.es\/fr\/producto\/tesa-60021-adhesif-extra-fort-en-aerosol\/\",\"name\":\"Tesa 60021 Adh\u00e9sif extra fort en a\u00e9rosol solution de fixation\",\"isPartOf\":{\"@id\":\"https:\/\/distribuidorcintastesa.es\/fr\/#website\"},\"primaryImageOfPage\":{\"@id\":\"https:\/\/distribuidorcintastesa.es\/fr\/producto\/tesa-60021-adhesif-extra-fort-en-aerosol\/#primaryimage\"},\"image\":{\"@id\":\"https:\/\/distribuidorcintastesa.es\/fr\/producto\/tesa-60021-adhesif-extra-fort-en-aerosol\/#primaryimage\"},\"thumbnailUrl\":\"https:\/\/distribuidorcintastesa.es\/wp-content\/uploads\/2021\/03\/TESA-60022_3.png\",\"datePublished\":\"2021-03-02T11:15:19+00:00\",\"dateModified\":\"2021-11-04T14:23:23+00:00\",\"description\":\"Tesa 60021 Adh\u00e9sif extra fort en a\u00e9rosol. Buse de pulv\u00e9risation r\u00e9glable. Adh\u00e9sif filmog\u00e8ne extra fort. Disponible dans notre magasin online\",\"breadcrumb\":{\"@id\":\"https:\/\/distribuidorcintastesa.es\/fr\/producto\/tesa-60021-adhesif-extra-fort-en-aerosol\/#breadcrumb\"},\"inLanguage\":\"fr-FR\",\"potentialAction\":[{\"@type\":\"ReadAction\",\"target\":[\"https:\/\/distribuidorcintastesa.es\/fr\/producto\/tesa-60021-adhesif-extra-fort-en-aerosol\/\"]}]},{\"@type\":\"ImageObject\",\"inLanguage\":\"fr-FR\",\"@id\":\"https:\/\/distribuidorcintastesa.es\/fr\/producto\/tesa-60021-adhesif-extra-fort-en-aerosol\/#primaryimage\",\"url\":\"https:\/\/distribuidorcintastesa.es\/wp-content\/uploads\/2021\/03\/TESA-60022_3.png\",\"contentUrl\":\"https:\/\/distribuidorcintastesa.es\/wp-content\/uploads\/2021\/03\/TESA-60022_3.png\",\"width\":800,\"height\":800,\"caption\":\"Tesa 60021 Adh\u00e9sif extra fort en a\u00e9rosol\"},{\"@type\":\"BreadcrumbList\",\"@id\":\"https:\/\/distribuidorcintastesa.es\/fr\/producto\/tesa-60021-adhesif-extra-fort-en-aerosol\/#breadcrumb\",\"itemListElement\":[{\"@type\":\"ListItem\",\"position\":1,\"name\":\"Portada\",\"item\":\"https:\/\/distribuidorcintastesa.es\/fr\/\"},{\"@type\":\"ListItem\",\"position\":2,\"name\":\"Produits\",\"item\":\"https:\/\/distribuidorcintastesa.es\/fr\/produits\/\"},{\"@type\":\"ListItem\",\"position\":3,\"name\":\"Tesa\u00ae 60022 extra fort\"}]},{\"@type\":\"WebSite\",\"@id\":\"https:\/\/distribuidorcintastesa.es\/fr\/#website\",\"url\":\"https:\/\/distribuidorcintastesa.es\/fr\/\",\"name\":\"Distribuidor de cintas tesa\",\"description\":\"Distribuidor de cintas tesa, cintas tesa, tesa cintas, distribuidor tesa, tesa productos, productos tesa, tesa distribuidores, cintas y adhesivos, tesa cinta doble cara, cinta tesa doble cara, adhesivos tesa, cinta antideslizante, velcro tesa, cinta reflectante, tesa supergen, softprint, cinta doble cara tesa, selladores y adhesivos, cintas adhesivas de doble cara, cintas de aluminio, cintas de vinilo para se\u00f1alizaci\u00f3n, cintas de tela americanas, cintas de papel para enmascarar, cintas para embalaje\",\"publisher\":{\"@id\":\"https:\/\/distribuidorcintastesa.es\/fr\/#organization\"},\"potentialAction\":[{\"@type\":\"SearchAction\",\"target\":{\"@type\":\"EntryPoint\",\"urlTemplate\":\"https:\/\/distribuidorcintastesa.es\/fr\/?s={search_term_string}\"},\"query-input\":{\"@type\":\"PropertyValueSpecification\",\"valueRequired\":true,\"valueName\":\"search_term_string\"}}],\"inLanguage\":\"fr-FR\"},{\"@type\":\"Organization\",\"@id\":\"https:\/\/distribuidorcintastesa.es\/fr\/#organization\",\"name\":\"Distribuidor de cintas tesa\",\"url\":\"https:\/\/distribuidorcintastesa.es\/fr\/\",\"logo\":{\"@type\":\"ImageObject\",\"inLanguage\":\"fr-FR\",\"@id\":\"https:\/\/distribuidorcintastesa.es\/fr\/#\/schema\/logo\/image\/\",\"url\":\"https:\/\/distribuidorcintastesa.es\/wp-content\/uploads\/2022\/10\/logo-espanol-portugues.png\",\"contentUrl\":\"https:\/\/distribuidorcintastesa.es\/wp-content\/uploads\/2022\/10\/logo-espanol-portugues.png\",\"width\":871,\"height\":142,\"caption\":\"Distribuidor de cintas tesa\"},\"image\":{\"@id\":\"https:\/\/distribuidorcintastesa.es\/fr\/#\/schema\/logo\/image\/\"},\"sameAs\":[\"https:\/\/muralsrd.com\/\",\"https:\/\/solbi-mural.com\/es\/\",\"https:\/\/distribuidor-cintas-adhesivas.es\",\"https:\/\/www.instagram.com\/solbimural\/?igsh=ZnR6ZmkzZm1ubWhl\"]}]}<\/script>\n<!-- \/ Yoast SEO Premium plugin. -->","yoast_head_json":{"title":"Tesa 60021 Adh\u00e9sif extra fort en a\u00e9rosol solution de fixation","description":"Tesa 60021 Adh\u00e9sif extra fort en a\u00e9rosol. Buse de pulv\u00e9risation r\u00e9glable. Adh\u00e9sif filmog\u00e8ne extra fort. Disponible dans notre magasin online","robots":{"index":"index","follow":"follow","max-snippet":"max-snippet:-1","max-image-preview":"max-image-preview:large","max-video-preview":"max-video-preview:-1"},"canonical":"https:\/\/distribuidorcintastesa.es\/fr\/producto\/tesa-60021-adhesif-extra-fort-en-aerosol\/","og_locale":"fr_FR","og_type":"article","og_title":"Tesa\u00ae 60022 extra fort","og_description":"Tesa 60021 Adh\u00e9sif extra fort en a\u00e9rosol. Buse de pulv\u00e9risation r\u00e9glable. Adh\u00e9sif filmog\u00e8ne extra fort. Disponible dans notre magasin online","og_url":"https:\/\/distribuidorcintastesa.es\/fr\/producto\/tesa-60021-adhesif-extra-fort-en-aerosol\/","og_site_name":"Distribuidor de cintas tesa, cintas tesa, tesa cintas, distribuidor tesa, tesa productos, productos tesa, tesa distribuidores, http:\/\/www.http:\/\/distribuidorcintas3m.es, Mejores ofertas en cintas","article_modified_time":"2021-11-04T14:23:23+00:00","og_image":[{"width":800,"height":800,"url":"https:\/\/distribuidorcintastesa.es\/wp-content\/uploads\/2021\/03\/TESA-60022_3.png","type":"image\/png"}],"twitter_card":"summary_large_image","twitter_misc":{"Dur\u00e9e de lecture estim\u00e9e":"2 minutes"},"schema":{"@context":"https:\/\/schema.org","@graph":[{"@type":"WebPage","@id":"https:\/\/distribuidorcintastesa.es\/fr\/producto\/tesa-60021-adhesif-extra-fort-en-aerosol\/","url":"https:\/\/distribuidorcintastesa.es\/fr\/producto\/tesa-60021-adhesif-extra-fort-en-aerosol\/","name":"Tesa 60021 Adh\u00e9sif extra fort en a\u00e9rosol solution de fixation","isPartOf":{"@id":"https:\/\/distribuidorcintastesa.es\/fr\/#website"},"primaryImageOfPage":{"@id":"https:\/\/distribuidorcintastesa.es\/fr\/producto\/tesa-60021-adhesif-extra-fort-en-aerosol\/#primaryimage"},"image":{"@id":"https:\/\/distribuidorcintastesa.es\/fr\/producto\/tesa-60021-adhesif-extra-fort-en-aerosol\/#primaryimage"},"thumbnailUrl":"https:\/\/distribuidorcintastesa.es\/wp-content\/uploads\/2021\/03\/TESA-60022_3.png","datePublished":"2021-03-02T11:15:19+00:00","dateModified":"2021-11-04T14:23:23+00:00","description":"Tesa 60021 Adh\u00e9sif extra fort en a\u00e9rosol. Buse de pulv\u00e9risation r\u00e9glable. Adh\u00e9sif filmog\u00e8ne extra fort. Disponible dans notre magasin online","breadcrumb":{"@id":"https:\/\/distribuidorcintastesa.es\/fr\/producto\/tesa-60021-adhesif-extra-fort-en-aerosol\/#breadcrumb"},"inLanguage":"fr-FR","potentialAction":[{"@type":"ReadAction","target":["https:\/\/distribuidorcintastesa.es\/fr\/producto\/tesa-60021-adhesif-extra-fort-en-aerosol\/"]}]},{"@type":"ImageObject","inLanguage":"fr-FR","@id":"https:\/\/distribuidorcintastesa.es\/fr\/producto\/tesa-60021-adhesif-extra-fort-en-aerosol\/#primaryimage","url":"https:\/\/distribuidorcintastesa.es\/wp-content\/uploads\/2021\/03\/TESA-60022_3.png","contentUrl":"https:\/\/distribuidorcintastesa.es\/wp-content\/uploads\/2021\/03\/TESA-60022_3.png","width":800,"height":800,"caption":"Tesa 60021 Adh\u00e9sif extra fort en a\u00e9rosol"},{"@type":"BreadcrumbList","@id":"https:\/\/distribuidorcintastesa.es\/fr\/producto\/tesa-60021-adhesif-extra-fort-en-aerosol\/#breadcrumb","itemListElement":[{"@type":"ListItem","position":1,"name":"Portada","item":"https:\/\/distribuidorcintastesa.es\/fr\/"},{"@type":"ListItem","position":2,"name":"Produits","item":"https:\/\/distribuidorcintastesa.es\/fr\/produits\/"},{"@type":"ListItem","position":3,"name":"Tesa\u00ae 60022 extra fort"}]},{"@type":"WebSite","@id":"https:\/\/distribuidorcintastesa.es\/fr\/#website","url":"https:\/\/distribuidorcintastesa.es\/fr\/","name":"Distribuidor de cintas tesa","description":"Distribuidor de cintas tesa, cintas tesa, tesa cintas, distribuidor tesa, tesa productos, productos tesa, tesa distribuidores, cintas y adhesivos, tesa cinta doble cara, cinta tesa doble cara, adhesivos tesa, cinta antideslizante, velcro tesa, cinta reflectante, tesa supergen, softprint, cinta doble cara tesa, selladores y adhesivos, cintas adhesivas de doble cara, cintas de aluminio, cintas de vinilo para se\u00f1alizaci\u00f3n, cintas de tela americanas, cintas de papel para enmascarar, cintas para embalaje","publisher":{"@id":"https:\/\/distribuidorcintastesa.es\/fr\/#organization"},"potentialAction":[{"@type":"SearchAction","target":{"@type":"EntryPoint","urlTemplate":"https:\/\/distribuidorcintastesa.es\/fr\/?s={search_term_string}"},"query-input":{"@type":"PropertyValueSpecification","valueRequired":true,"valueName":"search_term_string"}}],"inLanguage":"fr-FR"},{"@type":"Organization","@id":"https:\/\/distribuidorcintastesa.es\/fr\/#organization","name":"Distribuidor de cintas tesa","url":"https:\/\/distribuidorcintastesa.es\/fr\/","logo":{"@type":"ImageObject","inLanguage":"fr-FR","@id":"https:\/\/distribuidorcintastesa.es\/fr\/#\/schema\/logo\/image\/","url":"https:\/\/distribuidorcintastesa.es\/wp-content\/uploads\/2022\/10\/logo-espanol-portugues.png","contentUrl":"https:\/\/distribuidorcintastesa.es\/wp-content\/uploads\/2022\/10\/logo-espanol-portugues.png","width":871,"height":142,"caption":"Distribuidor de cintas tesa"},"image":{"@id":"https:\/\/distribuidorcintastesa.es\/fr\/#\/schema\/logo\/image\/"},"sameAs":["https:\/\/muralsrd.com\/","https:\/\/solbi-mural.com\/es\/","https:\/\/distribuidor-cintas-adhesivas.es","https:\/\/www.instagram.com\/solbimural\/?igsh=ZnR6ZmkzZm1ubWhl"]}]}},"_links":{"self":[{"href":"https:\/\/distribuidorcintastesa.es\/fr\/wp-json\/wp\/v2\/product\/2882","targetHints":{"allow":["GET"]}}],"collection":[{"href":"https:\/\/distribuidorcintastesa.es\/fr\/wp-json\/wp\/v2\/product"}],"about":[{"href":"https:\/\/distribuidorcintastesa.es\/fr\/wp-json\/wp\/v2\/types\/product"}],"wp:featuredmedia":[{"embeddable":true,"href":"https:\/\/distribuidorcintastesa.es\/fr\/wp-json\/wp\/v2\/media\/2890"}],"wp:attachment":[{"href":"https:\/\/distribuidorcintastesa.es\/fr\/wp-json\/wp\/v2\/media?parent=2882"}],"wp:term":[{"taxonomy":"product_brand","embeddable":true,"href":"https:\/\/distribuidorcintastesa.es\/fr\/wp-json\/wp\/v2\/product_brand?post=2882"},{"taxonomy":"product_cat","embeddable":true,"href":"https:\/\/distribuidorcintastesa.es\/fr\/wp-json\/wp\/v2\/product_cat?post=2882"},{"taxonomy":"product_tag","embeddable":true,"href":"https:\/\/distribuidorcintastesa.es\/fr\/wp-json\/wp\/v2\/product_tag?post=2882"}],"curies":[{"name":"wp","href":"https:\/\/api.w.org\/{rel}","templated":true}]}}