{"id":2770,"date":"2021-02-25T15:43:23","date_gmt":"2021-02-25T15:43:23","guid":{"rendered":"https:\/\/distribuidorcintastesa.es\/?post_type=product&#038;p=2770"},"modified":"2021-11-02T17:19:49","modified_gmt":"2021-11-02T17:19:49","slug":"tesa-60021-adhesifs-permanents-en-aerosol","status":"publish","type":"product","link":"https:\/\/distribuidorcintastesa.es\/fr\/producto\/tesa-60021-adhesifs-permanents-en-aerosol\/","title":{"rendered":"Tesa\u00ae 60021 permanent"},"content":{"rendered":"<h4><strong>Tesa\u00ae 60021 Adh\u00e9sifs permanents en a\u00e9rosol<\/strong><\/h4>\n<p>Tesa 60021 Adh\u00e9sifs permanents en a\u00e9rosol est un adh\u00e9sif polyvalent pour le collage permanent de papier, carton, feutre, tissu, bois, cuir, polystyr\u00e8ne et une grande vari\u00e9t\u00e9 de plastiques.<\/p>\n<p>&#8211; Collage propre, rapide, s\u00fbr et efficace sur des surfaces telles que le carton, le tissu, le bois, le polystyr\u00e8ne, etc.<br \/>\n&#8211; Pulv\u00e9risation fine et uniforme. S\u00e9chage rapide, r\u00e9sistant \u00e0 l&rsquo;humidit\u00e9 et aux charges m\u00e9caniques et thermiques.<br \/>\n&#8211; Sans silicone ni solvants chlor\u00e9s.<\/p>\n<p>&nbsp;<\/p>\n<p><strong>Principales applications<\/strong><\/p>\n<p>Tesa 60021 Adh\u00e9sifs permanents en a\u00e9rosol convient aux applications telles que<br \/>\nDes maquettes<br \/>\nMarquage des palettes<br \/>\nApposition de sch\u00e9mas de c\u00e2blage et d&rsquo;\u00e9tiquettes.<br \/>\nAssemblage de pr\u00e9sentoirs en carton, d&rsquo;affiches et de gabarits en mousse de polystyr\u00e8ne.<br \/>\nAdh\u00e9sion de film de d\u00e9coration mince, de papier d&rsquo;aluminium et de tissu et bien d&rsquo;autres applications<\/p>\n<p>&nbsp;<\/p>\n<p><img fetchpriority=\"high\" decoding=\"async\" class=\"alignnone wp-image-2774 size-medium\" src=\"https:\/\/distribuidorcintastesa.es\/wp-content\/uploads\/2021\/02\/tesa-60021_2-300x226.jpg\" alt=\"Tesa 60021 Adh\u00e9sifs permanents en a\u00e9rosol\" width=\"300\" height=\"226\" srcset=\"https:\/\/distribuidorcintastesa.es\/wp-content\/uploads\/2021\/02\/tesa-60021_2-300x226.jpg 300w, https:\/\/distribuidorcintastesa.es\/wp-content\/uploads\/2021\/02\/tesa-60021_2-1024x771.jpg 1024w, https:\/\/distribuidorcintastesa.es\/wp-content\/uploads\/2021\/02\/tesa-60021_2-768x579.jpg 768w, https:\/\/distribuidorcintastesa.es\/wp-content\/uploads\/2021\/02\/tesa-60021_2-600x452.jpg 600w, https:\/\/distribuidorcintastesa.es\/wp-content\/uploads\/2021\/02\/tesa-60021_2-64x48.jpg 64w, https:\/\/distribuidorcintastesa.es\/wp-content\/uploads\/2021\/02\/tesa-60021_2.jpg 1500w\" sizes=\"(max-width: 300px) 100vw, 300px\" \/><\/p>\n<p><a href=\"https:\/\/www.youtube.com\/c\/cintaadhesivaSolbi\/videos\" target=\"_blank\" rel=\"noopener\">Tesa\u00ae 60021 permanent<\/a><\/p>\n<p>&nbsp;<\/p>\n<p><strong> Donn\u00e9es techniques <\/strong><\/p>\n<table width=\"400\">\n<tbody>\n<tr>\n<td width=\"202\"><strong>Base<\/strong><\/td>\n<td width=\"198\">Caoutchouc synth\u00e9tique<\/td>\n<\/tr>\n<tr>\n<td><strong>Couleur<\/strong><\/td>\n<td>Cr\u00e8me<\/td>\n<\/tr>\n<tr>\n<td><strong>Temps de ventilation<\/strong><\/td>\n<td>5 min.<\/td>\n<\/tr>\n<tr>\n<td><strong>Temps de s\u00e9chage<\/strong><\/td>\n<td>&lt; 10 min.<\/td>\n<\/tr>\n<tr>\n<td><strong>R\u00e9sist. \u00e0 la temp\u00e9rature<\/strong><\/td>\n<td>de -20\u00baC \u00e0 +60\u00baC<\/td>\n<\/tr>\n<tr>\n<td><strong>Contenu<\/strong><\/td>\n<td>500 ml<\/td>\n<\/tr>\n<\/tbody>\n<\/table>\n<table width=\"544\">\n<tbody>\n<tr>\n<td width=\"131\"><strong>PRODUIT<\/strong><\/td>\n<td width=\"131\"><strong>UNITE<\/strong><\/td>\n<td width=\"151\"><strong>EMBALLAGE<\/strong><\/td>\n<td width=\"131\"><strong>COULEUR<\/strong><\/td>\n<\/tr>\n<tr>\n<td width=\"131\"><strong>60021<\/strong><\/td>\n<td width=\"131\">Pot<\/td>\n<td width=\"151\">12 Pots\/Bo\u00eete<\/td>\n<td width=\"131\"><img decoding=\"async\" class=\"alignnone size-full wp-image-2999\" src=\"https:\/\/distribuidorcintastesa.es\/wp-content\/uploads\/2021\/02\/color-crema-1.jpg\" alt=\"BEIGE CREMA\" width=\"38\" height=\"19\" \/><\/td>\n<\/tr>\n<\/tbody>\n<\/table>\n<p><a href=\"https:\/\/distribuidorcintastesa.es\/fr\/catalogues\/\" target=\"_blank\" rel=\"noopener\">Catalogues TESA<\/a><\/p>\n","protected":false},"excerpt":{"rendered":"<p>Tesa\u00ae 60021 Adh\u00e9sifs permanents en a\u00e9rosol Tesa 60021 Adh\u00e9sifs permanents en a\u00e9rosol est un adh\u00e9sif polyvalent pour le collage permanent de papier, carton, feutre, tissu, bois, cuir, polystyr\u00e8ne et une grande vari\u00e9t\u00e9 de plastiques. &#8211; Collage propre, rapide, s\u00fbr et efficace sur des surfaces telles que le carton, le tissu, le bois, le polystyr\u00e8ne, etc. [&hellip;]<\/p>\n","protected":false},"featured_media":2790,"template":"","meta":{"site-sidebar-layout":"default","site-content-layout":"","ast-site-content-layout":"default","site-content-style":"default","site-sidebar-style":"default","ast-global-header-display":"","ast-banner-title-visibility":"","ast-main-header-display":"","ast-hfb-above-header-display":"","ast-hfb-below-header-display":"","ast-hfb-mobile-header-display":"","site-post-title":"","ast-breadcrumbs-content":"","ast-featured-img":"","footer-sml-layout":"","ast-disable-related-posts":"","theme-transparent-header-meta":"","adv-header-id-meta":"","stick-header-meta":"","header-above-stick-meta":"","header-main-stick-meta":"","header-below-stick-meta":"","astra-migrate-meta-layouts":"default","ast-page-background-enabled":"default","ast-page-background-meta":{"desktop":{"background-color":"","background-image":"","background-repeat":"repeat","background-position":"center center","background-size":"auto","background-attachment":"scroll","background-type":"","background-media":"","overlay-type":"","overlay-color":"","overlay-opacity":"","overlay-gradient":""},"tablet":{"background-color":"","background-image":"","background-repeat":"repeat","background-position":"center center","background-size":"auto","background-attachment":"scroll","background-type":"","background-media":"","overlay-type":"","overlay-color":"","overlay-opacity":"","overlay-gradient":""},"mobile":{"background-color":"","background-image":"","background-repeat":"repeat","background-position":"center center","background-size":"auto","background-attachment":"scroll","background-type":"","background-media":"","overlay-type":"","overlay-color":"","overlay-opacity":"","overlay-gradient":""}},"ast-content-background-meta":{"desktop":{"background-color":"var(--ast-global-color-5)","background-image":"","background-repeat":"repeat","background-position":"center center","background-size":"auto","background-attachment":"scroll","background-type":"","background-media":"","overlay-type":"","overlay-color":"","overlay-opacity":"","overlay-gradient":""},"tablet":{"background-color":"var(--ast-global-color-5)","background-image":"","background-repeat":"repeat","background-position":"center center","background-size":"auto","background-attachment":"scroll","background-type":"","background-media":"","overlay-type":"","overlay-color":"","overlay-opacity":"","overlay-gradient":""},"mobile":{"background-color":"var(--ast-global-color-5)","background-image":"","background-repeat":"repeat","background-position":"center center","background-size":"auto","background-attachment":"scroll","background-type":"","background-media":"","overlay-type":"","overlay-color":"","overlay-opacity":"","overlay-gradient":""}}},"product_brand":[],"product_cat":[179,172],"product_tag":[],"class_list":{"0":"post-2770","1":"product","2":"type-product","3":"status-publish","4":"has-post-thumbnail","6":"product_cat-adhesifs-et-nettoyants-en-spray","7":"product_cat-solutions-de-fixation","8":"desktop-align-center","9":"tablet-align-center","10":"mobile-align-center","12":"first","13":"instock","14":"shipping-taxable","15":"product-type-simple"},"yoast_head":"<!-- This site is optimized with the Yoast SEO Premium plugin v27.2 (Yoast SEO v27.2) - https:\/\/yoast.com\/product\/yoast-seo-premium-wordpress\/ -->\n<title>Tesa 60021 Adh\u00e9sifs permanents en a\u00e9rosol solution de fixation<\/title>\n<meta name=\"description\" content=\"Tesa 60021 Adh\u00e9sifs permanents en a\u00e9rosol. Collage carton, tissu, bois, polystyr\u00e8ne, etc. Disponible dans notre magasin online.\" \/>\n<meta name=\"robots\" content=\"index, follow, max-snippet:-1, max-image-preview:large, max-video-preview:-1\" \/>\n<link rel=\"canonical\" href=\"https:\/\/distribuidorcintastesa.es\/fr\/producto\/tesa-60021-adhesifs-permanents-en-aerosol\/\" \/>\n<meta property=\"og:locale\" content=\"fr_FR\" \/>\n<meta property=\"og:type\" content=\"article\" \/>\n<meta property=\"og:title\" content=\"Tesa\u00ae 60021 permanent\" \/>\n<meta property=\"og:description\" content=\"Tesa 60021 Adh\u00e9sifs permanents en a\u00e9rosol. Collage carton, tissu, bois, polystyr\u00e8ne, etc. Disponible dans notre magasin online.\" \/>\n<meta property=\"og:url\" content=\"https:\/\/distribuidorcintastesa.es\/fr\/producto\/tesa-60021-adhesifs-permanents-en-aerosol\/\" \/>\n<meta property=\"og:site_name\" content=\"Distribuidor de cintas tesa, cintas tesa, tesa cintas, distribuidor tesa, tesa productos, productos tesa, tesa distribuidores, http:\/\/www.http:\/\/distribuidorcintas3m.es, Mejores ofertas en cintas\" \/>\n<meta property=\"article:modified_time\" content=\"2021-11-02T17:19:49+00:00\" \/>\n<meta property=\"og:image\" content=\"https:\/\/distribuidorcintastesa.es\/wp-content\/uploads\/2021\/02\/tesa-60021_3.jpg\" \/>\n\t<meta property=\"og:image:width\" content=\"500\" \/>\n\t<meta property=\"og:image:height\" content=\"500\" \/>\n\t<meta property=\"og:image:type\" content=\"image\/jpeg\" \/>\n<meta name=\"twitter:card\" content=\"summary_large_image\" \/>\n<meta name=\"twitter:label1\" content=\"Dur\u00e9e de lecture estim\u00e9e\" \/>\n\t<meta name=\"twitter:data1\" content=\"2 minutes\" \/>\n<script type=\"application\/ld+json\" class=\"yoast-schema-graph\">{\"@context\":\"https:\/\/schema.org\",\"@graph\":[{\"@type\":\"WebPage\",\"@id\":\"https:\/\/distribuidorcintastesa.es\/fr\/producto\/tesa-60021-adhesifs-permanents-en-aerosol\/\",\"url\":\"https:\/\/distribuidorcintastesa.es\/fr\/producto\/tesa-60021-adhesifs-permanents-en-aerosol\/\",\"name\":\"Tesa 60021 Adh\u00e9sifs permanents en a\u00e9rosol solution de fixation\",\"isPartOf\":{\"@id\":\"https:\/\/distribuidorcintastesa.es\/fr\/#website\"},\"primaryImageOfPage\":{\"@id\":\"https:\/\/distribuidorcintastesa.es\/fr\/producto\/tesa-60021-adhesifs-permanents-en-aerosol\/#primaryimage\"},\"image\":{\"@id\":\"https:\/\/distribuidorcintastesa.es\/fr\/producto\/tesa-60021-adhesifs-permanents-en-aerosol\/#primaryimage\"},\"thumbnailUrl\":\"https:\/\/distribuidorcintastesa.es\/wp-content\/uploads\/2021\/02\/tesa-60021_3.jpg\",\"datePublished\":\"2021-02-25T15:43:23+00:00\",\"dateModified\":\"2021-11-02T17:19:49+00:00\",\"description\":\"Tesa 60021 Adh\u00e9sifs permanents en a\u00e9rosol. Collage carton, tissu, bois, polystyr\u00e8ne, etc. Disponible dans notre magasin online.\",\"breadcrumb\":{\"@id\":\"https:\/\/distribuidorcintastesa.es\/fr\/producto\/tesa-60021-adhesifs-permanents-en-aerosol\/#breadcrumb\"},\"inLanguage\":\"fr-FR\",\"potentialAction\":[{\"@type\":\"ReadAction\",\"target\":[\"https:\/\/distribuidorcintastesa.es\/fr\/producto\/tesa-60021-adhesifs-permanents-en-aerosol\/\"]}]},{\"@type\":\"ImageObject\",\"inLanguage\":\"fr-FR\",\"@id\":\"https:\/\/distribuidorcintastesa.es\/fr\/producto\/tesa-60021-adhesifs-permanents-en-aerosol\/#primaryimage\",\"url\":\"https:\/\/distribuidorcintastesa.es\/wp-content\/uploads\/2021\/02\/tesa-60021_3.jpg\",\"contentUrl\":\"https:\/\/distribuidorcintastesa.es\/wp-content\/uploads\/2021\/02\/tesa-60021_3.jpg\",\"width\":500,\"height\":500,\"caption\":\"Tesa 60021 Adh\u00e9sifs permanents en a\u00e9rosol\"},{\"@type\":\"BreadcrumbList\",\"@id\":\"https:\/\/distribuidorcintastesa.es\/fr\/producto\/tesa-60021-adhesifs-permanents-en-aerosol\/#breadcrumb\",\"itemListElement\":[{\"@type\":\"ListItem\",\"position\":1,\"name\":\"Portada\",\"item\":\"https:\/\/distribuidorcintastesa.es\/fr\/\"},{\"@type\":\"ListItem\",\"position\":2,\"name\":\"Produits\",\"item\":\"https:\/\/distribuidorcintastesa.es\/fr\/produits\/\"},{\"@type\":\"ListItem\",\"position\":3,\"name\":\"Tesa\u00ae 60021 permanent\"}]},{\"@type\":\"WebSite\",\"@id\":\"https:\/\/distribuidorcintastesa.es\/fr\/#website\",\"url\":\"https:\/\/distribuidorcintastesa.es\/fr\/\",\"name\":\"Distribuidor de cintas tesa\",\"description\":\"Distribuidor de cintas tesa, cintas tesa, tesa cintas, distribuidor tesa, tesa productos, productos tesa, tesa distribuidores, cintas y adhesivos, tesa cinta doble cara, cinta tesa doble cara, adhesivos tesa, cinta antideslizante, velcro tesa, cinta reflectante, tesa supergen, softprint, cinta doble cara tesa, selladores y adhesivos, cintas adhesivas de doble cara, cintas de aluminio, cintas de vinilo para se\u00f1alizaci\u00f3n, cintas de tela americanas, cintas de papel para enmascarar, cintas para embalaje\",\"publisher\":{\"@id\":\"https:\/\/distribuidorcintastesa.es\/fr\/#organization\"},\"potentialAction\":[{\"@type\":\"SearchAction\",\"target\":{\"@type\":\"EntryPoint\",\"urlTemplate\":\"https:\/\/distribuidorcintastesa.es\/fr\/?s={search_term_string}\"},\"query-input\":{\"@type\":\"PropertyValueSpecification\",\"valueRequired\":true,\"valueName\":\"search_term_string\"}}],\"inLanguage\":\"fr-FR\"},{\"@type\":\"Organization\",\"@id\":\"https:\/\/distribuidorcintastesa.es\/fr\/#organization\",\"name\":\"Distribuidor de cintas tesa\",\"url\":\"https:\/\/distribuidorcintastesa.es\/fr\/\",\"logo\":{\"@type\":\"ImageObject\",\"inLanguage\":\"fr-FR\",\"@id\":\"https:\/\/distribuidorcintastesa.es\/fr\/#\/schema\/logo\/image\/\",\"url\":\"https:\/\/distribuidorcintastesa.es\/wp-content\/uploads\/2022\/10\/logo-espanol-portugues.png\",\"contentUrl\":\"https:\/\/distribuidorcintastesa.es\/wp-content\/uploads\/2022\/10\/logo-espanol-portugues.png\",\"width\":871,\"height\":142,\"caption\":\"Distribuidor de cintas tesa\"},\"image\":{\"@id\":\"https:\/\/distribuidorcintastesa.es\/fr\/#\/schema\/logo\/image\/\"},\"sameAs\":[\"https:\/\/muralsrd.com\/\",\"https:\/\/solbi-mural.com\/es\/\",\"https:\/\/distribuidor-cintas-adhesivas.es\",\"https:\/\/www.instagram.com\/solbimural\/?igsh=ZnR6ZmkzZm1ubWhl\"]}]}<\/script>\n<!-- \/ Yoast SEO Premium plugin. -->","yoast_head_json":{"title":"Tesa 60021 Adh\u00e9sifs permanents en a\u00e9rosol solution de fixation","description":"Tesa 60021 Adh\u00e9sifs permanents en a\u00e9rosol. Collage carton, tissu, bois, polystyr\u00e8ne, etc. Disponible dans notre magasin online.","robots":{"index":"index","follow":"follow","max-snippet":"max-snippet:-1","max-image-preview":"max-image-preview:large","max-video-preview":"max-video-preview:-1"},"canonical":"https:\/\/distribuidorcintastesa.es\/fr\/producto\/tesa-60021-adhesifs-permanents-en-aerosol\/","og_locale":"fr_FR","og_type":"article","og_title":"Tesa\u00ae 60021 permanent","og_description":"Tesa 60021 Adh\u00e9sifs permanents en a\u00e9rosol. Collage carton, tissu, bois, polystyr\u00e8ne, etc. Disponible dans notre magasin online.","og_url":"https:\/\/distribuidorcintastesa.es\/fr\/producto\/tesa-60021-adhesifs-permanents-en-aerosol\/","og_site_name":"Distribuidor de cintas tesa, cintas tesa, tesa cintas, distribuidor tesa, tesa productos, productos tesa, tesa distribuidores, http:\/\/www.http:\/\/distribuidorcintas3m.es, Mejores ofertas en cintas","article_modified_time":"2021-11-02T17:19:49+00:00","og_image":[{"width":500,"height":500,"url":"https:\/\/distribuidorcintastesa.es\/wp-content\/uploads\/2021\/02\/tesa-60021_3.jpg","type":"image\/jpeg"}],"twitter_card":"summary_large_image","twitter_misc":{"Dur\u00e9e de lecture estim\u00e9e":"2 minutes"},"schema":{"@context":"https:\/\/schema.org","@graph":[{"@type":"WebPage","@id":"https:\/\/distribuidorcintastesa.es\/fr\/producto\/tesa-60021-adhesifs-permanents-en-aerosol\/","url":"https:\/\/distribuidorcintastesa.es\/fr\/producto\/tesa-60021-adhesifs-permanents-en-aerosol\/","name":"Tesa 60021 Adh\u00e9sifs permanents en a\u00e9rosol solution de fixation","isPartOf":{"@id":"https:\/\/distribuidorcintastesa.es\/fr\/#website"},"primaryImageOfPage":{"@id":"https:\/\/distribuidorcintastesa.es\/fr\/producto\/tesa-60021-adhesifs-permanents-en-aerosol\/#primaryimage"},"image":{"@id":"https:\/\/distribuidorcintastesa.es\/fr\/producto\/tesa-60021-adhesifs-permanents-en-aerosol\/#primaryimage"},"thumbnailUrl":"https:\/\/distribuidorcintastesa.es\/wp-content\/uploads\/2021\/02\/tesa-60021_3.jpg","datePublished":"2021-02-25T15:43:23+00:00","dateModified":"2021-11-02T17:19:49+00:00","description":"Tesa 60021 Adh\u00e9sifs permanents en a\u00e9rosol. Collage carton, tissu, bois, polystyr\u00e8ne, etc. Disponible dans notre magasin online.","breadcrumb":{"@id":"https:\/\/distribuidorcintastesa.es\/fr\/producto\/tesa-60021-adhesifs-permanents-en-aerosol\/#breadcrumb"},"inLanguage":"fr-FR","potentialAction":[{"@type":"ReadAction","target":["https:\/\/distribuidorcintastesa.es\/fr\/producto\/tesa-60021-adhesifs-permanents-en-aerosol\/"]}]},{"@type":"ImageObject","inLanguage":"fr-FR","@id":"https:\/\/distribuidorcintastesa.es\/fr\/producto\/tesa-60021-adhesifs-permanents-en-aerosol\/#primaryimage","url":"https:\/\/distribuidorcintastesa.es\/wp-content\/uploads\/2021\/02\/tesa-60021_3.jpg","contentUrl":"https:\/\/distribuidorcintastesa.es\/wp-content\/uploads\/2021\/02\/tesa-60021_3.jpg","width":500,"height":500,"caption":"Tesa 60021 Adh\u00e9sifs permanents en a\u00e9rosol"},{"@type":"BreadcrumbList","@id":"https:\/\/distribuidorcintastesa.es\/fr\/producto\/tesa-60021-adhesifs-permanents-en-aerosol\/#breadcrumb","itemListElement":[{"@type":"ListItem","position":1,"name":"Portada","item":"https:\/\/distribuidorcintastesa.es\/fr\/"},{"@type":"ListItem","position":2,"name":"Produits","item":"https:\/\/distribuidorcintastesa.es\/fr\/produits\/"},{"@type":"ListItem","position":3,"name":"Tesa\u00ae 60021 permanent"}]},{"@type":"WebSite","@id":"https:\/\/distribuidorcintastesa.es\/fr\/#website","url":"https:\/\/distribuidorcintastesa.es\/fr\/","name":"Distribuidor de cintas tesa","description":"Distribuidor de cintas tesa, cintas tesa, tesa cintas, distribuidor tesa, tesa productos, productos tesa, tesa distribuidores, cintas y adhesivos, tesa cinta doble cara, cinta tesa doble cara, adhesivos tesa, cinta antideslizante, velcro tesa, cinta reflectante, tesa supergen, softprint, cinta doble cara tesa, selladores y adhesivos, cintas adhesivas de doble cara, cintas de aluminio, cintas de vinilo para se\u00f1alizaci\u00f3n, cintas de tela americanas, cintas de papel para enmascarar, cintas para embalaje","publisher":{"@id":"https:\/\/distribuidorcintastesa.es\/fr\/#organization"},"potentialAction":[{"@type":"SearchAction","target":{"@type":"EntryPoint","urlTemplate":"https:\/\/distribuidorcintastesa.es\/fr\/?s={search_term_string}"},"query-input":{"@type":"PropertyValueSpecification","valueRequired":true,"valueName":"search_term_string"}}],"inLanguage":"fr-FR"},{"@type":"Organization","@id":"https:\/\/distribuidorcintastesa.es\/fr\/#organization","name":"Distribuidor de cintas tesa","url":"https:\/\/distribuidorcintastesa.es\/fr\/","logo":{"@type":"ImageObject","inLanguage":"fr-FR","@id":"https:\/\/distribuidorcintastesa.es\/fr\/#\/schema\/logo\/image\/","url":"https:\/\/distribuidorcintastesa.es\/wp-content\/uploads\/2022\/10\/logo-espanol-portugues.png","contentUrl":"https:\/\/distribuidorcintastesa.es\/wp-content\/uploads\/2022\/10\/logo-espanol-portugues.png","width":871,"height":142,"caption":"Distribuidor de cintas tesa"},"image":{"@id":"https:\/\/distribuidorcintastesa.es\/fr\/#\/schema\/logo\/image\/"},"sameAs":["https:\/\/muralsrd.com\/","https:\/\/solbi-mural.com\/es\/","https:\/\/distribuidor-cintas-adhesivas.es","https:\/\/www.instagram.com\/solbimural\/?igsh=ZnR6ZmkzZm1ubWhl"]}]}},"_links":{"self":[{"href":"https:\/\/distribuidorcintastesa.es\/fr\/wp-json\/wp\/v2\/product\/2770","targetHints":{"allow":["GET"]}}],"collection":[{"href":"https:\/\/distribuidorcintastesa.es\/fr\/wp-json\/wp\/v2\/product"}],"about":[{"href":"https:\/\/distribuidorcintastesa.es\/fr\/wp-json\/wp\/v2\/types\/product"}],"wp:featuredmedia":[{"embeddable":true,"href":"https:\/\/distribuidorcintastesa.es\/fr\/wp-json\/wp\/v2\/media\/2790"}],"wp:attachment":[{"href":"https:\/\/distribuidorcintastesa.es\/fr\/wp-json\/wp\/v2\/media?parent=2770"}],"wp:term":[{"taxonomy":"product_brand","embeddable":true,"href":"https:\/\/distribuidorcintastesa.es\/fr\/wp-json\/wp\/v2\/product_brand?post=2770"},{"taxonomy":"product_cat","embeddable":true,"href":"https:\/\/distribuidorcintastesa.es\/fr\/wp-json\/wp\/v2\/product_cat?post=2770"},{"taxonomy":"product_tag","embeddable":true,"href":"https:\/\/distribuidorcintastesa.es\/fr\/wp-json\/wp\/v2\/product_tag?post=2770"}],"curies":[{"name":"wp","href":"https:\/\/api.w.org\/{rel}","templated":true}]}}