{"id":2707,"date":"2021-02-24T16:24:37","date_gmt":"2021-02-24T16:24:37","guid":{"rendered":"https:\/\/distribuidorcintastesa.es\/?post_type=product&#038;p=2707"},"modified":"2021-10-28T14:59:23","modified_gmt":"2021-10-28T14:59:23","slug":"tesa-62936-34-32","status":"publish","type":"product","link":"https:\/\/distribuidorcintastesa.es\/fr\/producto\/tesa-62936-34-32\/","title":{"rendered":"Tesa\u00ae 62936 \/ 34 \/ 32"},"content":{"rendered":"<h4><strong>Tesa\u00ae 62936 \/ 34 \/ 32<\/strong><\/h4>\n<p>Tesa 62936 \/ 34 \/ 32. Mousse double face avec support PE et adh\u00e9sif acrylique modifi\u00e9 con\u00e7u pour les assemblages constructifs.<\/p>\n<p>Compense la diff\u00e9rence entre les coefficients de dilatation thermique des diff\u00e9rents mat\u00e9riaux.<br \/>\nAdh\u00e9sif polyvalent pour une adh\u00e9rence \u00e9lev\u00e9e imm\u00e9diate sur diff\u00e9rents substrats.<br \/>\nAdh\u00e9rence finale tr\u00e8s \u00e9lev\u00e9e pour assurer l&rsquo;union entre les pi\u00e8ces.<br \/>\nR\u00e9sistant au vieillissement, aux UV et \u00e0 l&rsquo;eau.<br \/>\nAdh\u00e9rence \u00e9lev\u00e9e m\u00eame avec peu de pression appliqu\u00e9e.<br \/>\nExcellente r\u00e9sistance aux impacts \u00e0 basse temp\u00e9rature.<\/p>\n<p>&nbsp;<\/p>\n<p>&#8211; Mousses PE pour assemblage constructif.<br \/>\n&#8211; R\u00e9sistant aux intemp\u00e9ries (UV, eau, vieillissement).<br \/>\n&#8211; Adh\u00e9sif polyvalent avec un pouvoir de fixation extr\u00eame.<br \/>\n&#8211; Effet d&rsquo;amortissement et absorption des chocs.<\/p>\n<p>&nbsp;<\/p>\n<p><strong>Principales applications<\/strong><br \/>\nMontage de panneaux int\u00e9rieurs.<br \/>\nProtecteurs dans les cong\u00e9lateurs industriels.<br \/>\nAssemblage de pi\u00e8ces d&rsquo;injection plastique.<br \/>\nAssemblage de miroirs et de cristaux.<\/p>\n<p>&nbsp;<\/p>\n<p><img fetchpriority=\"high\" decoding=\"async\" class=\"alignnone wp-image-2711 size-medium\" src=\"https:\/\/distribuidorcintastesa.es\/wp-content\/uploads\/2021\/02\/TESA-62932-300x169.jpg\" alt=\"Tesa 62936 \/ 34 \/ 32\" width=\"300\" height=\"169\" srcset=\"https:\/\/distribuidorcintastesa.es\/wp-content\/uploads\/2021\/02\/TESA-62932-300x169.jpg 300w, https:\/\/distribuidorcintastesa.es\/wp-content\/uploads\/2021\/02\/TESA-62932-600x338.jpg 600w, https:\/\/distribuidorcintastesa.es\/wp-content\/uploads\/2021\/02\/TESA-62932-64x36.jpg 64w, https:\/\/distribuidorcintastesa.es\/wp-content\/uploads\/2021\/02\/TESA-62932.jpg 608w\" sizes=\"(max-width: 300px) 100vw, 300px\" \/><\/p>\n<p><a href=\"https:\/\/www.youtube.com\/c\/cintaadhesivaSolbi\/videos\" target=\"_blank\" rel=\"noopener\">Tesa\u00ae 62936 \/ 34 \/ 32<\/a><\/p>\n<p>&nbsp;<\/p>\n<p><strong> Donn\u00e9es techniques Tesa 62936 \/ 34 \/ 32<\/strong><\/p>\n<table style=\"hauteur: 238px;\" width=\"658\">\n<tbody>\n<tr>\n<td colspan=\"2\" width=\"165\"><strong> Assistance <\/strong><\/td>\n<td width=\"300\">Mousse PE<\/td>\n<\/tr>\n<tr>\n<td colspan=\"2\"><strong> \u00c9paisseur totale [\u00b5m] <\/strong><\/td>\n<td>1600 \/ 800 \/ 500<\/td>\n<\/tr>\n<tr>\n<td colspan=\"2\"><strong> Adh\u00e9rence \/ acier [N \/ cm] <\/strong><\/td>\n<td>17,6 \/ 17,0 \/ 13,0<\/td>\n<\/tr>\n<tr>\n<td colspan=\"2\"><strong> R\u00e9sistance \u00e0 la temp\u00e9rature [\u00b0 C] <\/strong><\/td>\n<td><\/td>\n<\/tr>\n<tr>\n<td><\/td>\n<td><strong> Long terme <\/strong><\/td>\n<td>80<\/td>\n<\/tr>\n<tr>\n<td><\/td>\n<td><strong> Court terme <\/strong><\/td>\n<td>80<\/td>\n<\/tr>\n<\/tbody>\n<\/table>\n<table width=\"806\">\n<tbody>\n<tr>\n<td width=\"131\"><strong>PRODUIT<\/strong><\/td>\n<td width=\"131\"><strong>UNITE<\/strong><\/td>\n<td width=\"151\"><strong>EMBALLAGE<\/strong><\/td>\n<td width=\"131\"><strong>DIMENSIONS<\/strong><\/td>\n<td width=\"131\"><strong>COULEUR<\/strong><\/td>\n<td width=\"131\"><strong>EPAISSEUR<\/strong><\/td>\n<\/tr>\n<tr>\n<td rowspan=\"3\" width=\"131\"><strong>62936<\/strong><\/td>\n<td width=\"131\">Rouleau<\/td>\n<td width=\"151\">16 Rouleaux\/Bo\u00eete<\/td>\n<td width=\"131\">19 mm x 25 mt<\/td>\n<td width=\"131\"><img decoding=\"async\" class=\"alignnone size-full wp-image-2986\" src=\"https:\/\/distribuidorcintastesa.es\/wp-content\/uploads\/2021\/02\/blanco_1.jpg\" alt=\"BLANCO\" width=\"38\" height=\"19\" \/><\/td>\n<td width=\"131\">1,600 mm<\/td>\n<\/tr>\n<tr>\n<td width=\"131\">Rouleau<\/td>\n<td width=\"151\">12 Rouleaux\/Bo\u00eete<\/td>\n<td width=\"131\">25 mm x 25 mt<\/td>\n<td width=\"131\"><img decoding=\"async\" class=\"alignnone size-full wp-image-2986\" src=\"https:\/\/distribuidorcintastesa.es\/wp-content\/uploads\/2021\/02\/blanco_1.jpg\" alt=\"BLANCO\" width=\"38\" height=\"19\" \/><\/td>\n<td width=\"131\">1,600 mm<\/td>\n<\/tr>\n<tr>\n<td width=\"131\">Rouleau<\/td>\n<td width=\"151\">1 Rouleau\/Bo\u00eete<\/td>\n<td width=\"131\">1360 mm x 25 mt\u00a0\u00a0\u00a0\u00a0 (Coupe)<\/td>\n<td width=\"131\"><img decoding=\"async\" class=\"alignnone size-full wp-image-2996\" src=\"https:\/\/distribuidorcintastesa.es\/wp-content\/uploads\/2021\/02\/NEGRO_1.jpg\" alt=\"NEGRO_1\" width=\"38\" height=\"19\" \/><\/td>\n<td width=\"131\">1,600 mm<\/td>\n<\/tr>\n<tr>\n<td width=\"131\"><\/td>\n<td width=\"131\"><\/td>\n<td width=\"151\"><\/td>\n<td width=\"131\"><\/td>\n<td width=\"131\"><\/td>\n<td width=\"131\"><\/td>\n<\/tr>\n<tr>\n<td rowspan=\"4\" width=\"131\"><strong>62934<\/strong><\/td>\n<td width=\"131\">Rouleau<\/td>\n<td width=\"151\">48 Rouleaux\/Bo\u00eete<\/td>\n<td width=\"131\">19 mm x 10 mt\u00a0\u00a0\u00a0\u00a0 (emballage individuel-pr\u00e9sentation prof.)<\/td>\n<td width=\"131\"><img decoding=\"async\" class=\"alignnone size-full wp-image-2996\" src=\"https:\/\/distribuidorcintastesa.es\/wp-content\/uploads\/2021\/02\/NEGRO_1.jpg\" alt=\"NEGRO_1\" width=\"38\" height=\"19\" \/><\/td>\n<td width=\"131\">0,800 mm<\/td>\n<\/tr>\n<tr>\n<td width=\"131\">Rouleau<\/td>\n<td width=\"151\">1 Rouleau\/Bo\u00eete<\/td>\n<td width=\"131\">1360 mm x 50 m\u00a0\u00a0\u00a0\u00a0 (Coupe)<\/td>\n<td width=\"131\"><img decoding=\"async\" class=\"alignnone size-full wp-image-2986\" src=\"https:\/\/distribuidorcintastesa.es\/wp-content\/uploads\/2021\/02\/blanco_1.jpg\" alt=\"BLANCO\" width=\"38\" height=\"19\" \/><img decoding=\"async\" class=\"alignnone size-full wp-image-2996\" src=\"https:\/\/distribuidorcintastesa.es\/wp-content\/uploads\/2021\/02\/NEGRO_1.jpg\" alt=\"NEGRO_1\" width=\"38\" height=\"19\" \/><\/td>\n<td width=\"131\">0,800 mm<\/td>\n<\/tr>\n<tr>\n<td width=\"131\">Rouleau<\/td>\n<td width=\"151\">8 Rouleaux\/Bo\u00eete<\/td>\n<td width=\"131\">19 mm x 50 m<\/td>\n<td width=\"131\"><img decoding=\"async\" class=\"alignnone size-full wp-image-2986\" src=\"https:\/\/distribuidorcintastesa.es\/wp-content\/uploads\/2021\/02\/blanco_1.jpg\" alt=\"BLANCO\" width=\"38\" height=\"19\" \/><\/td>\n<td width=\"131\">0,800 mm<\/td>\n<\/tr>\n<tr>\n<td width=\"131\">Rouleau<\/td>\n<td width=\"151\">1 Rouleau\/Bo\u00eete<\/td>\n<td width=\"131\">1360 mm x 50 m<\/td>\n<td width=\"131\"><img decoding=\"async\" class=\"alignnone size-full wp-image-2986\" src=\"https:\/\/distribuidorcintastesa.es\/wp-content\/uploads\/2021\/02\/blanco_1.jpg\" alt=\"BLANCO\" width=\"38\" height=\"19\" \/><\/td>\n<td width=\"131\">0,800 mm<\/td>\n<\/tr>\n<tr>\n<td width=\"131\"><\/td>\n<td width=\"131\"><\/td>\n<td width=\"151\"><\/td>\n<td width=\"131\"><\/td>\n<td width=\"131\"><\/td>\n<td width=\"131\"><\/td>\n<\/tr>\n<tr>\n<td rowspan=\"2\"><strong>62932<\/strong><\/td>\n<td width=\"131\">Rouleau<\/td>\n<td width=\"151\">16 Rouleaux\/Bo\u00eete<\/td>\n<td width=\"131\">19 mm x 50 mt\u00a0\u00a0\u00a0\u00a0 (emballage individuel-pr\u00e9sentation prof.)<\/td>\n<td width=\"131\"><img decoding=\"async\" class=\"alignnone size-full wp-image-2996\" src=\"https:\/\/distribuidorcintastesa.es\/wp-content\/uploads\/2021\/02\/NEGRO_1.jpg\" alt=\"NEGRO_1\" width=\"38\" height=\"19\" \/><\/td>\n<td width=\"131\">0,500 mm<\/td>\n<\/tr>\n<tr>\n<td width=\"131\">Rouleau<\/td>\n<td width=\"151\">1 Rouleau\/Bo\u00eete<\/td>\n<td width=\"131\">1360 mm x 50 mt\u00a0\u00a0\u00a0 (Coupe)<\/td>\n<td><img decoding=\"async\" class=\"alignnone size-full wp-image-2986\" src=\"https:\/\/distribuidorcintastesa.es\/wp-content\/uploads\/2021\/02\/blanco_1.jpg\" alt=\"BLANCO\" width=\"38\" height=\"19\" \/><\/td>\n<td width=\"131\">0,500 mm<\/td>\n<\/tr>\n<\/tbody>\n<\/table>\n<p><a href=\"https:\/\/distribuidorcintastesa.es\/fr\/catalogues\/\" target=\"_blank\" rel=\"noopener\">Catalogue TESA<\/a><\/p>\n","protected":false},"excerpt":{"rendered":"<p>Tesa\u00ae 62936 \/ 34 \/ 32 Tesa 62936 \/ 34 \/ 32. Mousse double face avec support PE et adh\u00e9sif acrylique modifi\u00e9 con\u00e7u pour les assemblages constructifs. Compense la diff\u00e9rence entre les coefficients de dilatation thermique des diff\u00e9rents mat\u00e9riaux. Adh\u00e9sif polyvalent pour une adh\u00e9rence \u00e9lev\u00e9e imm\u00e9diate sur diff\u00e9rents substrats. Adh\u00e9rence finale tr\u00e8s \u00e9lev\u00e9e pour assurer [&hellip;]<\/p>\n","protected":false},"featured_media":2715,"template":"","meta":{"site-sidebar-layout":"default","site-content-layout":"","ast-site-content-layout":"default","site-content-style":"default","site-sidebar-style":"default","ast-global-header-display":"","ast-banner-title-visibility":"","ast-main-header-display":"","ast-hfb-above-header-display":"","ast-hfb-below-header-display":"","ast-hfb-mobile-header-display":"","site-post-title":"","ast-breadcrumbs-content":"","ast-featured-img":"","footer-sml-layout":"","ast-disable-related-posts":"","theme-transparent-header-meta":"","adv-header-id-meta":"","stick-header-meta":"","header-above-stick-meta":"","header-main-stick-meta":"","header-below-stick-meta":"","astra-migrate-meta-layouts":"default","ast-page-background-enabled":"default","ast-page-background-meta":{"desktop":{"background-color":"","background-image":"","background-repeat":"repeat","background-position":"center center","background-size":"auto","background-attachment":"scroll","background-type":"","background-media":"","overlay-type":"","overlay-color":"","overlay-opacity":"","overlay-gradient":""},"tablet":{"background-color":"","background-image":"","background-repeat":"repeat","background-position":"center center","background-size":"auto","background-attachment":"scroll","background-type":"","background-media":"","overlay-type":"","overlay-color":"","overlay-opacity":"","overlay-gradient":""},"mobile":{"background-color":"","background-image":"","background-repeat":"repeat","background-position":"center center","background-size":"auto","background-attachment":"scroll","background-type":"","background-media":"","overlay-type":"","overlay-color":"","overlay-opacity":"","overlay-gradient":""}},"ast-content-background-meta":{"desktop":{"background-color":"var(--ast-global-color-5)","background-image":"","background-repeat":"repeat","background-position":"center center","background-size":"auto","background-attachment":"scroll","background-type":"","background-media":"","overlay-type":"","overlay-color":"","overlay-opacity":"","overlay-gradient":""},"tablet":{"background-color":"var(--ast-global-color-5)","background-image":"","background-repeat":"repeat","background-position":"center center","background-size":"auto","background-attachment":"scroll","background-type":"","background-media":"","overlay-type":"","overlay-color":"","overlay-opacity":"","overlay-gradient":""},"mobile":{"background-color":"var(--ast-global-color-5)","background-image":"","background-repeat":"repeat","background-position":"center center","background-size":"auto","background-attachment":"scroll","background-type":"","background-media":"","overlay-type":"","overlay-color":"","overlay-opacity":"","overlay-gradient":""}}},"product_brand":[],"product_cat":[177,172],"product_tag":[],"class_list":{"0":"post-2707","1":"product","2":"type-product","3":"status-publish","4":"has-post-thumbnail","6":"product_cat-ruban-mousse-double-face","7":"product_cat-solutions-de-fixation","8":"desktop-align-center","9":"tablet-align-center","10":"mobile-align-center","12":"first","13":"instock","14":"shipping-taxable","15":"product-type-simple"},"yoast_head":"<!-- This site is optimized with the Yoast SEO Premium plugin v27.2 (Yoast SEO v27.2) - https:\/\/yoast.com\/product\/yoast-seo-premium-wordpress\/ -->\n<title>Tesa 62936 \/ 34 \/ 32 Mousse PE double face solution de fixation<\/title>\n<meta name=\"description\" content=\"Tesa 62936 \/ 34 \/ 32 Mousse PE double face fixation, assemblage, R\u00e9sistant aux intemp\u00e9ries, Adh\u00e9sif avec pouvoir fixation. Disponible online\" \/>\n<meta name=\"robots\" content=\"index, follow, max-snippet:-1, max-image-preview:large, max-video-preview:-1\" \/>\n<link rel=\"canonical\" href=\"https:\/\/distribuidorcintastesa.es\/fr\/producto\/tesa-62936-34-32\/\" \/>\n<meta property=\"og:locale\" content=\"fr_FR\" \/>\n<meta property=\"og:type\" content=\"article\" \/>\n<meta property=\"og:title\" content=\"Tesa\u00ae 62936 \/ 34 \/ 32\" \/>\n<meta property=\"og:description\" content=\"Tesa 62936 \/ 34 \/ 32 Mousse PE double face fixation, assemblage, R\u00e9sistant aux intemp\u00e9ries, Adh\u00e9sif avec pouvoir fixation. Disponible online\" \/>\n<meta property=\"og:url\" content=\"https:\/\/distribuidorcintastesa.es\/fr\/producto\/tesa-62936-34-32\/\" \/>\n<meta property=\"og:site_name\" content=\"Distribuidor de cintas tesa, cintas tesa, tesa cintas, distribuidor tesa, tesa productos, productos tesa, tesa distribuidores, http:\/\/www.http:\/\/distribuidorcintas3m.es, Mejores ofertas en cintas\" \/>\n<meta property=\"article:modified_time\" content=\"2021-10-28T14:59:23+00:00\" \/>\n<meta property=\"og:image\" content=\"https:\/\/distribuidorcintastesa.es\/wp-content\/uploads\/2021\/02\/TESA-62936_1.jpg\" \/>\n\t<meta property=\"og:image:width\" content=\"501\" \/>\n\t<meta property=\"og:image:height\" content=\"501\" \/>\n\t<meta property=\"og:image:type\" content=\"image\/jpeg\" \/>\n<meta name=\"twitter:card\" content=\"summary_large_image\" \/>\n<meta name=\"twitter:label1\" content=\"Dur\u00e9e de lecture estim\u00e9e\" \/>\n\t<meta name=\"twitter:data1\" content=\"4 minutes\" \/>\n<script type=\"application\/ld+json\" class=\"yoast-schema-graph\">{\"@context\":\"https:\/\/schema.org\",\"@graph\":[{\"@type\":\"WebPage\",\"@id\":\"https:\/\/distribuidorcintastesa.es\/fr\/producto\/tesa-62936-34-32\/\",\"url\":\"https:\/\/distribuidorcintastesa.es\/fr\/producto\/tesa-62936-34-32\/\",\"name\":\"Tesa 62936 \/ 34 \/ 32 Mousse PE double face solution de fixation\",\"isPartOf\":{\"@id\":\"https:\/\/distribuidorcintastesa.es\/fr\/#website\"},\"primaryImageOfPage\":{\"@id\":\"https:\/\/distribuidorcintastesa.es\/fr\/producto\/tesa-62936-34-32\/#primaryimage\"},\"image\":{\"@id\":\"https:\/\/distribuidorcintastesa.es\/fr\/producto\/tesa-62936-34-32\/#primaryimage\"},\"thumbnailUrl\":\"https:\/\/distribuidorcintastesa.es\/wp-content\/uploads\/2021\/02\/TESA-62936_1.jpg\",\"datePublished\":\"2021-02-24T16:24:37+00:00\",\"dateModified\":\"2021-10-28T14:59:23+00:00\",\"description\":\"Tesa 62936 \/ 34 \/ 32 Mousse PE double face fixation, assemblage, R\u00e9sistant aux intemp\u00e9ries, Adh\u00e9sif avec pouvoir fixation. Disponible online\",\"breadcrumb\":{\"@id\":\"https:\/\/distribuidorcintastesa.es\/fr\/producto\/tesa-62936-34-32\/#breadcrumb\"},\"inLanguage\":\"fr-FR\",\"potentialAction\":[{\"@type\":\"ReadAction\",\"target\":[\"https:\/\/distribuidorcintastesa.es\/fr\/producto\/tesa-62936-34-32\/\"]}]},{\"@type\":\"ImageObject\",\"inLanguage\":\"fr-FR\",\"@id\":\"https:\/\/distribuidorcintastesa.es\/fr\/producto\/tesa-62936-34-32\/#primaryimage\",\"url\":\"https:\/\/distribuidorcintastesa.es\/wp-content\/uploads\/2021\/02\/TESA-62936_1.jpg\",\"contentUrl\":\"https:\/\/distribuidorcintastesa.es\/wp-content\/uploads\/2021\/02\/TESA-62936_1.jpg\",\"width\":501,\"height\":501,\"caption\":\"Tesa 62936 \/ 34 \/ 32\"},{\"@type\":\"BreadcrumbList\",\"@id\":\"https:\/\/distribuidorcintastesa.es\/fr\/producto\/tesa-62936-34-32\/#breadcrumb\",\"itemListElement\":[{\"@type\":\"ListItem\",\"position\":1,\"name\":\"Portada\",\"item\":\"https:\/\/distribuidorcintastesa.es\/fr\/\"},{\"@type\":\"ListItem\",\"position\":2,\"name\":\"Produits\",\"item\":\"https:\/\/distribuidorcintastesa.es\/fr\/produits\/\"},{\"@type\":\"ListItem\",\"position\":3,\"name\":\"Tesa\u00ae 62936 \/ 34 \/ 32\"}]},{\"@type\":\"WebSite\",\"@id\":\"https:\/\/distribuidorcintastesa.es\/fr\/#website\",\"url\":\"https:\/\/distribuidorcintastesa.es\/fr\/\",\"name\":\"Distribuidor de cintas tesa\",\"description\":\"Distribuidor de cintas tesa, cintas tesa, tesa cintas, distribuidor tesa, tesa productos, productos tesa, tesa distribuidores, cintas y adhesivos, tesa cinta doble cara, cinta tesa doble cara, adhesivos tesa, cinta antideslizante, velcro tesa, cinta reflectante, tesa supergen, softprint, cinta doble cara tesa, selladores y adhesivos, cintas adhesivas de doble cara, cintas de aluminio, cintas de vinilo para se\u00f1alizaci\u00f3n, cintas de tela americanas, cintas de papel para enmascarar, cintas para embalaje\",\"publisher\":{\"@id\":\"https:\/\/distribuidorcintastesa.es\/fr\/#organization\"},\"potentialAction\":[{\"@type\":\"SearchAction\",\"target\":{\"@type\":\"EntryPoint\",\"urlTemplate\":\"https:\/\/distribuidorcintastesa.es\/fr\/?s={search_term_string}\"},\"query-input\":{\"@type\":\"PropertyValueSpecification\",\"valueRequired\":true,\"valueName\":\"search_term_string\"}}],\"inLanguage\":\"fr-FR\"},{\"@type\":\"Organization\",\"@id\":\"https:\/\/distribuidorcintastesa.es\/fr\/#organization\",\"name\":\"Distribuidor de cintas tesa\",\"url\":\"https:\/\/distribuidorcintastesa.es\/fr\/\",\"logo\":{\"@type\":\"ImageObject\",\"inLanguage\":\"fr-FR\",\"@id\":\"https:\/\/distribuidorcintastesa.es\/fr\/#\/schema\/logo\/image\/\",\"url\":\"https:\/\/distribuidorcintastesa.es\/wp-content\/uploads\/2022\/10\/logo-espanol-portugues.png\",\"contentUrl\":\"https:\/\/distribuidorcintastesa.es\/wp-content\/uploads\/2022\/10\/logo-espanol-portugues.png\",\"width\":871,\"height\":142,\"caption\":\"Distribuidor de cintas tesa\"},\"image\":{\"@id\":\"https:\/\/distribuidorcintastesa.es\/fr\/#\/schema\/logo\/image\/\"},\"sameAs\":[\"https:\/\/muralsrd.com\/\",\"https:\/\/solbi-mural.com\/es\/\",\"https:\/\/distribuidor-cintas-adhesivas.es\",\"https:\/\/www.instagram.com\/solbimural\/?igsh=ZnR6ZmkzZm1ubWhl\"]}]}<\/script>\n<!-- \/ Yoast SEO Premium plugin. -->","yoast_head_json":{"title":"Tesa 62936 \/ 34 \/ 32 Mousse PE double face solution de fixation","description":"Tesa 62936 \/ 34 \/ 32 Mousse PE double face fixation, assemblage, R\u00e9sistant aux intemp\u00e9ries, Adh\u00e9sif avec pouvoir fixation. Disponible online","robots":{"index":"index","follow":"follow","max-snippet":"max-snippet:-1","max-image-preview":"max-image-preview:large","max-video-preview":"max-video-preview:-1"},"canonical":"https:\/\/distribuidorcintastesa.es\/fr\/producto\/tesa-62936-34-32\/","og_locale":"fr_FR","og_type":"article","og_title":"Tesa\u00ae 62936 \/ 34 \/ 32","og_description":"Tesa 62936 \/ 34 \/ 32 Mousse PE double face fixation, assemblage, R\u00e9sistant aux intemp\u00e9ries, Adh\u00e9sif avec pouvoir fixation. Disponible online","og_url":"https:\/\/distribuidorcintastesa.es\/fr\/producto\/tesa-62936-34-32\/","og_site_name":"Distribuidor de cintas tesa, cintas tesa, tesa cintas, distribuidor tesa, tesa productos, productos tesa, tesa distribuidores, http:\/\/www.http:\/\/distribuidorcintas3m.es, Mejores ofertas en cintas","article_modified_time":"2021-10-28T14:59:23+00:00","og_image":[{"width":501,"height":501,"url":"https:\/\/distribuidorcintastesa.es\/wp-content\/uploads\/2021\/02\/TESA-62936_1.jpg","type":"image\/jpeg"}],"twitter_card":"summary_large_image","twitter_misc":{"Dur\u00e9e de lecture estim\u00e9e":"4 minutes"},"schema":{"@context":"https:\/\/schema.org","@graph":[{"@type":"WebPage","@id":"https:\/\/distribuidorcintastesa.es\/fr\/producto\/tesa-62936-34-32\/","url":"https:\/\/distribuidorcintastesa.es\/fr\/producto\/tesa-62936-34-32\/","name":"Tesa 62936 \/ 34 \/ 32 Mousse PE double face solution de fixation","isPartOf":{"@id":"https:\/\/distribuidorcintastesa.es\/fr\/#website"},"primaryImageOfPage":{"@id":"https:\/\/distribuidorcintastesa.es\/fr\/producto\/tesa-62936-34-32\/#primaryimage"},"image":{"@id":"https:\/\/distribuidorcintastesa.es\/fr\/producto\/tesa-62936-34-32\/#primaryimage"},"thumbnailUrl":"https:\/\/distribuidorcintastesa.es\/wp-content\/uploads\/2021\/02\/TESA-62936_1.jpg","datePublished":"2021-02-24T16:24:37+00:00","dateModified":"2021-10-28T14:59:23+00:00","description":"Tesa 62936 \/ 34 \/ 32 Mousse PE double face fixation, assemblage, R\u00e9sistant aux intemp\u00e9ries, Adh\u00e9sif avec pouvoir fixation. Disponible online","breadcrumb":{"@id":"https:\/\/distribuidorcintastesa.es\/fr\/producto\/tesa-62936-34-32\/#breadcrumb"},"inLanguage":"fr-FR","potentialAction":[{"@type":"ReadAction","target":["https:\/\/distribuidorcintastesa.es\/fr\/producto\/tesa-62936-34-32\/"]}]},{"@type":"ImageObject","inLanguage":"fr-FR","@id":"https:\/\/distribuidorcintastesa.es\/fr\/producto\/tesa-62936-34-32\/#primaryimage","url":"https:\/\/distribuidorcintastesa.es\/wp-content\/uploads\/2021\/02\/TESA-62936_1.jpg","contentUrl":"https:\/\/distribuidorcintastesa.es\/wp-content\/uploads\/2021\/02\/TESA-62936_1.jpg","width":501,"height":501,"caption":"Tesa 62936 \/ 34 \/ 32"},{"@type":"BreadcrumbList","@id":"https:\/\/distribuidorcintastesa.es\/fr\/producto\/tesa-62936-34-32\/#breadcrumb","itemListElement":[{"@type":"ListItem","position":1,"name":"Portada","item":"https:\/\/distribuidorcintastesa.es\/fr\/"},{"@type":"ListItem","position":2,"name":"Produits","item":"https:\/\/distribuidorcintastesa.es\/fr\/produits\/"},{"@type":"ListItem","position":3,"name":"Tesa\u00ae 62936 \/ 34 \/ 32"}]},{"@type":"WebSite","@id":"https:\/\/distribuidorcintastesa.es\/fr\/#website","url":"https:\/\/distribuidorcintastesa.es\/fr\/","name":"Distribuidor de cintas tesa","description":"Distribuidor de cintas tesa, cintas tesa, tesa cintas, distribuidor tesa, tesa productos, productos tesa, tesa distribuidores, cintas y adhesivos, tesa cinta doble cara, cinta tesa doble cara, adhesivos tesa, cinta antideslizante, velcro tesa, cinta reflectante, tesa supergen, softprint, cinta doble cara tesa, selladores y adhesivos, cintas adhesivas de doble cara, cintas de aluminio, cintas de vinilo para se\u00f1alizaci\u00f3n, cintas de tela americanas, cintas de papel para enmascarar, cintas para embalaje","publisher":{"@id":"https:\/\/distribuidorcintastesa.es\/fr\/#organization"},"potentialAction":[{"@type":"SearchAction","target":{"@type":"EntryPoint","urlTemplate":"https:\/\/distribuidorcintastesa.es\/fr\/?s={search_term_string}"},"query-input":{"@type":"PropertyValueSpecification","valueRequired":true,"valueName":"search_term_string"}}],"inLanguage":"fr-FR"},{"@type":"Organization","@id":"https:\/\/distribuidorcintastesa.es\/fr\/#organization","name":"Distribuidor de cintas tesa","url":"https:\/\/distribuidorcintastesa.es\/fr\/","logo":{"@type":"ImageObject","inLanguage":"fr-FR","@id":"https:\/\/distribuidorcintastesa.es\/fr\/#\/schema\/logo\/image\/","url":"https:\/\/distribuidorcintastesa.es\/wp-content\/uploads\/2022\/10\/logo-espanol-portugues.png","contentUrl":"https:\/\/distribuidorcintastesa.es\/wp-content\/uploads\/2022\/10\/logo-espanol-portugues.png","width":871,"height":142,"caption":"Distribuidor de cintas tesa"},"image":{"@id":"https:\/\/distribuidorcintastesa.es\/fr\/#\/schema\/logo\/image\/"},"sameAs":["https:\/\/muralsrd.com\/","https:\/\/solbi-mural.com\/es\/","https:\/\/distribuidor-cintas-adhesivas.es","https:\/\/www.instagram.com\/solbimural\/?igsh=ZnR6ZmkzZm1ubWhl"]}]}},"_links":{"self":[{"href":"https:\/\/distribuidorcintastesa.es\/fr\/wp-json\/wp\/v2\/product\/2707","targetHints":{"allow":["GET"]}}],"collection":[{"href":"https:\/\/distribuidorcintastesa.es\/fr\/wp-json\/wp\/v2\/product"}],"about":[{"href":"https:\/\/distribuidorcintastesa.es\/fr\/wp-json\/wp\/v2\/types\/product"}],"wp:featuredmedia":[{"embeddable":true,"href":"https:\/\/distribuidorcintastesa.es\/fr\/wp-json\/wp\/v2\/media\/2715"}],"wp:attachment":[{"href":"https:\/\/distribuidorcintastesa.es\/fr\/wp-json\/wp\/v2\/media?parent=2707"}],"wp:term":[{"taxonomy":"product_brand","embeddable":true,"href":"https:\/\/distribuidorcintastesa.es\/fr\/wp-json\/wp\/v2\/product_brand?post=2707"},{"taxonomy":"product_cat","embeddable":true,"href":"https:\/\/distribuidorcintastesa.es\/fr\/wp-json\/wp\/v2\/product_cat?post=2707"},{"taxonomy":"product_tag","embeddable":true,"href":"https:\/\/distribuidorcintastesa.es\/fr\/wp-json\/wp\/v2\/product_tag?post=2707"}],"curies":[{"name":"wp","href":"https:\/\/api.w.org\/{rel}","templated":true}]}}