{"id":2695,"date":"2021-02-23T16:30:39","date_gmt":"2021-02-23T16:30:39","guid":{"rendered":"https:\/\/distribuidorcintastesa.es\/?post_type=product&#038;p=2695"},"modified":"2021-10-28T13:49:13","modified_gmt":"2021-10-28T13:49:13","slug":"tesa-51571","status":"publish","type":"product","link":"https:\/\/distribuidorcintastesa.es\/fr\/producto\/tesa-51571\/","title":{"rendered":"Tesa\u00ae 51571"},"content":{"rendered":"<h4><strong>Tesa\u00ae 51571<\/strong><\/h4>\n<p>Tesa 51571. Ruban adh\u00e9sif double face avec support en fibres non tiss\u00e9es. Utilis\u00e9 pour le montage permanent de mat\u00e9riaux m\u00e9talliques et plastiques, par exemple l&rsquo;aluminium, le PS, le PP ou l&rsquo;ABS. L&rsquo;\u00e9paisse couche d&rsquo;adh\u00e9sif adh\u00e8re bien aux surfaces in\u00e9gales et a une adh\u00e9rence initiale \u00e9lev\u00e9e.<\/p>\n<p>&nbsp;<\/p>\n<p>&#8211; Bonne adh\u00e9rence sur les surfaces souples et in\u00e9gales.<br \/>\n&#8211; Excellente adh\u00e9rence sur les substrats non polaires.<br \/>\n&#8211; Convient aux surfaces in\u00e9gales.<br \/>\n&#8211; Excellente adh\u00e9sivit\u00e9 initiale.<br \/>\n&#8211; Convient pour une utilisation en int\u00e9rieur ou une pr\u00e9-fixation.<\/p>\n<p>&nbsp;<\/p>\n<p><strong>Principales applications<\/strong><br \/>\nConvient pour le montage d&rsquo;\u00e9vaporateurs dans la production de r\u00e9frig\u00e9rateurs et de cong\u00e9lateurs.<br \/>\nPose de tapis<br \/>\nFixation des signaux<br \/>\nAdh\u00e9rence permanente de mat\u00e9riaux tels que l&rsquo;aluminium et le polystyr\u00e8ne<br \/>\n\u00c9pissage de bobines de tissus<br \/>\nLaminage de cuir, textiles et mousse<\/p>\n<p>&nbsp;<\/p>\n<p><img fetchpriority=\"high\" decoding=\"async\" class=\"alignnone wp-image-2699 size-medium\" src=\"https:\/\/distribuidorcintastesa.es\/wp-content\/uploads\/2021\/02\/TESA-51571_2-300x169.jpg\" alt=\"TESA 51571\" width=\"300\" height=\"169\" srcset=\"https:\/\/distribuidorcintastesa.es\/wp-content\/uploads\/2021\/02\/TESA-51571_2-300x169.jpg 300w, https:\/\/distribuidorcintastesa.es\/wp-content\/uploads\/2021\/02\/TESA-51571_2-600x338.jpg 600w, https:\/\/distribuidorcintastesa.es\/wp-content\/uploads\/2021\/02\/TESA-51571_2-64x36.jpg 64w, https:\/\/distribuidorcintastesa.es\/wp-content\/uploads\/2021\/02\/TESA-51571_2.jpg 608w\" sizes=\"(max-width: 300px) 100vw, 300px\" \/><\/p>\n<p><a href=\"https:\/\/www.youtube.com\/watch?v=rmPLDtlDw6I\" target=\"_blank\" rel=\"noopener\">Tesa\u00ae 51571<\/a><\/p>\n<p>&nbsp;<\/p>\n<p><strong> Donn\u00e9es techniques Tesa 51571<\/strong><\/p>\n<table style=\"hauteur: 238px;\" width=\"658\">\n<tbody>\n<tr>\n<td colspan=\"2\" width=\"165\"><strong> Assistance <\/strong><\/td>\n<td width=\"300\">Fibre non tiss\u00e9e<\/td>\n<\/tr>\n<tr>\n<td colspan=\"2\"><strong> \u00c9paisseur totale [\u00b5m] <\/strong><\/td>\n<td>160<\/td>\n<\/tr>\n<tr>\n<td colspan=\"2\"><strong> Adh\u00e9rence \/ acier [N \/ cm] <\/strong><\/td>\n<td>15,6<\/td>\n<\/tr>\n<tr>\n<td colspan=\"2\"><strong> R\u00e9sistance \u00e0 la temp\u00e9rature [\u00b0 C] <\/strong><\/td>\n<td><\/td>\n<\/tr>\n<tr>\n<td><\/td>\n<td><strong> Long terme <\/strong><\/td>\n<td>40<\/td>\n<\/tr>\n<tr>\n<td><\/td>\n<td><strong> Court terme <\/strong><\/td>\n<td>80<\/td>\n<\/tr>\n<\/tbody>\n<\/table>\n<table width=\"675\">\n<tbody>\n<tr>\n<td width=\"131\"><strong>PRODUIT<\/strong><\/td>\n<td width=\"131\"><strong>UNITE<\/strong><\/td>\n<td width=\"151\"><strong>EMBALLAGE<\/strong><\/td>\n<td width=\"131\"><strong>DIMENSIONS<\/strong><\/td>\n<td width=\"131\"><strong>COULEUR<\/strong><\/td>\n<\/tr>\n<tr>\n<td rowspan=\"7\" width=\"131\"><strong>51571<\/strong><\/td>\n<td width=\"131\">Rouleau<\/td>\n<td width=\"151\">64 Rouleaux\/Bo\u00eete<\/td>\n<td width=\"131\">19 mm x 50 mt<\/td>\n<td width=\"131\">Transp.<\/td>\n<\/tr>\n<tr>\n<td width=\"131\">Rouleau<\/td>\n<td width=\"151\">48 Rouleaux\/Bo\u00eete<\/td>\n<td width=\"131\">25 mm x 50 mt<\/td>\n<td width=\"131\">Transp.<\/td>\n<\/tr>\n<tr>\n<td width=\"131\">Rouleau<\/td>\n<td width=\"151\">32 Rouleaux\/Bo\u00eete<\/td>\n<td width=\"131\">38 mm x 50 mt<\/td>\n<td width=\"131\">Transp.<\/td>\n<\/tr>\n<tr>\n<td width=\"131\">Rouleau<\/td>\n<td width=\"151\">24 Rouleaux\/Bo\u00eete<\/td>\n<td width=\"131\">50 mm x 50 mt<\/td>\n<td width=\"131\">Transp.<\/td>\n<\/tr>\n<tr>\n<td width=\"131\">Rouleau<\/td>\n<td width=\"151\">1 Rouleau\/Bo\u00eete<\/td>\n<td width=\"131\">1400 mm x 50 mt\u00a0\u00a0\u00a0\u00a0 (Coupe)<\/td>\n<td width=\"131\">Transp.<\/td>\n<\/tr>\n<tr>\n<td width=\"131\">Rouleau<\/td>\n<td width=\"151\">1 Rouleau\/Bo\u00eete<\/td>\n<td width=\"131\">1400 mm x 50 mt<\/td>\n<td width=\"131\">Transp.<\/td>\n<\/tr>\n<tr>\n<td width=\"131\">Rouleau<\/td>\n<td width=\"151\">1 Rouleau\/Bo\u00eete<\/td>\n<td width=\"131\">19 mm x 2000 mt<\/td>\n<td width=\"131\">Transp.<\/td>\n<\/tr>\n<\/tbody>\n<\/table>\n<p><a href=\"https:\/\/distribuidorcintastesa.es\/fr\/catalogues\/\" target=\"_blank\" rel=\"noopener\">Catalogue TESA<\/a><\/p>\n","protected":false},"excerpt":{"rendered":"<p>Tesa\u00ae 51571 Tesa 51571. Ruban adh\u00e9sif double face avec support en fibres non tiss\u00e9es. Utilis\u00e9 pour le montage permanent de mat\u00e9riaux m\u00e9talliques et plastiques, par exemple l&rsquo;aluminium, le PS, le PP ou l&rsquo;ABS. L&rsquo;\u00e9paisse couche d&rsquo;adh\u00e9sif adh\u00e8re bien aux surfaces in\u00e9gales et a une adh\u00e9rence initiale \u00e9lev\u00e9e. &nbsp; &#8211; Bonne adh\u00e9rence sur les surfaces souples [&hellip;]<\/p>\n","protected":false},"featured_media":2703,"template":"","meta":{"site-sidebar-layout":"default","site-content-layout":"","ast-site-content-layout":"default","site-content-style":"default","site-sidebar-style":"default","ast-global-header-display":"","ast-banner-title-visibility":"","ast-main-header-display":"","ast-hfb-above-header-display":"","ast-hfb-below-header-display":"","ast-hfb-mobile-header-display":"","site-post-title":"","ast-breadcrumbs-content":"","ast-featured-img":"","footer-sml-layout":"","ast-disable-related-posts":"","theme-transparent-header-meta":"","adv-header-id-meta":"","stick-header-meta":"","header-above-stick-meta":"","header-main-stick-meta":"","header-below-stick-meta":"","astra-migrate-meta-layouts":"default","ast-page-background-enabled":"default","ast-page-background-meta":{"desktop":{"background-color":"","background-image":"","background-repeat":"repeat","background-position":"center center","background-size":"auto","background-attachment":"scroll","background-type":"","background-media":"","overlay-type":"","overlay-color":"","overlay-opacity":"","overlay-gradient":""},"tablet":{"background-color":"","background-image":"","background-repeat":"repeat","background-position":"center center","background-size":"auto","background-attachment":"scroll","background-type":"","background-media":"","overlay-type":"","overlay-color":"","overlay-opacity":"","overlay-gradient":""},"mobile":{"background-color":"","background-image":"","background-repeat":"repeat","background-position":"center center","background-size":"auto","background-attachment":"scroll","background-type":"","background-media":"","overlay-type":"","overlay-color":"","overlay-opacity":"","overlay-gradient":""}},"ast-content-background-meta":{"desktop":{"background-color":"var(--ast-global-color-5)","background-image":"","background-repeat":"repeat","background-position":"center center","background-size":"auto","background-attachment":"scroll","background-type":"","background-media":"","overlay-type":"","overlay-color":"","overlay-opacity":"","overlay-gradient":""},"tablet":{"background-color":"var(--ast-global-color-5)","background-image":"","background-repeat":"repeat","background-position":"center center","background-size":"auto","background-attachment":"scroll","background-type":"","background-media":"","overlay-type":"","overlay-color":"","overlay-opacity":"","overlay-gradient":""},"mobile":{"background-color":"var(--ast-global-color-5)","background-image":"","background-repeat":"repeat","background-position":"center center","background-size":"auto","background-attachment":"scroll","background-type":"","background-media":"","overlay-type":"","overlay-color":"","overlay-opacity":"","overlay-gradient":""}}},"product_brand":[],"product_cat":[176,172],"product_tag":[],"class_list":{"0":"post-2695","1":"product","2":"type-product","3":"status-publish","4":"has-post-thumbnail","6":"product_cat-ruban-en-fibre-non-tisse-double-face","7":"product_cat-solutions-de-fixation","8":"desktop-align-center","9":"tablet-align-center","10":"mobile-align-center","12":"first","13":"instock","14":"shipping-taxable","15":"product-type-simple"},"yoast_head":"<!-- This site is optimized with the Yoast SEO Premium plugin v27.2 (Yoast SEO v27.2) - https:\/\/yoast.com\/product\/yoast-seo-premium-wordpress\/ -->\n<title>Tesa 51571 Fibre non tiss\u00e9e double face solution de fixation<\/title>\n<meta name=\"description\" content=\"Tesa 51571 Fibre non tiss\u00e9e double face fixation. surfaces souples et in\u00e9gales, substrats non polaires, surfaces in\u00e9gales. Disponible online\" \/>\n<meta name=\"robots\" content=\"index, follow, max-snippet:-1, max-image-preview:large, max-video-preview:-1\" \/>\n<link rel=\"canonical\" href=\"https:\/\/distribuidorcintastesa.es\/fr\/producto\/tesa-51571\/\" \/>\n<meta property=\"og:locale\" content=\"fr_FR\" \/>\n<meta property=\"og:type\" content=\"article\" \/>\n<meta property=\"og:title\" content=\"Tesa\u00ae 51571\" \/>\n<meta property=\"og:description\" content=\"Tesa 51571 Fibre non tiss\u00e9e double face fixation. surfaces souples et in\u00e9gales, substrats non polaires, surfaces in\u00e9gales. Disponible online\" \/>\n<meta property=\"og:url\" content=\"https:\/\/distribuidorcintastesa.es\/fr\/producto\/tesa-51571\/\" \/>\n<meta property=\"og:site_name\" content=\"Distribuidor de cintas tesa, cintas tesa, tesa cintas, distribuidor tesa, tesa productos, productos tesa, tesa distribuidores, http:\/\/www.http:\/\/distribuidorcintas3m.es, Mejores ofertas en cintas\" \/>\n<meta property=\"article:modified_time\" content=\"2021-10-28T13:49:13+00:00\" \/>\n<meta property=\"og:image\" content=\"https:\/\/distribuidorcintastesa.es\/wp-content\/uploads\/2021\/02\/TESA-51571_1.jpg\" \/>\n\t<meta property=\"og:image:width\" content=\"501\" \/>\n\t<meta property=\"og:image:height\" content=\"501\" \/>\n\t<meta property=\"og:image:type\" content=\"image\/jpeg\" \/>\n<meta name=\"twitter:card\" content=\"summary_large_image\" \/>\n<meta name=\"twitter:label1\" content=\"Dur\u00e9e de lecture estim\u00e9e\" \/>\n\t<meta name=\"twitter:data1\" content=\"2 minutes\" \/>\n<script type=\"application\/ld+json\" class=\"yoast-schema-graph\">{\"@context\":\"https:\/\/schema.org\",\"@graph\":[{\"@type\":\"WebPage\",\"@id\":\"https:\/\/distribuidorcintastesa.es\/fr\/producto\/tesa-51571\/\",\"url\":\"https:\/\/distribuidorcintastesa.es\/fr\/producto\/tesa-51571\/\",\"name\":\"Tesa 51571 Fibre non tiss\u00e9e double face solution de fixation\",\"isPartOf\":{\"@id\":\"https:\/\/distribuidorcintastesa.es\/fr\/#website\"},\"primaryImageOfPage\":{\"@id\":\"https:\/\/distribuidorcintastesa.es\/fr\/producto\/tesa-51571\/#primaryimage\"},\"image\":{\"@id\":\"https:\/\/distribuidorcintastesa.es\/fr\/producto\/tesa-51571\/#primaryimage\"},\"thumbnailUrl\":\"https:\/\/distribuidorcintastesa.es\/wp-content\/uploads\/2021\/02\/TESA-51571_1.jpg\",\"datePublished\":\"2021-02-23T16:30:39+00:00\",\"dateModified\":\"2021-10-28T13:49:13+00:00\",\"description\":\"Tesa 51571 Fibre non tiss\u00e9e double face fixation. surfaces souples et in\u00e9gales, substrats non polaires, surfaces in\u00e9gales. Disponible online\",\"breadcrumb\":{\"@id\":\"https:\/\/distribuidorcintastesa.es\/fr\/producto\/tesa-51571\/#breadcrumb\"},\"inLanguage\":\"fr-FR\",\"potentialAction\":[{\"@type\":\"ReadAction\",\"target\":[\"https:\/\/distribuidorcintastesa.es\/fr\/producto\/tesa-51571\/\"]}]},{\"@type\":\"ImageObject\",\"inLanguage\":\"fr-FR\",\"@id\":\"https:\/\/distribuidorcintastesa.es\/fr\/producto\/tesa-51571\/#primaryimage\",\"url\":\"https:\/\/distribuidorcintastesa.es\/wp-content\/uploads\/2021\/02\/TESA-51571_1.jpg\",\"contentUrl\":\"https:\/\/distribuidorcintastesa.es\/wp-content\/uploads\/2021\/02\/TESA-51571_1.jpg\",\"width\":501,\"height\":501,\"caption\":\"TESA 51571\"},{\"@type\":\"BreadcrumbList\",\"@id\":\"https:\/\/distribuidorcintastesa.es\/fr\/producto\/tesa-51571\/#breadcrumb\",\"itemListElement\":[{\"@type\":\"ListItem\",\"position\":1,\"name\":\"Portada\",\"item\":\"https:\/\/distribuidorcintastesa.es\/fr\/\"},{\"@type\":\"ListItem\",\"position\":2,\"name\":\"Produits\",\"item\":\"https:\/\/distribuidorcintastesa.es\/fr\/produits\/\"},{\"@type\":\"ListItem\",\"position\":3,\"name\":\"Tesa\u00ae 51571\"}]},{\"@type\":\"WebSite\",\"@id\":\"https:\/\/distribuidorcintastesa.es\/fr\/#website\",\"url\":\"https:\/\/distribuidorcintastesa.es\/fr\/\",\"name\":\"Distribuidor de cintas tesa\",\"description\":\"Distribuidor de cintas tesa, cintas tesa, tesa cintas, distribuidor tesa, tesa productos, productos tesa, tesa distribuidores, cintas y adhesivos, tesa cinta doble cara, cinta tesa doble cara, adhesivos tesa, cinta antideslizante, velcro tesa, cinta reflectante, tesa supergen, softprint, cinta doble cara tesa, selladores y adhesivos, cintas adhesivas de doble cara, cintas de aluminio, cintas de vinilo para se\u00f1alizaci\u00f3n, cintas de tela americanas, cintas de papel para enmascarar, cintas para embalaje\",\"publisher\":{\"@id\":\"https:\/\/distribuidorcintastesa.es\/fr\/#organization\"},\"potentialAction\":[{\"@type\":\"SearchAction\",\"target\":{\"@type\":\"EntryPoint\",\"urlTemplate\":\"https:\/\/distribuidorcintastesa.es\/fr\/?s={search_term_string}\"},\"query-input\":{\"@type\":\"PropertyValueSpecification\",\"valueRequired\":true,\"valueName\":\"search_term_string\"}}],\"inLanguage\":\"fr-FR\"},{\"@type\":\"Organization\",\"@id\":\"https:\/\/distribuidorcintastesa.es\/fr\/#organization\",\"name\":\"Distribuidor de cintas tesa\",\"url\":\"https:\/\/distribuidorcintastesa.es\/fr\/\",\"logo\":{\"@type\":\"ImageObject\",\"inLanguage\":\"fr-FR\",\"@id\":\"https:\/\/distribuidorcintastesa.es\/fr\/#\/schema\/logo\/image\/\",\"url\":\"https:\/\/distribuidorcintastesa.es\/wp-content\/uploads\/2022\/10\/logo-espanol-portugues.png\",\"contentUrl\":\"https:\/\/distribuidorcintastesa.es\/wp-content\/uploads\/2022\/10\/logo-espanol-portugues.png\",\"width\":871,\"height\":142,\"caption\":\"Distribuidor de cintas tesa\"},\"image\":{\"@id\":\"https:\/\/distribuidorcintastesa.es\/fr\/#\/schema\/logo\/image\/\"},\"sameAs\":[\"https:\/\/muralsrd.com\/\",\"https:\/\/solbi-mural.com\/es\/\",\"https:\/\/distribuidor-cintas-adhesivas.es\",\"https:\/\/www.instagram.com\/solbimural\/?igsh=ZnR6ZmkzZm1ubWhl\"]}]}<\/script>\n<!-- \/ Yoast SEO Premium plugin. -->","yoast_head_json":{"title":"Tesa 51571 Fibre non tiss\u00e9e double face solution de fixation","description":"Tesa 51571 Fibre non tiss\u00e9e double face fixation. surfaces souples et in\u00e9gales, substrats non polaires, surfaces in\u00e9gales. Disponible online","robots":{"index":"index","follow":"follow","max-snippet":"max-snippet:-1","max-image-preview":"max-image-preview:large","max-video-preview":"max-video-preview:-1"},"canonical":"https:\/\/distribuidorcintastesa.es\/fr\/producto\/tesa-51571\/","og_locale":"fr_FR","og_type":"article","og_title":"Tesa\u00ae 51571","og_description":"Tesa 51571 Fibre non tiss\u00e9e double face fixation. surfaces souples et in\u00e9gales, substrats non polaires, surfaces in\u00e9gales. Disponible online","og_url":"https:\/\/distribuidorcintastesa.es\/fr\/producto\/tesa-51571\/","og_site_name":"Distribuidor de cintas tesa, cintas tesa, tesa cintas, distribuidor tesa, tesa productos, productos tesa, tesa distribuidores, http:\/\/www.http:\/\/distribuidorcintas3m.es, Mejores ofertas en cintas","article_modified_time":"2021-10-28T13:49:13+00:00","og_image":[{"width":501,"height":501,"url":"https:\/\/distribuidorcintastesa.es\/wp-content\/uploads\/2021\/02\/TESA-51571_1.jpg","type":"image\/jpeg"}],"twitter_card":"summary_large_image","twitter_misc":{"Dur\u00e9e de lecture estim\u00e9e":"2 minutes"},"schema":{"@context":"https:\/\/schema.org","@graph":[{"@type":"WebPage","@id":"https:\/\/distribuidorcintastesa.es\/fr\/producto\/tesa-51571\/","url":"https:\/\/distribuidorcintastesa.es\/fr\/producto\/tesa-51571\/","name":"Tesa 51571 Fibre non tiss\u00e9e double face solution de fixation","isPartOf":{"@id":"https:\/\/distribuidorcintastesa.es\/fr\/#website"},"primaryImageOfPage":{"@id":"https:\/\/distribuidorcintastesa.es\/fr\/producto\/tesa-51571\/#primaryimage"},"image":{"@id":"https:\/\/distribuidorcintastesa.es\/fr\/producto\/tesa-51571\/#primaryimage"},"thumbnailUrl":"https:\/\/distribuidorcintastesa.es\/wp-content\/uploads\/2021\/02\/TESA-51571_1.jpg","datePublished":"2021-02-23T16:30:39+00:00","dateModified":"2021-10-28T13:49:13+00:00","description":"Tesa 51571 Fibre non tiss\u00e9e double face fixation. surfaces souples et in\u00e9gales, substrats non polaires, surfaces in\u00e9gales. Disponible online","breadcrumb":{"@id":"https:\/\/distribuidorcintastesa.es\/fr\/producto\/tesa-51571\/#breadcrumb"},"inLanguage":"fr-FR","potentialAction":[{"@type":"ReadAction","target":["https:\/\/distribuidorcintastesa.es\/fr\/producto\/tesa-51571\/"]}]},{"@type":"ImageObject","inLanguage":"fr-FR","@id":"https:\/\/distribuidorcintastesa.es\/fr\/producto\/tesa-51571\/#primaryimage","url":"https:\/\/distribuidorcintastesa.es\/wp-content\/uploads\/2021\/02\/TESA-51571_1.jpg","contentUrl":"https:\/\/distribuidorcintastesa.es\/wp-content\/uploads\/2021\/02\/TESA-51571_1.jpg","width":501,"height":501,"caption":"TESA 51571"},{"@type":"BreadcrumbList","@id":"https:\/\/distribuidorcintastesa.es\/fr\/producto\/tesa-51571\/#breadcrumb","itemListElement":[{"@type":"ListItem","position":1,"name":"Portada","item":"https:\/\/distribuidorcintastesa.es\/fr\/"},{"@type":"ListItem","position":2,"name":"Produits","item":"https:\/\/distribuidorcintastesa.es\/fr\/produits\/"},{"@type":"ListItem","position":3,"name":"Tesa\u00ae 51571"}]},{"@type":"WebSite","@id":"https:\/\/distribuidorcintastesa.es\/fr\/#website","url":"https:\/\/distribuidorcintastesa.es\/fr\/","name":"Distribuidor de cintas tesa","description":"Distribuidor de cintas tesa, cintas tesa, tesa cintas, distribuidor tesa, tesa productos, productos tesa, tesa distribuidores, cintas y adhesivos, tesa cinta doble cara, cinta tesa doble cara, adhesivos tesa, cinta antideslizante, velcro tesa, cinta reflectante, tesa supergen, softprint, cinta doble cara tesa, selladores y adhesivos, cintas adhesivas de doble cara, cintas de aluminio, cintas de vinilo para se\u00f1alizaci\u00f3n, cintas de tela americanas, cintas de papel para enmascarar, cintas para embalaje","publisher":{"@id":"https:\/\/distribuidorcintastesa.es\/fr\/#organization"},"potentialAction":[{"@type":"SearchAction","target":{"@type":"EntryPoint","urlTemplate":"https:\/\/distribuidorcintastesa.es\/fr\/?s={search_term_string}"},"query-input":{"@type":"PropertyValueSpecification","valueRequired":true,"valueName":"search_term_string"}}],"inLanguage":"fr-FR"},{"@type":"Organization","@id":"https:\/\/distribuidorcintastesa.es\/fr\/#organization","name":"Distribuidor de cintas tesa","url":"https:\/\/distribuidorcintastesa.es\/fr\/","logo":{"@type":"ImageObject","inLanguage":"fr-FR","@id":"https:\/\/distribuidorcintastesa.es\/fr\/#\/schema\/logo\/image\/","url":"https:\/\/distribuidorcintastesa.es\/wp-content\/uploads\/2022\/10\/logo-espanol-portugues.png","contentUrl":"https:\/\/distribuidorcintastesa.es\/wp-content\/uploads\/2022\/10\/logo-espanol-portugues.png","width":871,"height":142,"caption":"Distribuidor de cintas tesa"},"image":{"@id":"https:\/\/distribuidorcintastesa.es\/fr\/#\/schema\/logo\/image\/"},"sameAs":["https:\/\/muralsrd.com\/","https:\/\/solbi-mural.com\/es\/","https:\/\/distribuidor-cintas-adhesivas.es","https:\/\/www.instagram.com\/solbimural\/?igsh=ZnR6ZmkzZm1ubWhl"]}]}},"_links":{"self":[{"href":"https:\/\/distribuidorcintastesa.es\/fr\/wp-json\/wp\/v2\/product\/2695","targetHints":{"allow":["GET"]}}],"collection":[{"href":"https:\/\/distribuidorcintastesa.es\/fr\/wp-json\/wp\/v2\/product"}],"about":[{"href":"https:\/\/distribuidorcintastesa.es\/fr\/wp-json\/wp\/v2\/types\/product"}],"wp:featuredmedia":[{"embeddable":true,"href":"https:\/\/distribuidorcintastesa.es\/fr\/wp-json\/wp\/v2\/media\/2703"}],"wp:attachment":[{"href":"https:\/\/distribuidorcintastesa.es\/fr\/wp-json\/wp\/v2\/media?parent=2695"}],"wp:term":[{"taxonomy":"product_brand","embeddable":true,"href":"https:\/\/distribuidorcintastesa.es\/fr\/wp-json\/wp\/v2\/product_brand?post=2695"},{"taxonomy":"product_cat","embeddable":true,"href":"https:\/\/distribuidorcintastesa.es\/fr\/wp-json\/wp\/v2\/product_cat?post=2695"},{"taxonomy":"product_tag","embeddable":true,"href":"https:\/\/distribuidorcintastesa.es\/fr\/wp-json\/wp\/v2\/product_tag?post=2695"}],"curies":[{"name":"wp","href":"https:\/\/api.w.org\/{rel}","templated":true}]}}