{"id":7042,"date":"2023-12-28T20:39:20","date_gmt":"2023-12-28T20:39:20","guid":{"rendered":"https:\/\/distribuidorcintastesa.mytestingweb.com\/legal\/"},"modified":"2023-12-28T20:42:20","modified_gmt":"2023-12-28T20:42:20","slug":"legal","status":"publish","type":"page","link":"https:\/\/distribuidorcintastesa.es\/fr\/legal\/","title":{"rendered":"L\u00e9gal"},"content":{"rendered":"\n<p><strong>Soci\u00e9t\u00e9<\/strong>: SOLBI MURAL, SL<br><strong>VAT<\/strong>: ESB53219374<br><strong>Adresse<\/strong>: Pol\u00edgono Industrial Oeste. Calle Uruguay, Parcela 8\/26 30169 San Gin\u00e9s (Murcia) Espa\u00f1a<\/p>\n\n\n\n<p><strong>Contact<\/strong>: <a href=\"mailto:nathalie@lesbandesadhesives.fr\">nathalie@lesrubansadhesifs.fr<\/a><br><strong>Web<\/strong>: https:\/\/www.lesrubansadhesifs.fr<\/p>\n\n\n\n<p>L\u2019acc\u00e8s et \/ ou l\u2019utilisation est totalement volontaire et attribue \u00e0 la personne qui l\u2019ex\u00e9cute la condition d\u2019UTILISATEUR. Tout UTILISATEUR accepte, \u00e0 partir du moment o\u00f9 il acc\u00e8de, sans aucune r\u00e9serve, le contenu des pr\u00e9sentes \u00ab&nbsp;Conditions G\u00e9n\u00e9rales&nbsp;\u00bb ainsi que, le cas \u00e9ch\u00e9ant, les \u00ab&nbsp;Conditions Particuli\u00e8res&nbsp;\u00bb qui peuvent les compl\u00e9ter, remplacer ou modifier de quelque mani\u00e8re que ce soit en relation avec les services et le contenu. Par cons\u00e9quent, l\u2019UTILISATEUR doit lire attentivement chacune d\u2019entre elles avant d\u2019acc\u00e9der et d\u2019utiliser un service sous son enti\u00e8re responsabilit\u00e9.<br>Dans tous les cas, nous nous r\u00e9servons le droit, \u00e0 tout moment et sans pr\u00e9avis, de refuser l\u2019acc\u00e8s \u00e0 ce site aux utilisateurs qui ne se conforment pas aux pr\u00e9sentes conditions g\u00e9n\u00e9rales ou aux conditions particuli\u00e8res qui leur sont applicables.<\/p>\n\n\n\n<p><strong>Objet et modification des conditions<br><\/strong>Nous offrons aux UTILISATEURS la possibilit\u00e9 de naviguer, d\u2019acc\u00e9der aux contenus et services \u00e0 condition qu\u2019ils le fassent conform\u00e9ment aux dispositions des pr\u00e9sentes CONDITIONS G\u00c9N\u00c9RALES.<br>Dans tous les cas, nous nous r\u00e9servons le droit, \u00e0 tout moment et sans pr\u00e9avis, de modifier ou d\u2019\u00e9liminer le contenu, structure, conception, services et conditions d\u2019acc\u00e8s et \/ ou d\u2019utilisation de ce site, chaque fois que nous le jugerons appropri\u00e9.<\/p>\n\n\n\n<p><strong>Principes g\u00e9n\u00e9raux \u2013 Responsabilit\u00e9 de l\u2019utilisateur<br><\/strong>L\u2019UTILISATEUR est tenu d\u2019utiliser les services et contenus que nous fournissons conform\u00e9ment \u00e0 la l\u00e9gislation en vigueur et aux principes de bonne foi et aux usages g\u00e9n\u00e9ralement reconnus et de ne pas contrevenir \u00e0 l\u2019ordre public via le Web. Par cons\u00e9quent, toute utilisation \u00e0 des fins illicites ou pr\u00e9judiciables, pouvant endommager et \/ ou surcharger, de quelque mani\u00e8re que ce soit, l\u2019utilisation et le fonctionnement normal du Portail, ou toute tentative directe ou indirecte contre celui-ci ou contre un tiers est interdite. .<br>L\u2019utilisateur ne transmettra pas \u00e0 travers du service tout ce qui viole les valeurs et la dignit\u00e9 des personnes, conform\u00e9ment aux normes nationales et internationales pour la protection des droits de l\u2019homme. L\u2019utilisateur s\u2019engage \u00e0 fournir des informations v\u00e9ridiques et exactes sur lui-m\u00eame dans les formulaires d\u2019inscription, le cas \u00e9ch\u00e9ant.<br>De m\u00eame, la reproduction, distribution, transmission, adaptation ou modification, par quelque moyen et sous quelque forme que ce soit, des contenus (textes, dessins, graphismes, informations, bases de donn\u00e9es, fichiers sons et \/ ou images, logos, etc\u2026) et d\u2019autres \u00e9l\u00e9ments est interdite, sauf autorisation pr\u00e9alable de leurs propri\u00e9taires l\u00e9gitimes ou lorsque cela est autoris\u00e9 par la loi.<br>Il est \u00e9galement interdit en ce qui concerne le contenu d\u00e9taill\u00e9 ci-dessus, toute utilisation commerciale ou publicitaire, autre que celle strictement autoris\u00e9e, le cas \u00e9ch\u00e9ant, et la vuln\u00e9rabilit\u00e9, en g\u00e9n\u00e9ral, de tout droit qui en d\u00e9coule.<br>L\u2019existence d\u2019un lien hypertexte n\u2019implique pas l\u2019existence de relations entre nous et le propri\u00e9taire de cette page, ni l\u2019acceptation et l\u2019approbation de ses contenus et services.<br>L\u2019UTILISATEUR sera seul responsable de l\u2019utilisation de ce site et du respect de ces CONDITIONS G\u00c9N\u00c9RALES dans leur int\u00e9gralit\u00e9. Par cons\u00e9quent, l\u2019UTILISATEUR s\u2019engage \u00e0 garder secret, avec la nature des informations confidentielles et r\u00e9serv\u00e9es, leurs mots de passe ou autres donn\u00e9es similaires assign\u00e9s pour acc\u00e9der \u00e0 l\u2019un de leurs services, \u00e9tant responsable de tout dommage de toute nature d\u00e9riv\u00e9 de l\u2019usage abusif fait par lui-m\u00eame ou par des tiers, \u00e0 la fois contre le m\u00eame utilisateur, consid\u00e9rant cela comme une cons\u00e9quence de sa n\u00e9gligence, comme contre nous-m\u00eame, en cons\u00e9quence de la violation des pr\u00e9sentes CONDITIONS G\u00c9N\u00c9RALES.<br>Toute infraction des pr\u00e9sentes CONDITIONS G\u00c9N\u00c9RALES peut entra\u00eener des poursuites civiles ou p\u00e9nales extrajudiciaires ou judiciaires contre l\u2019utilisateur.<\/p>\n\n\n\n<p><strong>Exclusion de garanties et de responsabilit\u00e9<br><\/strong>Nous ne garantissons ni ne sommes responsables, dans tous les cas ou circonstances, des faits et contenus suivants, ni des dommages qui pourraient en d\u00e9couler, le cas \u00e9ch\u00e9ant:<br>\u00b7 Manque de disponibilit\u00e9, continuit\u00e9, acc\u00e8s, maintenance et fonctionnement efficace du Web et \/ ou de ses services et mise \u00e0 jour, exactitude, exhaustivit\u00e9, pertinence, actualit\u00e9 et fiabilit\u00e9 de son contenu, quelle qu\u2019en soit la cause, et difficult\u00e9s ou probl\u00e8mes techniques ou d\u2019une autre nature dans laquelle ces faits ont leur origine.<br>\u00b7 La transmission et \/ ou l\u2019existence de virus, autres \u00e9l\u00e9ments ou programmes nuisibles \u00e0 l\u2019\u00e9quipement des utilisateurs qui pourraient les affecter, suite \u00e0 l\u2019acc\u00e8s, l\u2019utilisation ou l\u2019examen du site, ou produire des alt\u00e9rations dans leurs documents \u00e9lectroniques ou fichiers.<br>\u00b7 De l\u2019utilisation illicite, n\u00e9gligente, frauduleuse, supplantant la personnalit\u00e9 d\u2019un tiers ou contraire au contenu des pr\u00e9sentes conditions g\u00e9n\u00e9rales, \u00e0 la bonne foi, aux usages g\u00e9n\u00e9ralement accept\u00e9s ou \u00e0 l\u2019ordre public, de la Web, \u00e0 ses services et contenus, par les UTILISATEURS<br>\u00b7 Des vuln\u00e9rations ou infractions aux lois, usages en vigueur en mati\u00e8re de droits de propri\u00e9t\u00e9 intellectuelle, propri\u00e9t\u00e9 industrielle, secrets commerciaux ou contractuels, droits de confidentialit\u00e9, honneur, image, propri\u00e9t\u00e9, publicit\u00e9 ou concurrence, entre autres, de tiers.<br>\u00b7 Les vices ou d\u00e9fauts des contenus et \/ ou services accessibles via le Web.<br>\u00b7 Pour la r\u00e9ception, stockage, obtention, diffusion ou transmission par les UTILISATEURS du contenu.<br>\u00b7 Pour la connaissance de toute information qui peut \u00eatre poss\u00e9d\u00e9e ou utilis\u00e9e par des tiers non autoris\u00e9s des caract\u00e9ristiques et des circonstances de l\u2019utilisation des contenus et des services par les UTILISATEURS.<br>\u00b7 Pour le non-respect par des tiers de leurs obligations d\u00e9coulant ou contract\u00e9es en relation avec les services fournis aux UTILISATEURS, ainsi que pour le manque de qualit\u00e9, fiabilit\u00e9, ad\u00e9quation \u00e0 l\u2019offre, l\u00e9galit\u00e9, utilit\u00e9 et disponibilit\u00e9 des services fournis par tiers et mis \u00e0 la disposition des UTILISATEURS sur ce site.<br>L\u2019\u00e9num\u00e9ration ci-dessus est purement \u00e9nonciative et n\u2019est, en aucun cas, exclusive ni excluante dans aucun de ses points. Dans tous les cas, nous excluons toute responsabilit\u00e9 pour les dommages de toute nature d\u00e9coulant directement ou indirectement de ceux-ci et de tout autre dommage non sp\u00e9cifi\u00e9 de caract\u00e9ristiques similaires.<\/p>\n\n\n\n<p><strong>Liens<\/strong><br>Le PORTAIL inclut dans ses contenus des liens avec des sites appartenant et \/ ou g\u00e9r\u00e9s par des tiers afin de faciliter l\u2019acc\u00e8s aux informations disponibles sur Internet.<br>Nous n\u2019assumons aucune responsabilit\u00e9 d\u00e9riv\u00e9e de l\u2019existence de liens entre le contenu de ce site et des contenus situ\u00e9s en dehors de celui-ci ou toute autre mention de contenu externe \u00e0 ce site. Ces liens ou mentions ont un but exclusivement informatif et, en aucun cas, n\u2019impliquent le soutien, approbation, commercialisation ou toute relation entre nous et les personnes ou entit\u00e9s auteur et \/ ou les gestionnaires de ces contenus ou propri\u00e9taires des sites o\u00f9 vous vous trouvez. En ce sens, l\u2019UTILISATEUR s\u2019engage \u00e0 faire preuve de la plus grande diligence et prudence dans le cas d\u2019acc\u00e9der ou d\u2019utiliser des contenus ou services provenant des sites accessibles en vertu des liens susmentionn\u00e9s.<\/p>\n\n\n\n<p><strong>Droits de propri\u00e9t\u00e9 intellectuelle et industrielle<br><\/strong>Les textes, dessins, images, bases de donn\u00e9es, logos, structures, marques et autres \u00e9l\u00e9ments de ce site sont prot\u00e9g\u00e9s par les lois et trait\u00e9s internationaux sur la propri\u00e9t\u00e9 intellectuelle et industrielle. Toute reproduction, transmission, adaptation, traduction, modification, communication public, ou toute autre exploitation de tout ou partie du contenu de ce site, faite de quelque mani\u00e8re ou par quelque moyen que ce soit, \u00e9lectronique, m\u00e9canique ou autre, est strictement interdite sans notre autorisation avant et par \u00e9crit. Toute infraction de ces droits peut entra\u00eener des proc\u00e9dures civiles ou p\u00e9nales extrajudiciaires ou judiciaires applicables. Nous n\u2019accordons aucune licence ou autorisation d\u2019utilisation d\u2019aucune sorte sur vos droits de propri\u00e9t\u00e9 intellectuelle et industrielle ou sur toute autre propri\u00e9t\u00e9 ou droit relatif au Portail, aux services ou \u00e0 son contenu.<br>La l\u00e9gitimit\u00e9 des droits de propri\u00e9t\u00e9 intellectuelle ou industrielle correspondant aux contenus apport\u00e9s par des tiers, rel\u00e8ve de leur responsabilit\u00e9 exclusive.<br>Dans le but de pr\u00e9server les droits de propri\u00e9t\u00e9 intellectuelle \u00e9ventuels, dans le cas o\u00f9 un UTILISATEUR ou un tiers consid\u00e8re qu\u2019une violation de leurs droits l\u00e9gitimes a eu lieu en raison de l\u2019introduction de certains contenus, ils doivent notifier cette circonstance, par \u00e9crit, via les donn\u00e9es de contact indiqu\u00e9es en d\u00e9but de page, indiquant:<br>\u2013 Identification des donn\u00e9es personnelles du titulaire des droits pr\u00e9tendument enfreints. Si la r\u00e9clamation est pr\u00e9sent\u00e9e par un tiers autre que l\u2019int\u00e9ress\u00e9, il doit indiquer la repr\u00e9sentation qu\u2019il d\u00e9tient avec laquelle il agit.<br>\u00b7 Indication du contenu prot\u00e9g\u00e9 par les droits de propri\u00e9t\u00e9 intellectuelle et leur localisation sur le Web.<br>\u00b7 Accr\u00e9ditation de l\u2019existence, de la propri\u00e9t\u00e9 et de la validit\u00e9 des droits de propri\u00e9t\u00e9 intellectuelle susmentionn\u00e9s.<br>\u00b7 D\u00e9claration expresse dans laquelle la partie int\u00e9ress\u00e9e est responsable de la v\u00e9racit\u00e9 des donn\u00e9es et informations fournies dans la notification mentionn\u00e9e dans ce point.<\/p>\n\n\n\n<p><strong>L\u00e9gislation applicable et juridiction<br><\/strong>Ces conditions g\u00e9n\u00e9rales seront r\u00e9gies par la l\u00e9gislation espagnole.<br>Pour toute question ou action r\u00e9sultant de la prestation de services et de contenu, sur l\u2019interpr\u00e9tation, application, conformit\u00e9 ou violation des dispositions des pr\u00e9sentes, les parties, renon\u00e7ant express\u00e9ment \u00e0 toute autre juridiction pouvant s\u2019appliquer, se soumettent \u00e0 la juridiction des cours et tribunaux correspondant \u00e0 la r\u00e9sidence du responsable du Web.<\/p>\n","protected":false},"excerpt":{"rendered":"<p>Soci\u00e9t\u00e9: SOLBI MURAL, SLVAT: ESB53219374Adresse: Pol\u00edgono Industrial Oeste. Calle Uruguay, Parcela 8\/26 30169 San Gin\u00e9s (Murcia) Espa\u00f1a Contact: nathalie@lesrubansadhesifs.frWeb: https:\/\/www.lesrubansadhesifs.fr L\u2019acc\u00e8s et \/ ou l\u2019utilisation est totalement volontaire et attribue \u00e0 la personne qui l\u2019ex\u00e9cute la condition d\u2019UTILISATEUR. Tout UTILISATEUR accepte, \u00e0 partir du moment o\u00f9 il acc\u00e8de, sans aucune r\u00e9serve, le contenu des pr\u00e9sentes [&hellip;]<\/p>\n","protected":false},"author":1,"featured_media":0,"parent":0,"menu_order":0,"comment_status":"closed","ping_status":"closed","template":"","meta":{"site-sidebar-layout":"default","site-content-layout":"","ast-site-content-layout":"default","site-content-style":"default","site-sidebar-style":"default","ast-global-header-display":"","ast-banner-title-visibility":"","ast-main-header-display":"","ast-hfb-above-header-display":"","ast-hfb-below-header-display":"","ast-hfb-mobile-header-display":"","site-post-title":"","ast-breadcrumbs-content":"","ast-featured-img":"","footer-sml-layout":"","ast-disable-related-posts":"","theme-transparent-header-meta":"","adv-header-id-meta":"","stick-header-meta":"","header-above-stick-meta":"","header-main-stick-meta":"","header-below-stick-meta":"","astra-migrate-meta-layouts":"set","ast-page-background-enabled":"default","ast-page-background-meta":{"desktop":{"background-color":"","background-image":"","background-repeat":"repeat","background-position":"center center","background-size":"auto","background-attachment":"scroll","background-type":"","background-media":"","overlay-type":"","overlay-color":"","overlay-opacity":"","overlay-gradient":""},"tablet":{"background-color":"","background-image":"","background-repeat":"repeat","background-position":"center center","background-size":"auto","background-attachment":"scroll","background-type":"","background-media":"","overlay-type":"","overlay-color":"","overlay-opacity":"","overlay-gradient":""},"mobile":{"background-color":"","background-image":"","background-repeat":"repeat","background-position":"center center","background-size":"auto","background-attachment":"scroll","background-type":"","background-media":"","overlay-type":"","overlay-color":"","overlay-opacity":"","overlay-gradient":""}},"ast-content-background-meta":{"desktop":{"background-color":"var(--ast-global-color-5)","background-image":"","background-repeat":"repeat","background-position":"center center","background-size":"auto","background-attachment":"scroll","background-type":"","background-media":"","overlay-type":"","overlay-color":"","overlay-opacity":"","overlay-gradient":""},"tablet":{"background-color":"var(--ast-global-color-5)","background-image":"","background-repeat":"repeat","background-position":"center center","background-size":"auto","background-attachment":"scroll","background-type":"","background-media":"","overlay-type":"","overlay-color":"","overlay-opacity":"","overlay-gradient":""},"mobile":{"background-color":"var(--ast-global-color-5)","background-image":"","background-repeat":"repeat","background-position":"center center","background-size":"auto","background-attachment":"scroll","background-type":"","background-media":"","overlay-type":"","overlay-color":"","overlay-opacity":"","overlay-gradient":""}},"footnotes":""},"class_list":["post-7042","page","type-page","status-publish","hentry"],"yoast_head":"<!-- This site is optimized with the Yoast SEO Premium plugin v27.2 (Yoast SEO v27.2) - https:\/\/yoast.com\/product\/yoast-seo-premium-wordpress\/ -->\n<title>L\u00e9gal - Distribuidor de cintas tesa, cintas tesa, tesa cintas, distribuidor tesa, tesa productos, productos tesa, tesa distribuidores, http:\/\/www.http:\/\/distribuidorcintas3m.es, Mejores ofertas en cintas<\/title>\n<meta name=\"robots\" content=\"index, follow, max-snippet:-1, max-image-preview:large, max-video-preview:-1\" \/>\n<link rel=\"canonical\" href=\"https:\/\/distribuidorcintastesa.es\/fr\/legal\/\" \/>\n<meta property=\"og:locale\" content=\"fr_FR\" \/>\n<meta property=\"og:type\" content=\"article\" \/>\n<meta property=\"og:title\" content=\"L\u00e9gal\" \/>\n<meta property=\"og:description\" content=\"Soci\u00e9t\u00e9: SOLBI MURAL, SLVAT: ESB53219374Adresse: Pol\u00edgono Industrial Oeste. Calle Uruguay, Parcela 8\/26 30169 San Gin\u00e9s (Murcia) Espa\u00f1a Contact: nathalie@lesrubansadhesifs.frWeb: https:\/\/www.lesrubansadhesifs.fr L\u2019acc\u00e8s et \/ ou l\u2019utilisation est totalement volontaire et attribue \u00e0 la personne qui l\u2019ex\u00e9cute la condition d\u2019UTILISATEUR. Tout UTILISATEUR accepte, \u00e0 partir du moment o\u00f9 il acc\u00e8de, sans aucune r\u00e9serve, le contenu des pr\u00e9sentes [&hellip;]\" \/>\n<meta property=\"og:url\" content=\"https:\/\/distribuidorcintastesa.es\/fr\/legal\/\" \/>\n<meta property=\"og:site_name\" content=\"Distribuidor de cintas tesa, cintas tesa, tesa cintas, distribuidor tesa, tesa productos, productos tesa, tesa distribuidores, http:\/\/www.http:\/\/distribuidorcintas3m.es, Mejores ofertas en cintas\" \/>\n<meta property=\"article:modified_time\" content=\"2023-12-28T20:42:20+00:00\" \/>\n<meta name=\"twitter:card\" content=\"summary_large_image\" \/>\n<meta name=\"twitter:label1\" content=\"Dur\u00e9e de lecture estim\u00e9e\" \/>\n\t<meta name=\"twitter:data1\" content=\"7 minutes\" \/>\n<script type=\"application\/ld+json\" class=\"yoast-schema-graph\">{\"@context\":\"https:\/\/schema.org\",\"@graph\":[{\"@type\":\"WebPage\",\"@id\":\"https:\/\/distribuidorcintastesa.es\/fr\/legal\/\",\"url\":\"https:\/\/distribuidorcintastesa.es\/fr\/legal\/\",\"name\":\"L\u00e9gal - Distribuidor de cintas tesa, cintas tesa, tesa cintas, distribuidor tesa, tesa productos, productos tesa, tesa distribuidores, http:\/\/www.http:\/\/distribuidorcintas3m.es, Mejores ofertas en cintas\",\"isPartOf\":{\"@id\":\"https:\/\/distribuidorcintastesa.es\/fr\/#website\"},\"datePublished\":\"2023-12-28T20:39:20+00:00\",\"dateModified\":\"2023-12-28T20:42:20+00:00\",\"breadcrumb\":{\"@id\":\"https:\/\/distribuidorcintastesa.es\/fr\/legal\/#breadcrumb\"},\"inLanguage\":\"fr-FR\",\"potentialAction\":[{\"@type\":\"ReadAction\",\"target\":[\"https:\/\/distribuidorcintastesa.es\/fr\/legal\/\"]}]},{\"@type\":\"BreadcrumbList\",\"@id\":\"https:\/\/distribuidorcintastesa.es\/fr\/legal\/#breadcrumb\",\"itemListElement\":[{\"@type\":\"ListItem\",\"position\":1,\"name\":\"Portada\",\"item\":\"https:\/\/distribuidorcintastesa.es\/fr\/\"},{\"@type\":\"ListItem\",\"position\":2,\"name\":\"L\u00e9gal\"}]},{\"@type\":\"WebSite\",\"@id\":\"https:\/\/distribuidorcintastesa.es\/fr\/#website\",\"url\":\"https:\/\/distribuidorcintastesa.es\/fr\/\",\"name\":\"Distribuidor de cintas tesa\",\"description\":\"Distribuidor de cintas tesa, cintas tesa, tesa cintas, distribuidor tesa, tesa productos, productos tesa, tesa distribuidores, cintas y adhesivos, tesa cinta doble cara, cinta tesa doble cara, adhesivos tesa, cinta antideslizante, velcro tesa, cinta reflectante, tesa supergen, softprint, cinta doble cara tesa, selladores y adhesivos, cintas adhesivas de doble cara, cintas de aluminio, cintas de vinilo para se\u00f1alizaci\u00f3n, cintas de tela americanas, cintas de papel para enmascarar, cintas para embalaje\",\"publisher\":{\"@id\":\"https:\/\/distribuidorcintastesa.es\/fr\/#organization\"},\"potentialAction\":[{\"@type\":\"SearchAction\",\"target\":{\"@type\":\"EntryPoint\",\"urlTemplate\":\"https:\/\/distribuidorcintastesa.es\/fr\/?s={search_term_string}\"},\"query-input\":{\"@type\":\"PropertyValueSpecification\",\"valueRequired\":true,\"valueName\":\"search_term_string\"}}],\"inLanguage\":\"fr-FR\"},{\"@type\":\"Organization\",\"@id\":\"https:\/\/distribuidorcintastesa.es\/fr\/#organization\",\"name\":\"Distribuidor de cintas tesa\",\"url\":\"https:\/\/distribuidorcintastesa.es\/fr\/\",\"logo\":{\"@type\":\"ImageObject\",\"inLanguage\":\"fr-FR\",\"@id\":\"https:\/\/distribuidorcintastesa.es\/fr\/#\/schema\/logo\/image\/\",\"url\":\"https:\/\/distribuidorcintastesa.es\/wp-content\/uploads\/2022\/10\/logo-espanol-portugues.png\",\"contentUrl\":\"https:\/\/distribuidorcintastesa.es\/wp-content\/uploads\/2022\/10\/logo-espanol-portugues.png\",\"width\":871,\"height\":142,\"caption\":\"Distribuidor de cintas tesa\"},\"image\":{\"@id\":\"https:\/\/distribuidorcintastesa.es\/fr\/#\/schema\/logo\/image\/\"},\"sameAs\":[\"https:\/\/muralsrd.com\/\",\"https:\/\/solbi-mural.com\/es\/\",\"https:\/\/distribuidor-cintas-adhesivas.es\",\"https:\/\/www.instagram.com\/solbimural\/?igsh=ZnR6ZmkzZm1ubWhl\"]}]}<\/script>\n<!-- \/ Yoast SEO Premium plugin. -->","yoast_head_json":{"title":"L\u00e9gal - Distribuidor de cintas tesa, cintas tesa, tesa cintas, distribuidor tesa, tesa productos, productos tesa, tesa distribuidores, http:\/\/www.http:\/\/distribuidorcintas3m.es, Mejores ofertas en cintas","robots":{"index":"index","follow":"follow","max-snippet":"max-snippet:-1","max-image-preview":"max-image-preview:large","max-video-preview":"max-video-preview:-1"},"canonical":"https:\/\/distribuidorcintastesa.es\/fr\/legal\/","og_locale":"fr_FR","og_type":"article","og_title":"L\u00e9gal","og_description":"Soci\u00e9t\u00e9: SOLBI MURAL, SLVAT: ESB53219374Adresse: Pol\u00edgono Industrial Oeste. Calle Uruguay, Parcela 8\/26 30169 San Gin\u00e9s (Murcia) Espa\u00f1a Contact: nathalie@lesrubansadhesifs.frWeb: https:\/\/www.lesrubansadhesifs.fr L\u2019acc\u00e8s et \/ ou l\u2019utilisation est totalement volontaire et attribue \u00e0 la personne qui l\u2019ex\u00e9cute la condition d\u2019UTILISATEUR. Tout UTILISATEUR accepte, \u00e0 partir du moment o\u00f9 il acc\u00e8de, sans aucune r\u00e9serve, le contenu des pr\u00e9sentes [&hellip;]","og_url":"https:\/\/distribuidorcintastesa.es\/fr\/legal\/","og_site_name":"Distribuidor de cintas tesa, cintas tesa, tesa cintas, distribuidor tesa, tesa productos, productos tesa, tesa distribuidores, http:\/\/www.http:\/\/distribuidorcintas3m.es, Mejores ofertas en cintas","article_modified_time":"2023-12-28T20:42:20+00:00","twitter_card":"summary_large_image","twitter_misc":{"Dur\u00e9e de lecture estim\u00e9e":"7 minutes"},"schema":{"@context":"https:\/\/schema.org","@graph":[{"@type":"WebPage","@id":"https:\/\/distribuidorcintastesa.es\/fr\/legal\/","url":"https:\/\/distribuidorcintastesa.es\/fr\/legal\/","name":"L\u00e9gal - Distribuidor de cintas tesa, cintas tesa, tesa cintas, distribuidor tesa, tesa productos, productos tesa, tesa distribuidores, http:\/\/www.http:\/\/distribuidorcintas3m.es, Mejores ofertas en cintas","isPartOf":{"@id":"https:\/\/distribuidorcintastesa.es\/fr\/#website"},"datePublished":"2023-12-28T20:39:20+00:00","dateModified":"2023-12-28T20:42:20+00:00","breadcrumb":{"@id":"https:\/\/distribuidorcintastesa.es\/fr\/legal\/#breadcrumb"},"inLanguage":"fr-FR","potentialAction":[{"@type":"ReadAction","target":["https:\/\/distribuidorcintastesa.es\/fr\/legal\/"]}]},{"@type":"BreadcrumbList","@id":"https:\/\/distribuidorcintastesa.es\/fr\/legal\/#breadcrumb","itemListElement":[{"@type":"ListItem","position":1,"name":"Portada","item":"https:\/\/distribuidorcintastesa.es\/fr\/"},{"@type":"ListItem","position":2,"name":"L\u00e9gal"}]},{"@type":"WebSite","@id":"https:\/\/distribuidorcintastesa.es\/fr\/#website","url":"https:\/\/distribuidorcintastesa.es\/fr\/","name":"Distribuidor de cintas tesa","description":"Distribuidor de cintas tesa, cintas tesa, tesa cintas, distribuidor tesa, tesa productos, productos tesa, tesa distribuidores, cintas y adhesivos, tesa cinta doble cara, cinta tesa doble cara, adhesivos tesa, cinta antideslizante, velcro tesa, cinta reflectante, tesa supergen, softprint, cinta doble cara tesa, selladores y adhesivos, cintas adhesivas de doble cara, cintas de aluminio, cintas de vinilo para se\u00f1alizaci\u00f3n, cintas de tela americanas, cintas de papel para enmascarar, cintas para embalaje","publisher":{"@id":"https:\/\/distribuidorcintastesa.es\/fr\/#organization"},"potentialAction":[{"@type":"SearchAction","target":{"@type":"EntryPoint","urlTemplate":"https:\/\/distribuidorcintastesa.es\/fr\/?s={search_term_string}"},"query-input":{"@type":"PropertyValueSpecification","valueRequired":true,"valueName":"search_term_string"}}],"inLanguage":"fr-FR"},{"@type":"Organization","@id":"https:\/\/distribuidorcintastesa.es\/fr\/#organization","name":"Distribuidor de cintas tesa","url":"https:\/\/distribuidorcintastesa.es\/fr\/","logo":{"@type":"ImageObject","inLanguage":"fr-FR","@id":"https:\/\/distribuidorcintastesa.es\/fr\/#\/schema\/logo\/image\/","url":"https:\/\/distribuidorcintastesa.es\/wp-content\/uploads\/2022\/10\/logo-espanol-portugues.png","contentUrl":"https:\/\/distribuidorcintastesa.es\/wp-content\/uploads\/2022\/10\/logo-espanol-portugues.png","width":871,"height":142,"caption":"Distribuidor de cintas tesa"},"image":{"@id":"https:\/\/distribuidorcintastesa.es\/fr\/#\/schema\/logo\/image\/"},"sameAs":["https:\/\/muralsrd.com\/","https:\/\/solbi-mural.com\/es\/","https:\/\/distribuidor-cintas-adhesivas.es","https:\/\/www.instagram.com\/solbimural\/?igsh=ZnR6ZmkzZm1ubWhl"]}]}},"_links":{"self":[{"href":"https:\/\/distribuidorcintastesa.es\/fr\/wp-json\/wp\/v2\/pages\/7042","targetHints":{"allow":["GET"]}}],"collection":[{"href":"https:\/\/distribuidorcintastesa.es\/fr\/wp-json\/wp\/v2\/pages"}],"about":[{"href":"https:\/\/distribuidorcintastesa.es\/fr\/wp-json\/wp\/v2\/types\/page"}],"author":[{"embeddable":true,"href":"https:\/\/distribuidorcintastesa.es\/fr\/wp-json\/wp\/v2\/users\/1"}],"replies":[{"embeddable":true,"href":"https:\/\/distribuidorcintastesa.es\/fr\/wp-json\/wp\/v2\/comments?post=7042"}],"version-history":[{"count":2,"href":"https:\/\/distribuidorcintastesa.es\/fr\/wp-json\/wp\/v2\/pages\/7042\/revisions"}],"predecessor-version":[{"id":7047,"href":"https:\/\/distribuidorcintastesa.es\/fr\/wp-json\/wp\/v2\/pages\/7042\/revisions\/7047"}],"wp:attachment":[{"href":"https:\/\/distribuidorcintastesa.es\/fr\/wp-json\/wp\/v2\/media?parent=7042"}],"curies":[{"name":"wp","href":"https:\/\/api.w.org\/{rel}","templated":true}]}}