{"id":7031,"date":"2023-12-28T20:26:48","date_gmt":"2023-12-28T20:26:48","guid":{"rendered":"https:\/\/distribuidorcintastesa.mytestingweb.com\/politique-des-cookies\/"},"modified":"2023-12-28T20:27:40","modified_gmt":"2023-12-28T20:27:40","slug":"politique-des-cookies","status":"publish","type":"page","link":"https:\/\/distribuidorcintastesa.es\/fr\/politique-des-cookies\/","title":{"rendered":"Politique des Cookies"},"content":{"rendered":"\n<p><strong>Soci\u00e9t\u00e9<\/strong>: SOLBI MURAL, SL<br><strong>VAT<\/strong>: ESB53219374<br><strong>Adresse<\/strong>: Pol\u00edgono Industrial Oeste. Calle Uruguay, Parcela 8\/26 30169 San Gin\u00e9s (Murcia) Espa\u00f1a<\/p>\n\n\n\n<p><strong>Contact<\/strong>: <a href=\"mailto:nathalie@lesbandesadhesives.fr\">nathalie@lesrubansadhesifs.fr<\/a><br><strong>Web<\/strong>: https:\/\/www.lesrubansadhesifs.fr<\/p>\n\n\n\n<p><strong>Qu\u2019est-ce qu\u2019un cookie?<br><\/strong>Ce sont de petits fichiers de donn\u00e9es que le serveur Internet envoie \u00e0 l\u2019ordinateur de l\u2019utilisateur lors de l\u2019acc\u00e8s \u00e0 certaines pages Web et qui sont stock\u00e9s dans la m\u00e9moire de l\u2019utilisateur. Les cookies permettent, entre autres, de stocker et de r\u00e9cup\u00e9rer des informations sur les habitudes de navigation d\u2019un utilisateur ou de son \u00e9quipe, de voir quelles pages sont visit\u00e9es, le temps de connexion, d\u2019analyser le fonctionnement d\u2019une page, etc. Les cookies ne peuvent pas endommager votre appareil et sont \u00e9galement tr\u00e8s utiles, car ils nous aident \u00e0 identifier et \u00e0 r\u00e9soudre les erreurs.<\/p>\n\n\n\n<p><strong>Types de cookies?<br><\/strong>Selon le but pour lequel les donn\u00e9es obtenues via les cookies sont trait\u00e9es, nous pouvons distinguer entre:<br>\u2013 Cookies techniques: ce sont ceux qui permettent \u00e0 l\u2019utilisateur de naviguer \u00e0 travers une page Web, une plate-forme ou une application et l\u2019utilisation des diff\u00e9rentes options ou services qui y existent, tels que le contr\u00f4ler le trafic et la communication de donn\u00e9es, identifier la session, acc\u00e9der aux parties d\u2019acc\u00e8s restreint, rappeler les \u00e9l\u00e9ments qui composent une commande, effectuer le processus d\u2019achat d\u2019une commande, faire la demande d\u2019inscription ou de participation \u00e0 un \u00e9v\u00e9nement, utiliser des \u00e9l\u00e9ments de s\u00e9curit\u00e9 pendant la navigation, stocker du contenu pour la diffuser de vid\u00e9os ou audio ou partager du contenu sur les r\u00e9seaux sociaux.<br>\u2013 Cookies de personnalisation: Ce sont ceux qui permettent \u00e0 l\u2019utilisateur d\u2019acc\u00e9der au service avec certaines caract\u00e9ristiques g\u00e9n\u00e9rales pr\u00e9d\u00e9finies bas\u00e9es sur une s\u00e9rie de crit\u00e8res dans le terminal de l\u2019utilisateur, tels que la langue, le type de navigateur \u00e0 travers lequel l\u2019utilisateur acc\u00e8de au service, la configuration r\u00e9gionale d\u2019o\u00f9 vous acc\u00e9dez au service, etc.<br>\u2013 Cookies d\u2019analyse: Sont ceux qui permettent \u00e0 la personne responsable de ceux-ci, le suivie et l\u2019analyse du comportement des utilisateurs des sites Web auxquels ils sont li\u00e9s. Les informations collect\u00e9es \u00e0 travers ce type de cookies sont utilis\u00e9es dans la mesure de l\u2019activit\u00e9 des sites Web, application ou plateforme et pour l\u2019\u00e9laboration de profils de navigation des utilisateurs desdits sites, applications et plateformes, afin d\u2019apporter des am\u00e9liorations en fonction de l\u2019analyse des donn\u00e9es d\u2019utilisation faite par les utilisateurs du service.<br>\u2013 Cookies publicitaires: Ce sont ceux qui permettent de g\u00e9rer, de la mani\u00e8re la plus efficace possible, les espaces publicitaires que, le cas \u00e9ch\u00e9ant, l\u2019\u00e9diteur a inclus dans une page Web, une application ou une plateforme \u00e0 partir de laquelle le service demand\u00e9 est fourni en fonction des crit\u00e8res tels que le contenu \u00e9dit\u00e9 ou la fr\u00e9quence \u00e0 laquelle les annonces sont affich\u00e9es.<br>\u2013 Cookies de publicit\u00e9 comportementale: Ce sont ceux qui permettent de g\u00e9rer, de la mani\u00e8re la plus efficace possible, les espaces publicitaires que, le cas \u00e9ch\u00e9ant, l\u2019\u00e9diteur a inclus dans une page web, application ou plateforme \u00e0 partir de laquelle il fournit le service demand\u00e9. Ces cookies stockent des informations sur le comportement des utilisateurs obtenues gr\u00e2ce \u00e0 l\u2019observation continue de leurs habitudes de navigation, ce qui permet le d\u00e9veloppement d\u2019un profil sp\u00e9cifique pour afficher de la publicit\u00e9 bas\u00e9e sur celui-ci.<br>\u2013 Autres types de cookies: Ceux-ci seraient tous ceux qui ne sont pas inclus dans ce qui pr\u00e9c\u00e8de.<\/p>\n\n\n\n<p><strong>Quels cookies utilisons-nous?<\/strong><\/p>\n\n\n\n<figure class=\"wp-block-table\"><table><tbody><tr><td>Cookie<\/td><td>Finalit\u00e9 du cookie<\/td><td>Dur\u00e9e<\/td><\/tr><tr><td>Avis<\/td><td>Cookie technique du fonctionnement et contr\u00f4le de la \u00ab&nbsp;politique des cookies&nbsp;\u00bb<\/td><td>1 an<\/td><\/tr><tr><td>PHPSESSID<\/td><td>Cookie technique standard de php pour contr\u00f4ler la maintenance de la session<\/td><td>Session<\/td><\/tr><tr><td>capt<\/td><td>Cookie technique du Captcha dans les formulaires<\/td><td>Session<\/td><\/tr><tr><td>khcookie, SNID, PREF,<br>OGPC, NID<\/td><td>Cookies techniques et de personnalisation dans la visualisation du plan via Google Maps. Plus de d\u00e9tails sur la politique de confidentialit\u00e9 de GA (https:\/\/support.google.com\/analytics\/answer\/6004245?hl=fr)<\/td><td>Plusieurs<\/td><\/tr><\/tbody><\/table><\/figure>\n\n\n\n<p><strong>Cookies de r\u00e9seaux sociaux:<br><\/strong>Les cookies de r\u00e9seaux sociaux peuvent \u00eatre stock\u00e9s dans votre navigateur lorsque vous naviguez sur ce site, par exemple lorsque vous utilisez le bouton pour partager du contenu sur un r\u00e9seau social.<br>Les entreprises qui g\u00e9n\u00e8rent les cookies correspondant aux r\u00e9seaux sociaux ont leurs propres politiques:<br>\u2013 Cookie Twitter, conform\u00e9ment aux dispositions de sa politique de confidentialit\u00e9 et de l\u2019utilisation des cookies. (https:\/\/twitter.com\/fr\/privacy)<br>\u2013 Cookie Linkedin, selon les dispositions de sa politique de cookies (https:\/\/www.linkedin.com\/legal\/cookie-policy?trk=hp-cookies)<br>\u2013 Cookie Facebook, conform\u00e9ment aux dispositions de sa politique de cookies&nbsp; (https:\/\/fr-fr.facebook.com\/policies\/cookies\/)<br>\u2013 Cookie de Google+ et Google Maps, conform\u00e9ment aux dispositions de sa politique dans sa page sur quel type de cookies utilisent. (https:\/\/policies.google.com\/technologies\/types?hl=fr)<\/p>\n\n\n\n<p><strong>CONSENTEMENT ET ACCEPTATION DES COOKIES<br><\/strong>En poursuivant votre navigation sur ce site, vous acceptez express\u00e9ment et d\u00fbment l\u2019utilisation des cookies mentionn\u00e9s ci-dessus, pour les p\u00e9riodes indiqu\u00e9es et dans les conditions contenues dans la pr\u00e9sente Politique de cookies.<\/p>\n\n\n\n<p><strong>Mon consentement est-il n\u00e9cessaire pour implanter des cookies?<br><\/strong>Aucun consentement n\u2019est requis pour l\u2019installation de cookies techniques, de personnalisation, ou ceux qui sont strictement n\u00e9cessaires \u00e0 la prestation d\u2019un service de la soci\u00e9t\u00e9 de l\u2019information express\u00e9ment demand\u00e9 par le destinataire.<br><strong>OUI<\/strong> il est n\u00e9cessaire de demander et d\u2019obtenir votre consentement pour le reste des cookies<\/p>\n\n\n\n<p><strong>Comment g\u00e9rer les cookies sur votre ordinateur: d\u00e9sactivation et suppression des cookies<br><\/strong>Tous les navigateurs Internet vous permettent de limiter le comportement d\u2019un cookie ou de d\u00e9sactiver les cookies dans les param\u00e8tres ou les options du navigateur. Les \u00e9tapes pour le faire sont diff\u00e9rentes pour chaque navigateur, vous pouvez trouver des instructions dans le menu d\u2019aide de votre navigateur.<br>Si vous n\u2019acceptez pas l\u2019utilisation de cookies, comme il est possible gr\u00e2ce aux pr\u00e9f\u00e9rences menus ou param\u00e8tres de votre navigateur, les rejeter, ce site continuera \u00e0 fonctionner correctement sans les utiliser.<br>Vous pouvez autoriser, bloquer ou supprimer les cookies install\u00e9s sur votre ordinateur en configurant les options de navigateur install\u00e9es sur votre ordinateur:<br>Pour plus d\u2019informations sur Internet Explorer, cliquez ici (https:\/\/support.microsoft.com\/fr-fr\/products\/windows?os=windows-7)<br>Pour plus d\u2019informations sur Firefox, cliquez ici&nbsp; (https:\/\/support.mozilla.org\/fr\/kb\/activer-desactiver-cookies-preferences)<br>Pour plus d\u2019informations sur Chrome, cliquez ici&nbsp; (https:\/\/support.google.com\/chrome\/answer\/95647?hl=fr)<br>Pour plus d\u2019informations sur Safari, cliquez ici (https:\/\/support.apple.com\/fr-fr\/HT201265)<\/p>\n\n\n\n<p><strong>Est-ce que nous mettons \u00e0 jour notre politique de cookies?<br><\/strong>Nous pouvons mettre \u00e0 jour la Politique de Cookies de notre site Web en conformit\u00e9 avec les exigences l\u00e9gislatives, r\u00e9glementaires, ou afin d\u2019adapter cette politique aux instructions \u00e9mises par l\u2019Agence Espagnole pour la Protection des Donn\u00e9es, nous recommandons donc de revoir cette politique \u00e0 chaque fois pour acc\u00e9der \u00e0 notre site Web afin d\u2019\u00eatre correctement inform\u00e9 sur comment et pourquoi nous utilisons des cookies.<br>Si vous avez des questions sur cette politique de cookies, vous pouvez nous contacter par tous les moyens propos\u00e9s dans ce document.<\/p>\n","protected":false},"excerpt":{"rendered":"<p>Soci\u00e9t\u00e9: SOLBI MURAL, SLVAT: ESB53219374Adresse: Pol\u00edgono Industrial Oeste. Calle Uruguay, Parcela 8\/26 30169 San Gin\u00e9s (Murcia) Espa\u00f1a Contact: nathalie@lesrubansadhesifs.frWeb: https:\/\/www.lesrubansadhesifs.fr Qu\u2019est-ce qu\u2019un cookie?Ce sont de petits fichiers de donn\u00e9es que le serveur Internet envoie \u00e0 l\u2019ordinateur de l\u2019utilisateur lors de l\u2019acc\u00e8s \u00e0 certaines pages Web et qui sont stock\u00e9s dans la m\u00e9moire de l\u2019utilisateur. Les [&hellip;]<\/p>\n","protected":false},"author":1,"featured_media":0,"parent":0,"menu_order":0,"comment_status":"closed","ping_status":"closed","template":"","meta":{"site-sidebar-layout":"default","site-content-layout":"","ast-site-content-layout":"default","site-content-style":"default","site-sidebar-style":"default","ast-global-header-display":"","ast-banner-title-visibility":"","ast-main-header-display":"","ast-hfb-above-header-display":"","ast-hfb-below-header-display":"","ast-hfb-mobile-header-display":"","site-post-title":"","ast-breadcrumbs-content":"","ast-featured-img":"","footer-sml-layout":"","ast-disable-related-posts":"","theme-transparent-header-meta":"","adv-header-id-meta":"","stick-header-meta":"","header-above-stick-meta":"","header-main-stick-meta":"","header-below-stick-meta":"","astra-migrate-meta-layouts":"set","ast-page-background-enabled":"default","ast-page-background-meta":{"desktop":{"background-color":"","background-image":"","background-repeat":"repeat","background-position":"center center","background-size":"auto","background-attachment":"scroll","background-type":"","background-media":"","overlay-type":"","overlay-color":"","overlay-opacity":"","overlay-gradient":""},"tablet":{"background-color":"","background-image":"","background-repeat":"repeat","background-position":"center center","background-size":"auto","background-attachment":"scroll","background-type":"","background-media":"","overlay-type":"","overlay-color":"","overlay-opacity":"","overlay-gradient":""},"mobile":{"background-color":"","background-image":"","background-repeat":"repeat","background-position":"center center","background-size":"auto","background-attachment":"scroll","background-type":"","background-media":"","overlay-type":"","overlay-color":"","overlay-opacity":"","overlay-gradient":""}},"ast-content-background-meta":{"desktop":{"background-color":"var(--ast-global-color-5)","background-image":"","background-repeat":"repeat","background-position":"center center","background-size":"auto","background-attachment":"scroll","background-type":"","background-media":"","overlay-type":"","overlay-color":"","overlay-opacity":"","overlay-gradient":""},"tablet":{"background-color":"var(--ast-global-color-5)","background-image":"","background-repeat":"repeat","background-position":"center center","background-size":"auto","background-attachment":"scroll","background-type":"","background-media":"","overlay-type":"","overlay-color":"","overlay-opacity":"","overlay-gradient":""},"mobile":{"background-color":"var(--ast-global-color-5)","background-image":"","background-repeat":"repeat","background-position":"center center","background-size":"auto","background-attachment":"scroll","background-type":"","background-media":"","overlay-type":"","overlay-color":"","overlay-opacity":"","overlay-gradient":""}},"footnotes":""},"class_list":["post-7031","page","type-page","status-publish","hentry"],"yoast_head":"<!-- This site is optimized with the Yoast SEO Premium plugin v27.2 (Yoast SEO v27.2) - https:\/\/yoast.com\/product\/yoast-seo-premium-wordpress\/ -->\n<title>Politique des Cookies - Distribuidor de cintas tesa, cintas tesa, tesa cintas, distribuidor tesa, tesa productos, productos tesa, tesa distribuidores, http:\/\/www.http:\/\/distribuidorcintas3m.es, Mejores ofertas en cintas<\/title>\n<meta name=\"robots\" content=\"index, follow, max-snippet:-1, max-image-preview:large, max-video-preview:-1\" \/>\n<link rel=\"canonical\" href=\"https:\/\/distribuidorcintastesa.es\/fr\/politique-des-cookies\/\" \/>\n<meta property=\"og:locale\" content=\"fr_FR\" \/>\n<meta property=\"og:type\" content=\"article\" \/>\n<meta property=\"og:title\" content=\"Politique des Cookies\" \/>\n<meta property=\"og:description\" content=\"Soci\u00e9t\u00e9: SOLBI MURAL, SLVAT: ESB53219374Adresse: Pol\u00edgono Industrial Oeste. Calle Uruguay, Parcela 8\/26 30169 San Gin\u00e9s (Murcia) Espa\u00f1a Contact: nathalie@lesrubansadhesifs.frWeb: https:\/\/www.lesrubansadhesifs.fr Qu\u2019est-ce qu\u2019un cookie?Ce sont de petits fichiers de donn\u00e9es que le serveur Internet envoie \u00e0 l\u2019ordinateur de l\u2019utilisateur lors de l\u2019acc\u00e8s \u00e0 certaines pages Web et qui sont stock\u00e9s dans la m\u00e9moire de l\u2019utilisateur. Les [&hellip;]\" \/>\n<meta property=\"og:url\" content=\"https:\/\/distribuidorcintastesa.es\/fr\/politique-des-cookies\/\" \/>\n<meta property=\"og:site_name\" content=\"Distribuidor de cintas tesa, cintas tesa, tesa cintas, distribuidor tesa, tesa productos, productos tesa, tesa distribuidores, http:\/\/www.http:\/\/distribuidorcintas3m.es, Mejores ofertas en cintas\" \/>\n<meta property=\"article:modified_time\" content=\"2023-12-28T20:27:40+00:00\" \/>\n<meta name=\"twitter:card\" content=\"summary_large_image\" \/>\n<meta name=\"twitter:label1\" content=\"Dur\u00e9e de lecture estim\u00e9e\" \/>\n\t<meta name=\"twitter:data1\" content=\"5 minutes\" \/>\n<script type=\"application\/ld+json\" class=\"yoast-schema-graph\">{\"@context\":\"https:\/\/schema.org\",\"@graph\":[{\"@type\":\"WebPage\",\"@id\":\"https:\/\/distribuidorcintastesa.es\/fr\/politique-des-cookies\/\",\"url\":\"https:\/\/distribuidorcintastesa.es\/fr\/politique-des-cookies\/\",\"name\":\"Politique des Cookies - Distribuidor de cintas tesa, cintas tesa, tesa cintas, distribuidor tesa, tesa productos, productos tesa, tesa distribuidores, http:\/\/www.http:\/\/distribuidorcintas3m.es, Mejores ofertas en cintas\",\"isPartOf\":{\"@id\":\"https:\/\/distribuidorcintastesa.es\/fr\/#website\"},\"datePublished\":\"2023-12-28T20:26:48+00:00\",\"dateModified\":\"2023-12-28T20:27:40+00:00\",\"breadcrumb\":{\"@id\":\"https:\/\/distribuidorcintastesa.es\/fr\/politique-des-cookies\/#breadcrumb\"},\"inLanguage\":\"fr-FR\",\"potentialAction\":[{\"@type\":\"ReadAction\",\"target\":[\"https:\/\/distribuidorcintastesa.es\/fr\/politique-des-cookies\/\"]}]},{\"@type\":\"BreadcrumbList\",\"@id\":\"https:\/\/distribuidorcintastesa.es\/fr\/politique-des-cookies\/#breadcrumb\",\"itemListElement\":[{\"@type\":\"ListItem\",\"position\":1,\"name\":\"Portada\",\"item\":\"https:\/\/distribuidorcintastesa.es\/fr\/\"},{\"@type\":\"ListItem\",\"position\":2,\"name\":\"Politique des Cookies\"}]},{\"@type\":\"WebSite\",\"@id\":\"https:\/\/distribuidorcintastesa.es\/fr\/#website\",\"url\":\"https:\/\/distribuidorcintastesa.es\/fr\/\",\"name\":\"Distribuidor de cintas tesa\",\"description\":\"Distribuidor de cintas tesa, cintas tesa, tesa cintas, distribuidor tesa, tesa productos, productos tesa, tesa distribuidores, cintas y adhesivos, tesa cinta doble cara, cinta tesa doble cara, adhesivos tesa, cinta antideslizante, velcro tesa, cinta reflectante, tesa supergen, softprint, cinta doble cara tesa, selladores y adhesivos, cintas adhesivas de doble cara, cintas de aluminio, cintas de vinilo para se\u00f1alizaci\u00f3n, cintas de tela americanas, cintas de papel para enmascarar, cintas para embalaje\",\"publisher\":{\"@id\":\"https:\/\/distribuidorcintastesa.es\/fr\/#organization\"},\"potentialAction\":[{\"@type\":\"SearchAction\",\"target\":{\"@type\":\"EntryPoint\",\"urlTemplate\":\"https:\/\/distribuidorcintastesa.es\/fr\/?s={search_term_string}\"},\"query-input\":{\"@type\":\"PropertyValueSpecification\",\"valueRequired\":true,\"valueName\":\"search_term_string\"}}],\"inLanguage\":\"fr-FR\"},{\"@type\":\"Organization\",\"@id\":\"https:\/\/distribuidorcintastesa.es\/fr\/#organization\",\"name\":\"Distribuidor de cintas tesa\",\"url\":\"https:\/\/distribuidorcintastesa.es\/fr\/\",\"logo\":{\"@type\":\"ImageObject\",\"inLanguage\":\"fr-FR\",\"@id\":\"https:\/\/distribuidorcintastesa.es\/fr\/#\/schema\/logo\/image\/\",\"url\":\"https:\/\/distribuidorcintastesa.es\/wp-content\/uploads\/2022\/10\/logo-espanol-portugues.png\",\"contentUrl\":\"https:\/\/distribuidorcintastesa.es\/wp-content\/uploads\/2022\/10\/logo-espanol-portugues.png\",\"width\":871,\"height\":142,\"caption\":\"Distribuidor de cintas tesa\"},\"image\":{\"@id\":\"https:\/\/distribuidorcintastesa.es\/fr\/#\/schema\/logo\/image\/\"},\"sameAs\":[\"https:\/\/muralsrd.com\/\",\"https:\/\/solbi-mural.com\/es\/\",\"https:\/\/distribuidor-cintas-adhesivas.es\",\"https:\/\/www.instagram.com\/solbimural\/?igsh=ZnR6ZmkzZm1ubWhl\"]}]}<\/script>\n<!-- \/ Yoast SEO Premium plugin. -->","yoast_head_json":{"title":"Politique des Cookies - Distribuidor de cintas tesa, cintas tesa, tesa cintas, distribuidor tesa, tesa productos, productos tesa, tesa distribuidores, http:\/\/www.http:\/\/distribuidorcintas3m.es, Mejores ofertas en cintas","robots":{"index":"index","follow":"follow","max-snippet":"max-snippet:-1","max-image-preview":"max-image-preview:large","max-video-preview":"max-video-preview:-1"},"canonical":"https:\/\/distribuidorcintastesa.es\/fr\/politique-des-cookies\/","og_locale":"fr_FR","og_type":"article","og_title":"Politique des Cookies","og_description":"Soci\u00e9t\u00e9: SOLBI MURAL, SLVAT: ESB53219374Adresse: Pol\u00edgono Industrial Oeste. Calle Uruguay, Parcela 8\/26 30169 San Gin\u00e9s (Murcia) Espa\u00f1a Contact: nathalie@lesrubansadhesifs.frWeb: https:\/\/www.lesrubansadhesifs.fr Qu\u2019est-ce qu\u2019un cookie?Ce sont de petits fichiers de donn\u00e9es que le serveur Internet envoie \u00e0 l\u2019ordinateur de l\u2019utilisateur lors de l\u2019acc\u00e8s \u00e0 certaines pages Web et qui sont stock\u00e9s dans la m\u00e9moire de l\u2019utilisateur. Les [&hellip;]","og_url":"https:\/\/distribuidorcintastesa.es\/fr\/politique-des-cookies\/","og_site_name":"Distribuidor de cintas tesa, cintas tesa, tesa cintas, distribuidor tesa, tesa productos, productos tesa, tesa distribuidores, http:\/\/www.http:\/\/distribuidorcintas3m.es, Mejores ofertas en cintas","article_modified_time":"2023-12-28T20:27:40+00:00","twitter_card":"summary_large_image","twitter_misc":{"Dur\u00e9e de lecture estim\u00e9e":"5 minutes"},"schema":{"@context":"https:\/\/schema.org","@graph":[{"@type":"WebPage","@id":"https:\/\/distribuidorcintastesa.es\/fr\/politique-des-cookies\/","url":"https:\/\/distribuidorcintastesa.es\/fr\/politique-des-cookies\/","name":"Politique des Cookies - Distribuidor de cintas tesa, cintas tesa, tesa cintas, distribuidor tesa, tesa productos, productos tesa, tesa distribuidores, http:\/\/www.http:\/\/distribuidorcintas3m.es, Mejores ofertas en cintas","isPartOf":{"@id":"https:\/\/distribuidorcintastesa.es\/fr\/#website"},"datePublished":"2023-12-28T20:26:48+00:00","dateModified":"2023-12-28T20:27:40+00:00","breadcrumb":{"@id":"https:\/\/distribuidorcintastesa.es\/fr\/politique-des-cookies\/#breadcrumb"},"inLanguage":"fr-FR","potentialAction":[{"@type":"ReadAction","target":["https:\/\/distribuidorcintastesa.es\/fr\/politique-des-cookies\/"]}]},{"@type":"BreadcrumbList","@id":"https:\/\/distribuidorcintastesa.es\/fr\/politique-des-cookies\/#breadcrumb","itemListElement":[{"@type":"ListItem","position":1,"name":"Portada","item":"https:\/\/distribuidorcintastesa.es\/fr\/"},{"@type":"ListItem","position":2,"name":"Politique des Cookies"}]},{"@type":"WebSite","@id":"https:\/\/distribuidorcintastesa.es\/fr\/#website","url":"https:\/\/distribuidorcintastesa.es\/fr\/","name":"Distribuidor de cintas tesa","description":"Distribuidor de cintas tesa, cintas tesa, tesa cintas, distribuidor tesa, tesa productos, productos tesa, tesa distribuidores, cintas y adhesivos, tesa cinta doble cara, cinta tesa doble cara, adhesivos tesa, cinta antideslizante, velcro tesa, cinta reflectante, tesa supergen, softprint, cinta doble cara tesa, selladores y adhesivos, cintas adhesivas de doble cara, cintas de aluminio, cintas de vinilo para se\u00f1alizaci\u00f3n, cintas de tela americanas, cintas de papel para enmascarar, cintas para embalaje","publisher":{"@id":"https:\/\/distribuidorcintastesa.es\/fr\/#organization"},"potentialAction":[{"@type":"SearchAction","target":{"@type":"EntryPoint","urlTemplate":"https:\/\/distribuidorcintastesa.es\/fr\/?s={search_term_string}"},"query-input":{"@type":"PropertyValueSpecification","valueRequired":true,"valueName":"search_term_string"}}],"inLanguage":"fr-FR"},{"@type":"Organization","@id":"https:\/\/distribuidorcintastesa.es\/fr\/#organization","name":"Distribuidor de cintas tesa","url":"https:\/\/distribuidorcintastesa.es\/fr\/","logo":{"@type":"ImageObject","inLanguage":"fr-FR","@id":"https:\/\/distribuidorcintastesa.es\/fr\/#\/schema\/logo\/image\/","url":"https:\/\/distribuidorcintastesa.es\/wp-content\/uploads\/2022\/10\/logo-espanol-portugues.png","contentUrl":"https:\/\/distribuidorcintastesa.es\/wp-content\/uploads\/2022\/10\/logo-espanol-portugues.png","width":871,"height":142,"caption":"Distribuidor de cintas tesa"},"image":{"@id":"https:\/\/distribuidorcintastesa.es\/fr\/#\/schema\/logo\/image\/"},"sameAs":["https:\/\/muralsrd.com\/","https:\/\/solbi-mural.com\/es\/","https:\/\/distribuidor-cintas-adhesivas.es","https:\/\/www.instagram.com\/solbimural\/?igsh=ZnR6ZmkzZm1ubWhl"]}]}},"_links":{"self":[{"href":"https:\/\/distribuidorcintastesa.es\/fr\/wp-json\/wp\/v2\/pages\/7031","targetHints":{"allow":["GET"]}}],"collection":[{"href":"https:\/\/distribuidorcintastesa.es\/fr\/wp-json\/wp\/v2\/pages"}],"about":[{"href":"https:\/\/distribuidorcintastesa.es\/fr\/wp-json\/wp\/v2\/types\/page"}],"author":[{"embeddable":true,"href":"https:\/\/distribuidorcintastesa.es\/fr\/wp-json\/wp\/v2\/users\/1"}],"replies":[{"embeddable":true,"href":"https:\/\/distribuidorcintastesa.es\/fr\/wp-json\/wp\/v2\/comments?post=7031"}],"version-history":[{"count":2,"href":"https:\/\/distribuidorcintastesa.es\/fr\/wp-json\/wp\/v2\/pages\/7031\/revisions"}],"predecessor-version":[{"id":7033,"href":"https:\/\/distribuidorcintastesa.es\/fr\/wp-json\/wp\/v2\/pages\/7031\/revisions\/7033"}],"wp:attachment":[{"href":"https:\/\/distribuidorcintastesa.es\/fr\/wp-json\/wp\/v2\/media?parent=7031"}],"curies":[{"name":"wp","href":"https:\/\/api.w.org\/{rel}","templated":true}]}}