{"id":1828,"date":"2021-01-28T14:32:06","date_gmt":"2021-01-28T14:32:06","guid":{"rendered":"https:\/\/distribuidorcintastesa.es\/aviso-legal-politica-de-privacidad-politica-de-cookies\/"},"modified":"2023-12-28T20:18:18","modified_gmt":"2023-12-28T20:18:18","slug":"confidentialite","status":"publish","type":"page","link":"https:\/\/distribuidorcintastesa.es\/fr\/confidentialite\/","title":{"rendered":"CONFIDENTIALIT\u00c9"},"content":{"rendered":"\n<p><strong>IDENTIFICATION DES DONN\u00c9ES DU RESPONSABLE DE LA WEB ET TRAITEMENT DES DONN\u00c9ES PERSONNELLES<\/strong><\/p>\n\n\n\n<p><strong>Soci\u00e9t\u00e9<\/strong>: SOLBI MURAL, SL<br><strong>VAT<\/strong>: ESB53219374<br><strong>Adresse<\/strong>: Pol\u00edgono Industrial Oeste. Calle Uruguay, Parcela 8\/26 30169 San Gin\u00e9s (Murcia) Espa\u00f1a<\/p>\n\n\n\n<p><strong>Contact<\/strong>: <a href=\"mailto:nathalie@lesbandesadhesives.fr\">nathalie@lesrubansadhesifs.fr<\/a><br><strong>Web<\/strong>: https:\/\/www.lesrubansadhesifs.fr<\/p>\n\n\n\n<p>Aux fins des dispositions du R\u00e8glement g\u00e9n\u00e9ral sur la protection des donn\u00e9es mentionn\u00e9 ci-dessous, les donn\u00e9es personnelles que l\u2019utilisateur nous envoie \u00e0 travers des formulaires du site Web ou la relation commerciale, recevront le traitement des donn\u00e9es correspondant.<br>Pour le traitement des donn\u00e9es de nos utilisateurs, nous mettons en \u0153uvre toutes les mesures de s\u00e9curit\u00e9 techniques et organisationnelles \u00e9tablies dans la l\u00e9gislation en vigueur.<\/p>\n\n\n\n<p><strong>R\u00e9glementations l\u00e9gales auxquelles ce site est r\u00e9gi:<br><\/strong>Nous avons adapt\u00e9 ce site Web aux exigences de la loi organique 15\/1999, du 13 d\u00e9cembre, Protection des donn\u00e9es personnelles (LOPD), et du d\u00e9cret royal 1720\/2007 du 21 d\u00e9cembre, connu sous le nom de r\u00e8glement de d\u00e9veloppement de la LOPD. Il est \u00e9galement conforme au r\u00e8glement (UE) 2016\/679 du Parlement europ\u00e9en et du Conseil du 27 avril 2016 sur la protection des personnes physiques (RGPD), ainsi qu\u2019\u00e0 la loi 34\/2002 du 11 juillet Services de la soci\u00e9t\u00e9 de l\u2019information et du commerce \u00e9lectronique (LSSICE ou LSSI).<\/p>\n\n\n\n<p><strong>M\u00e9canismes de capture d\u2019informations<br><\/strong>Les donn\u00e9es personnelles que nous collectons et traitons sur ce site proviennent exclusivement de notre formulaire de contact. L\u2019apport des donn\u00e9es personnelles par les utilisateurs sera toujours volontaire et en aucun cas nous ne l\u2019exigerons sans leur consentement pr\u00e9alable. Cependant, la collecte des donn\u00e9es de l\u2019utilisateur peut n\u00e9cessiter la saisie obligatoire de chacun des champs demand\u00e9s dans le formulaire, qui seront marqu\u00e9s de l\u2019ast\u00e9risque correspondant (*).<br>Nous garantissons que les donn\u00e9es personnelles, collect\u00e9es et d\u00fbment stock\u00e9es dans vos fichiers, ne seront pas transf\u00e9r\u00e9es \u00e0 des tiers sans le consentement pr\u00e9alable, express et sans \u00e9quivoque de leurs d\u00e9tenteurs, \u00e0 l\u2019exception des exceptions pr\u00e9vues dans la l\u00e9gislation en vigueur.<\/p>\n\n\n\n<p><strong>Mineurs<br><\/strong>Dans le cas des enfants de moins de treize ans, le consentement des parents ou des tuteurs est requis pour le traitement de leurs donn\u00e9es personnelles.<br>Si vous avez moins de treize ans et que vous avez acc\u00e9d\u00e9 \u00e0 ce site sans en informer vos parents, vous ne devez pas utiliser les formulaires et les syst\u00e8mes de collecte de donn\u00e9es priv\u00e9s.<\/p>\n\n\n\n<p><strong>Droits sur les informations personnelles fournies<br><\/strong>Les droits de protection des donn\u00e9es que vous avez en tant que titulaire ou int\u00e9ress\u00e9 sont:<br>Droit de demander l\u2019acc\u00e8s aux donn\u00e9es personnelles concernant la partie int\u00e9ress\u00e9e<br>Droit de rectification<br>Droit de suppression<br>Droit d\u2019opposition<br>Droit de demander la limitation de votre traitement<br>Droit \u00e0 la portabilit\u00e9 des donn\u00e9es<\/p>\n\n\n\n<p>Vous pouvez exercer vos droits de protection des donn\u00e9es personnelles en adressant une communication \u00e9crite \u00e0 l\u2019adresse de la Soci\u00e9t\u00e9 ou par e-mail, incluant dans les deux cas une photocopie de votre pi\u00e8ce d\u2019identit\u00e9 ou tout autre document d\u2019identification \u00e9quivalent.<br>Les parties int\u00e9ress\u00e9es auront \u00e9galement droit \u00e0 une protection juridictionnelle effective et \u00e0 soumettre une demande aupr\u00e8s de l\u2019autorit\u00e9 de contr\u00f4le, en l\u2019occurrence l\u2019Agence Espagnole de Protection des Donn\u00e9es, si elles consid\u00e8rent que le traitement des donn\u00e9es \u00e0 caract\u00e8re personnel les concernant enfreint le r\u00e8glement.<\/p>\n\n\n\n<p><strong>Objet du traitement des donn\u00e9es personnelles<br><\/strong>Nous traitons uniquement les donn\u00e9es personnelles que vous nous fournissez dans les formulaires du Web et exclusivement dans le but de vous envoyer les informations demand\u00e9es et \/ ou de r\u00e9soudre les doutes ou questions que vous soulevez, et de vous envoyer des communications \u00e9lectroniques li\u00e9es \u00e0 nos activit\u00e9s ou services.<br>\u00c0 cette fin, et pour se conformer \u00e0 ces fins, il est important que vous nous informiez de tous les changements qui peuvent survenir dans vos donn\u00e9es personnelles afin de les garder \u00e0 jour. Sinon, nous ne r\u00e9pondons pas de la v\u00e9racit\u00e9 de ceux-ci.<\/p>\n\n\n\n<p><strong>Base juridique pour le traitement des donn\u00e9es personnelles<br><\/strong>La base l\u00e9gale pour le traitement de vos donn\u00e9es personnelles est le consentement que vous fournissez en acceptant cette politique de confidentialit\u00e9 avant de nous envoyer \/ fournir vos donn\u00e9es.<br>Les informations que nous demandons sont appropri\u00e9es, pertinentes et strictement n\u00e9cessaires et vous n\u2019\u00eates en aucun cas oblig\u00e9s de nous les fournir, mais leur non communication peut affecter l\u2019objet du service ou l\u2019impossibilit\u00e9 de le fournir.<\/p>\n\n\n\n<p><strong>Temps de conservation les donn\u00e9es<br><\/strong>Les donn\u00e9es personnelles fournies seront conserv\u00e9es tant que leur suppression n\u2019est pas demand\u00e9e par l\u2019int\u00e9ress\u00e9.<\/p>\n\n\n\n<p><strong>Destinataires auxquels les donn\u00e9es personnelles seront communiqu\u00e9es<br><\/strong>Aucune donn\u00e9e ne sera communiqu\u00e9e \u00e0 des tiers sauf dans les cas l\u00e9galement pr\u00e9vus.<br>L\u2019Utilisateur est inform\u00e9 que pour la prestation correcte des services Web et Business, les diff\u00e9rents prestataires de services embauch\u00e9s par la Soci\u00e9t\u00e9 (charg\u00e9s du traitement) peuvent avoir acc\u00e8s aux informations personnelles n\u00e9cessaires afin de r\u00e9aliser leurs fonctions. Nous nous r\u00e9f\u00e9rons \u00e0 un exemple non-exclusif: \u00ab&nbsp;Datacenter and Hosting Providers&nbsp;\u00bb, \u00ab&nbsp;enregistrement de domaine&nbsp;\u00bb, \u00ab&nbsp;services de comptabilit\u00e9 et de gestion&nbsp;\u00bb, \u00ab&nbsp;services de gestion bancaire&nbsp;\u00bb, \u00ab&nbsp;taxes et imp\u00f4ts&nbsp;\u00bb \u2026<br>Ces services fournis par des tiers sont n\u00e9cessaires au d\u00e9veloppement de l\u2019activit\u00e9 et, \u00e0 tout moment, le traitement des donn\u00e9es qu\u2019ils effectuent est r\u00e9gi par les m\u00eames r\u00e8gles de protection des donn\u00e9es. En aucun cas, ils ne sont autoris\u00e9s \u00e0 utiliser les informations \u00e0 d\u2019autres fins et ont l\u2019obligation de les traiter conform\u00e9ment aux directives conform\u00e9ment \u00e0 leur politique de confidentialit\u00e9 et aux r\u00e9glementations en vigueur en mati\u00e8re de protection des donn\u00e9es.<br>Dans notre engagement \u00e0 la confidentialit\u00e9 et la protection des donn\u00e9es de l\u2019utilisateur, nous n\u2019embauchons que des fournisseurs de services qui offrent des garanties suffisantes pour appliquer les mesures techniques et organisationnelles appropri\u00e9es, de sorte que le traitement soit conforme \u00e0 la l\u00e9gislation applicable sur la protection des donn\u00e9es et protection des droits de l\u2019utilisateur.<\/p>\n\n\n\n<p><strong>Navigation<br><\/strong>En naviguant sur le Web, vous pouvez collecter des donn\u00e9es non identifiables, qui peuvent inclure, adresses IP, emplacement g\u00e9ographique (aprox.), un registre de la fa\u00e7on dont nos services et sites s\u2019utilisent et d\u2019autres donn\u00e9es qui ne peuvent pas \u00eatre utilis\u00e9es pour identifier l\u2019utilisateur. Parmi les donn\u00e9es non identifiantes, se trouve \u00e9galement celles li\u00e9es \u00e0 vos habitudes de navigation via des services tiers tels que Google Analytics et \/ ou similaires. Nous utilisons ces informations pour analyser les tendances, administrer le site, suivre les mouvements des utilisateurs sur le site et collecter des informations d\u00e9mographiques sur notre base d\u2019utilisateurs dans son ensemble.<\/p>\n\n\n\n<p><strong>Secret et S\u00e9curit\u00e9 des donn\u00e9es<br><\/strong>Nous nous engageons \u00e0 l\u2019utilisation et traitement des donn\u00e9es personnelles des utilisateurs, en respectant leur confidentialit\u00e9 et de les utiliser conform\u00e9ment \u00e0 leur objet, ainsi que de respecter l\u2019obligation de les enregistrer et d\u2019adapter toutes les mesures pour \u00e9viter toute alt\u00e9ration, perte, traitement ou acc\u00e8s non autoris\u00e9 (tels que les protocoles https que nous utilisons), conform\u00e9ment aux dispositions de la r\u00e9glementation en vigueur sur la protection des donn\u00e9es.<br>Nous ne pouvons pas garantir l\u2019infaillibilit\u00e9 absolue du r\u00e9seau Internet et donc la violation des donn\u00e9es par un acc\u00e8s frauduleux par des tiers.<\/p>\n\n\n\n<p><strong>Exactitude et v\u00e9racit\u00e9 des donn\u00e9es<br><\/strong>En tant qu\u2019utilisateur, vous \u00eates seul responsable de la v\u00e9racit\u00e9 et de l\u2019exactitude des donn\u00e9es soumises, nous exon\u00e9rant de toute responsabilit\u00e9 \u00e0 cet \u00e9gard. Les utilisateurs garantissent et r\u00e9pondent, dans tous les cas, l\u2019exactitude, la validit\u00e9 et l\u2019authenticit\u00e9 des donn\u00e9es personnelles fournies, et s\u2019engagent \u00e0 les tenir \u00e0 jour correctement. L\u2019utilisateur s\u2019engage \u00e0 fournir des informations compl\u00e8tes et correctes dans le formulaire de contact ou d\u2019abonnement.<\/p>\n\n\n\n<p><strong>Acceptation et consentement<br><\/strong>L\u2019Utilisateur d\u00e9clare avoir \u00e9t\u00e9 inform\u00e9 des conditions relatives \u00e0 la protection des donn\u00e9es personnelles, acceptant et consentant \u00e0 leur traitement par la Soci\u00e9t\u00e9 de la mani\u00e8re et aux fins indiqu\u00e9es dans cette politique de confidentialit\u00e9.<\/p>\n\n\n\n<p><strong>Changements dans la politique de confidentialit\u00e9<br><\/strong>Nous nous r\u00e9servons le droit de modifier cette politique pour l\u2019adapter aux changements l\u00e9gislatifs ou jurisprudentiels, ainsi qu\u2019aux pratiques de l\u2019industrie.<\/p>\n\n\n\n<p><strong>Courrier commercial<br><\/strong>Selon la LSSICE, nous n\u2019effectuons pas de pratiques de SPAM sur les listes d\u2019e-mails achet\u00e9s ou captur\u00e9s sur Internet. Nous enverrons seulement des communications \u00e0 ceux qui nous ont pr\u00e9c\u00e9demment fourni leurs donn\u00e9es des formulaires Web, en acceptant notre \u00ab&nbsp;politique de confidentialit\u00e9&nbsp;\u00bb. Conform\u00e9ment aux dispositions de la loi 34\/2002 sur les services de la soci\u00e9t\u00e9 de l\u2019information et le commerce \u00e9lectronique, nous nous engageons \u00e0 ne pas envoyer de communications commerciales sans les identifier correctement.<\/p>\n","protected":false},"excerpt":{"rendered":"<p>IDENTIFICATION DES DONN\u00c9ES DU RESPONSABLE DE LA WEB ET TRAITEMENT DES DONN\u00c9ES PERSONNELLES Soci\u00e9t\u00e9: SOLBI MURAL, SLVAT: ESB53219374Adresse: Pol\u00edgono Industrial Oeste. Calle Uruguay, Parcela 8\/26 30169 San Gin\u00e9s (Murcia) Espa\u00f1a Contact: nathalie@lesrubansadhesifs.frWeb: https:\/\/www.lesrubansadhesifs.fr Aux fins des dispositions du R\u00e8glement g\u00e9n\u00e9ral sur la protection des donn\u00e9es mentionn\u00e9 ci-dessous, les donn\u00e9es personnelles que l\u2019utilisateur nous envoie \u00e0 [&hellip;]<\/p>\n","protected":false},"author":1,"featured_media":0,"parent":0,"menu_order":0,"comment_status":"closed","ping_status":"open","template":"","meta":{"site-sidebar-layout":"default","site-content-layout":"","ast-site-content-layout":"default","site-content-style":"default","site-sidebar-style":"default","ast-global-header-display":"","ast-banner-title-visibility":"","ast-main-header-display":"","ast-hfb-above-header-display":"","ast-hfb-below-header-display":"","ast-hfb-mobile-header-display":"","site-post-title":"","ast-breadcrumbs-content":"","ast-featured-img":"","footer-sml-layout":"","ast-disable-related-posts":"","theme-transparent-header-meta":"","adv-header-id-meta":"","stick-header-meta":"","header-above-stick-meta":"","header-main-stick-meta":"","header-below-stick-meta":"","astra-migrate-meta-layouts":"set","ast-page-background-enabled":"default","ast-page-background-meta":{"desktop":{"background-color":"","background-image":"","background-repeat":"repeat","background-position":"center center","background-size":"auto","background-attachment":"scroll","background-type":"","background-media":"","overlay-type":"","overlay-color":"","overlay-opacity":"","overlay-gradient":""},"tablet":{"background-color":"","background-image":"","background-repeat":"repeat","background-position":"center center","background-size":"auto","background-attachment":"scroll","background-type":"","background-media":"","overlay-type":"","overlay-color":"","overlay-opacity":"","overlay-gradient":""},"mobile":{"background-color":"","background-image":"","background-repeat":"repeat","background-position":"center center","background-size":"auto","background-attachment":"scroll","background-type":"","background-media":"","overlay-type":"","overlay-color":"","overlay-opacity":"","overlay-gradient":""}},"ast-content-background-meta":{"desktop":{"background-color":"var(--ast-global-color-5)","background-image":"","background-repeat":"repeat","background-position":"center center","background-size":"auto","background-attachment":"scroll","background-type":"","background-media":"","overlay-type":"","overlay-color":"","overlay-opacity":"","overlay-gradient":""},"tablet":{"background-color":"var(--ast-global-color-5)","background-image":"","background-repeat":"repeat","background-position":"center center","background-size":"auto","background-attachment":"scroll","background-type":"","background-media":"","overlay-type":"","overlay-color":"","overlay-opacity":"","overlay-gradient":""},"mobile":{"background-color":"var(--ast-global-color-5)","background-image":"","background-repeat":"repeat","background-position":"center center","background-size":"auto","background-attachment":"scroll","background-type":"","background-media":"","overlay-type":"","overlay-color":"","overlay-opacity":"","overlay-gradient":""}},"footnotes":""},"class_list":["post-1828","page","type-page","status-publish","hentry"],"yoast_head":"<!-- This site is optimized with the Yoast SEO Premium plugin v27.2 (Yoast SEO v27.2) - https:\/\/yoast.com\/product\/yoast-seo-premium-wordpress\/ -->\n<title>CONFIDENTIALIT\u00c9 - Distribuidor de cintas tesa, cintas tesa, tesa cintas, distribuidor tesa, tesa productos, productos tesa, tesa distribuidores, http:\/\/www.http:\/\/distribuidorcintas3m.es, Mejores ofertas en cintas<\/title>\n<meta name=\"robots\" content=\"index, follow, max-snippet:-1, max-image-preview:large, max-video-preview:-1\" \/>\n<link rel=\"canonical\" href=\"https:\/\/distribuidorcintastesa.es\/fr\/confidentialite\/\" \/>\n<meta property=\"og:locale\" content=\"fr_FR\" \/>\n<meta property=\"og:type\" content=\"article\" \/>\n<meta property=\"og:title\" content=\"CONFIDENTIALIT\u00c9\" \/>\n<meta property=\"og:description\" content=\"IDENTIFICATION DES DONN\u00c9ES DU RESPONSABLE DE LA WEB ET TRAITEMENT DES DONN\u00c9ES PERSONNELLES Soci\u00e9t\u00e9: SOLBI MURAL, SLVAT: ESB53219374Adresse: Pol\u00edgono Industrial Oeste. Calle Uruguay, Parcela 8\/26 30169 San Gin\u00e9s (Murcia) Espa\u00f1a Contact: nathalie@lesrubansadhesifs.frWeb: https:\/\/www.lesrubansadhesifs.fr Aux fins des dispositions du R\u00e8glement g\u00e9n\u00e9ral sur la protection des donn\u00e9es mentionn\u00e9 ci-dessous, les donn\u00e9es personnelles que l\u2019utilisateur nous envoie \u00e0 [&hellip;]\" \/>\n<meta property=\"og:url\" content=\"https:\/\/distribuidorcintastesa.es\/fr\/confidentialite\/\" \/>\n<meta property=\"og:site_name\" content=\"Distribuidor de cintas tesa, cintas tesa, tesa cintas, distribuidor tesa, tesa productos, productos tesa, tesa distribuidores, http:\/\/www.http:\/\/distribuidorcintas3m.es, Mejores ofertas en cintas\" \/>\n<meta property=\"article:modified_time\" content=\"2023-12-28T20:18:18+00:00\" \/>\n<meta name=\"twitter:card\" content=\"summary_large_image\" \/>\n<meta name=\"twitter:label1\" content=\"Dur\u00e9e de lecture estim\u00e9e\" \/>\n\t<meta name=\"twitter:data1\" content=\"7 minutes\" \/>\n<script type=\"application\/ld+json\" class=\"yoast-schema-graph\">{\"@context\":\"https:\/\/schema.org\",\"@graph\":[{\"@type\":\"WebPage\",\"@id\":\"https:\/\/distribuidorcintastesa.es\/fr\/confidentialite\/\",\"url\":\"https:\/\/distribuidorcintastesa.es\/fr\/confidentialite\/\",\"name\":\"CONFIDENTIALIT\u00c9 - Distribuidor de cintas tesa, cintas tesa, tesa cintas, distribuidor tesa, tesa productos, productos tesa, tesa distribuidores, http:\/\/www.http:\/\/distribuidorcintas3m.es, Mejores ofertas en cintas\",\"isPartOf\":{\"@id\":\"https:\/\/distribuidorcintastesa.es\/fr\/#website\"},\"datePublished\":\"2021-01-28T14:32:06+00:00\",\"dateModified\":\"2023-12-28T20:18:18+00:00\",\"breadcrumb\":{\"@id\":\"https:\/\/distribuidorcintastesa.es\/fr\/confidentialite\/#breadcrumb\"},\"inLanguage\":\"fr-FR\",\"potentialAction\":[{\"@type\":\"ReadAction\",\"target\":[\"https:\/\/distribuidorcintastesa.es\/fr\/confidentialite\/\"]}]},{\"@type\":\"BreadcrumbList\",\"@id\":\"https:\/\/distribuidorcintastesa.es\/fr\/confidentialite\/#breadcrumb\",\"itemListElement\":[{\"@type\":\"ListItem\",\"position\":1,\"name\":\"Portada\",\"item\":\"https:\/\/distribuidorcintastesa.es\/fr\/\"},{\"@type\":\"ListItem\",\"position\":2,\"name\":\"CONFIDENTIALIT\u00c9\"}]},{\"@type\":\"WebSite\",\"@id\":\"https:\/\/distribuidorcintastesa.es\/fr\/#website\",\"url\":\"https:\/\/distribuidorcintastesa.es\/fr\/\",\"name\":\"Distribuidor de cintas tesa\",\"description\":\"Distribuidor de cintas tesa, cintas tesa, tesa cintas, distribuidor tesa, tesa productos, productos tesa, tesa distribuidores, cintas y adhesivos, tesa cinta doble cara, cinta tesa doble cara, adhesivos tesa, cinta antideslizante, velcro tesa, cinta reflectante, tesa supergen, softprint, cinta doble cara tesa, selladores y adhesivos, cintas adhesivas de doble cara, cintas de aluminio, cintas de vinilo para se\u00f1alizaci\u00f3n, cintas de tela americanas, cintas de papel para enmascarar, cintas para embalaje\",\"publisher\":{\"@id\":\"https:\/\/distribuidorcintastesa.es\/fr\/#organization\"},\"potentialAction\":[{\"@type\":\"SearchAction\",\"target\":{\"@type\":\"EntryPoint\",\"urlTemplate\":\"https:\/\/distribuidorcintastesa.es\/fr\/?s={search_term_string}\"},\"query-input\":{\"@type\":\"PropertyValueSpecification\",\"valueRequired\":true,\"valueName\":\"search_term_string\"}}],\"inLanguage\":\"fr-FR\"},{\"@type\":\"Organization\",\"@id\":\"https:\/\/distribuidorcintastesa.es\/fr\/#organization\",\"name\":\"Distribuidor de cintas tesa\",\"url\":\"https:\/\/distribuidorcintastesa.es\/fr\/\",\"logo\":{\"@type\":\"ImageObject\",\"inLanguage\":\"fr-FR\",\"@id\":\"https:\/\/distribuidorcintastesa.es\/fr\/#\/schema\/logo\/image\/\",\"url\":\"https:\/\/distribuidorcintastesa.es\/wp-content\/uploads\/2022\/10\/logo-espanol-portugues.png\",\"contentUrl\":\"https:\/\/distribuidorcintastesa.es\/wp-content\/uploads\/2022\/10\/logo-espanol-portugues.png\",\"width\":871,\"height\":142,\"caption\":\"Distribuidor de cintas tesa\"},\"image\":{\"@id\":\"https:\/\/distribuidorcintastesa.es\/fr\/#\/schema\/logo\/image\/\"},\"sameAs\":[\"https:\/\/muralsrd.com\/\",\"https:\/\/solbi-mural.com\/es\/\",\"https:\/\/distribuidor-cintas-adhesivas.es\",\"https:\/\/www.instagram.com\/solbimural\/?igsh=ZnR6ZmkzZm1ubWhl\"]}]}<\/script>\n<!-- \/ Yoast SEO Premium plugin. -->","yoast_head_json":{"title":"CONFIDENTIALIT\u00c9 - Distribuidor de cintas tesa, cintas tesa, tesa cintas, distribuidor tesa, tesa productos, productos tesa, tesa distribuidores, http:\/\/www.http:\/\/distribuidorcintas3m.es, Mejores ofertas en cintas","robots":{"index":"index","follow":"follow","max-snippet":"max-snippet:-1","max-image-preview":"max-image-preview:large","max-video-preview":"max-video-preview:-1"},"canonical":"https:\/\/distribuidorcintastesa.es\/fr\/confidentialite\/","og_locale":"fr_FR","og_type":"article","og_title":"CONFIDENTIALIT\u00c9","og_description":"IDENTIFICATION DES DONN\u00c9ES DU RESPONSABLE DE LA WEB ET TRAITEMENT DES DONN\u00c9ES PERSONNELLES Soci\u00e9t\u00e9: SOLBI MURAL, SLVAT: ESB53219374Adresse: Pol\u00edgono Industrial Oeste. Calle Uruguay, Parcela 8\/26 30169 San Gin\u00e9s (Murcia) Espa\u00f1a Contact: nathalie@lesrubansadhesifs.frWeb: https:\/\/www.lesrubansadhesifs.fr Aux fins des dispositions du R\u00e8glement g\u00e9n\u00e9ral sur la protection des donn\u00e9es mentionn\u00e9 ci-dessous, les donn\u00e9es personnelles que l\u2019utilisateur nous envoie \u00e0 [&hellip;]","og_url":"https:\/\/distribuidorcintastesa.es\/fr\/confidentialite\/","og_site_name":"Distribuidor de cintas tesa, cintas tesa, tesa cintas, distribuidor tesa, tesa productos, productos tesa, tesa distribuidores, http:\/\/www.http:\/\/distribuidorcintas3m.es, Mejores ofertas en cintas","article_modified_time":"2023-12-28T20:18:18+00:00","twitter_card":"summary_large_image","twitter_misc":{"Dur\u00e9e de lecture estim\u00e9e":"7 minutes"},"schema":{"@context":"https:\/\/schema.org","@graph":[{"@type":"WebPage","@id":"https:\/\/distribuidorcintastesa.es\/fr\/confidentialite\/","url":"https:\/\/distribuidorcintastesa.es\/fr\/confidentialite\/","name":"CONFIDENTIALIT\u00c9 - Distribuidor de cintas tesa, cintas tesa, tesa cintas, distribuidor tesa, tesa productos, productos tesa, tesa distribuidores, http:\/\/www.http:\/\/distribuidorcintas3m.es, Mejores ofertas en cintas","isPartOf":{"@id":"https:\/\/distribuidorcintastesa.es\/fr\/#website"},"datePublished":"2021-01-28T14:32:06+00:00","dateModified":"2023-12-28T20:18:18+00:00","breadcrumb":{"@id":"https:\/\/distribuidorcintastesa.es\/fr\/confidentialite\/#breadcrumb"},"inLanguage":"fr-FR","potentialAction":[{"@type":"ReadAction","target":["https:\/\/distribuidorcintastesa.es\/fr\/confidentialite\/"]}]},{"@type":"BreadcrumbList","@id":"https:\/\/distribuidorcintastesa.es\/fr\/confidentialite\/#breadcrumb","itemListElement":[{"@type":"ListItem","position":1,"name":"Portada","item":"https:\/\/distribuidorcintastesa.es\/fr\/"},{"@type":"ListItem","position":2,"name":"CONFIDENTIALIT\u00c9"}]},{"@type":"WebSite","@id":"https:\/\/distribuidorcintastesa.es\/fr\/#website","url":"https:\/\/distribuidorcintastesa.es\/fr\/","name":"Distribuidor de cintas tesa","description":"Distribuidor de cintas tesa, cintas tesa, tesa cintas, distribuidor tesa, tesa productos, productos tesa, tesa distribuidores, cintas y adhesivos, tesa cinta doble cara, cinta tesa doble cara, adhesivos tesa, cinta antideslizante, velcro tesa, cinta reflectante, tesa supergen, softprint, cinta doble cara tesa, selladores y adhesivos, cintas adhesivas de doble cara, cintas de aluminio, cintas de vinilo para se\u00f1alizaci\u00f3n, cintas de tela americanas, cintas de papel para enmascarar, cintas para embalaje","publisher":{"@id":"https:\/\/distribuidorcintastesa.es\/fr\/#organization"},"potentialAction":[{"@type":"SearchAction","target":{"@type":"EntryPoint","urlTemplate":"https:\/\/distribuidorcintastesa.es\/fr\/?s={search_term_string}"},"query-input":{"@type":"PropertyValueSpecification","valueRequired":true,"valueName":"search_term_string"}}],"inLanguage":"fr-FR"},{"@type":"Organization","@id":"https:\/\/distribuidorcintastesa.es\/fr\/#organization","name":"Distribuidor de cintas tesa","url":"https:\/\/distribuidorcintastesa.es\/fr\/","logo":{"@type":"ImageObject","inLanguage":"fr-FR","@id":"https:\/\/distribuidorcintastesa.es\/fr\/#\/schema\/logo\/image\/","url":"https:\/\/distribuidorcintastesa.es\/wp-content\/uploads\/2022\/10\/logo-espanol-portugues.png","contentUrl":"https:\/\/distribuidorcintastesa.es\/wp-content\/uploads\/2022\/10\/logo-espanol-portugues.png","width":871,"height":142,"caption":"Distribuidor de cintas tesa"},"image":{"@id":"https:\/\/distribuidorcintastesa.es\/fr\/#\/schema\/logo\/image\/"},"sameAs":["https:\/\/muralsrd.com\/","https:\/\/solbi-mural.com\/es\/","https:\/\/distribuidor-cintas-adhesivas.es","https:\/\/www.instagram.com\/solbimural\/?igsh=ZnR6ZmkzZm1ubWhl"]}]}},"_links":{"self":[{"href":"https:\/\/distribuidorcintastesa.es\/fr\/wp-json\/wp\/v2\/pages\/1828","targetHints":{"allow":["GET"]}}],"collection":[{"href":"https:\/\/distribuidorcintastesa.es\/fr\/wp-json\/wp\/v2\/pages"}],"about":[{"href":"https:\/\/distribuidorcintastesa.es\/fr\/wp-json\/wp\/v2\/types\/page"}],"author":[{"embeddable":true,"href":"https:\/\/distribuidorcintastesa.es\/fr\/wp-json\/wp\/v2\/users\/1"}],"replies":[{"embeddable":true,"href":"https:\/\/distribuidorcintastesa.es\/fr\/wp-json\/wp\/v2\/comments?post=1828"}],"version-history":[{"count":3,"href":"https:\/\/distribuidorcintastesa.es\/fr\/wp-json\/wp\/v2\/pages\/1828\/revisions"}],"predecessor-version":[{"id":7022,"href":"https:\/\/distribuidorcintastesa.es\/fr\/wp-json\/wp\/v2\/pages\/1828\/revisions\/7022"}],"wp:attachment":[{"href":"https:\/\/distribuidorcintastesa.es\/fr\/wp-json\/wp\/v2\/media?parent=1828"}],"curies":[{"name":"wp","href":"https:\/\/api.w.org\/{rel}","templated":true}]}}